{"id":33912,"date":"2021-07-21T10:08:26","date_gmt":"2021-07-21T13:08:26","guid":{"rendered":"https:\/\/www.artico.com.br\/?page_id=33912"},"modified":"2025-06-27T08:33:59","modified_gmt":"2025-06-27T11:33:59","slug":"contato_especificador_artico","status":"publish","type":"page","link":"https:\/\/www.artico.com.br\/es\/contato_especificador_artico\/","title":{"rendered":"Contato especificador\/arquiteto artico"},"content":{"rendered":"<div id=\"vc_row-69e9e6d70e833\" class=\"vc_row wpb_row vc_row-fluid thegem-custom-69e9e6d70e8267875\"><div class=\"wpb_column vc_column_container vc_col-sm-12 thegem-custom-69e9e6d70e9535431\"><div class=\"vc_column-inner thegem-custom-inner-69e9e6d70e954\"><style>\n.thegem-template-wrapper .wpb_wrapper.thegem-custom-69e9e6d70e9535431{display: flex !important;}.thegem-template-wrapper .wpb_wrapper.thegem-custom-69e9e6d70e9535431{align-items: center !important;}.thegem-template-wrapper .wpb_wrapper.thegem-custom-69e9e6d70e9535431{justify-content: flex-start !important;}.thegem-template-wrapper .wpb_wrapper.thegem-custom-69e9e6d70e9535431{flex-direction: row !important;}.thegem-template-wrapper .wpb_wrapper.thegem-custom-69e9e6d70e9535431{flex-wrap: wrap !important;}<\/style><div class=\"wpb_wrapper thegem-custom-69e9e6d70e9535431\"><div id=\"custom-header-69e9e6d70ec2c\" class=\"custom-header gem-custom-header-icon-position-centered   fullwidth-block clearfix\" style=\"background-image: url(https:\/\/www.artico.com.br\/wp-content\/uploads\/2025\/06\/preto.png);background-repeat: repeat;padding-left: 21px; padding-right: 21px;\"><script type=\"text\/javascript\">if (typeof(gem_fix_fullwidth_position) == \"function\") { gem_fix_fullwidth_position(document.getElementById(\"custom-header-69e9e6d70ec2c\")); }<\/script><div class=\"gem-icon gem-icon-pack-material gem-icon-size-xlarge  gem-icon-shape-circle gem-simple-icon\" style=\"opacity:1;margin-top: 100px;\"><div class=\"gem-icon-inner\" style=\"\"><span class=\"gem-icon-half-1\" style=\"color: #000000;\"><span class=\"back-angle\">&#x;<\/span><\/span><span class=\"gem-icon-half-2\" style=\"color: #000000;\"><span class=\"back-angle\">&#x;<\/span><\/span><\/div><\/div>\r\n\t\t\t<div class=\"gem-custom-header-conteiner\"><div style=\"\" class=\"custom-header-title\"><span style=\" max-width:900px;\"><\/p>\n<div class=\"title-xlarge\" style=\"text-align: center;\"><span style=\"color: #ffffff;\"><span class=\"light\">A MELHOR PARCEIRA PARA<\/span> O SEU PROJETO SOB MEDIDA<br \/>\n<\/span><\/div>\n<p><\/span><\/div><div class=\"custom-header-subtitle styled-subtitle\" style=\"padding-bottom:155px;\"><span class=\"light\" style=\"max-width:900px; color:#ffffff; \">Suporte completo para arquitetas e arquitetos<\/span><\/div><div class=\"breadcrumbs\"><span><a href=\"https:\/\/www.artico.com.br\/es\/\" itemprop=\"url\"><span itemprop=\"title\">Home<\/span><\/a><\/span><\/div><!-- .breadcrumbs --><\/div><\/div><div class=\"clearboth\"><\/div><div class=\"gem-divider\" style=\"margin-top: 104px;\"><\/div><\/div><\/div><\/div><\/div><div id=\"vc_row-69e9e6d70eeb1\" class=\"vc_row wpb_row vc_row-fluid thegem-custom-69e9e6d70eeaa2568\"><div class=\"wpb_column vc_column_container vc_col-sm-12 thegem-custom-69e9e6d70efe14480\"><div class=\"vc_column-inner thegem-custom-inner-69e9e6d70efe2\"><style>\n.thegem-template-wrapper .wpb_wrapper.thegem-custom-69e9e6d70efe14480{display: flex !important;}.thegem-template-wrapper .wpb_wrapper.thegem-custom-69e9e6d70efe14480{align-items: center !important;}.thegem-template-wrapper .wpb_wrapper.thegem-custom-69e9e6d70efe14480{justify-content: flex-start !important;}.thegem-template-wrapper .wpb_wrapper.thegem-custom-69e9e6d70efe14480{flex-direction: row !important;}.thegem-template-wrapper .wpb_wrapper.thegem-custom-69e9e6d70efe14480{flex-wrap: wrap !important;}<\/style><div class=\"wpb_wrapper thegem-custom-69e9e6d70efe14480\">\r\n\t\r\n\t\t<div class=\"wpb_text_column wpb_content_element  thegem-vc-text thegem-custom-69e9e6d70f1133623\"  >\r\n\t\t\t<div class=\"wpb_wrapper\">\r\n\t\t\t\t<div class=\"title-h1\" style=\"text-align: center;\"><span class=\"light\">Preencha o Formul\u00e1rio<\/span><\/div>\n\r\n\t\t\t<\/div>\r\n\t\t<\/div>\r\n\t\r\n\r\n\t<div class=\"wpb_raw_code wpb_content_element wpb_raw_html\" >\r\n\t\t<div class=\"wpb_wrapper\">\r\n\t\t\t<div id=\"formulario_normal\">\n\t<div class=\"col-md-6\">\n\t\t\t\n\t\t<div class=\"form-group\">\n\t\t\t<label for=\"exampleInputEmail1\">Nome do escritorio<\/label>\n\t\t\t<input type=\"text\" class=\"form-control\" id=\"nome_empresa\" name=\"nome_empresa\" placeholder=\"Digite o nome do escritorio\"\/>\n\t\t<\/div>\n\t\t<div class=\"form-group\">\n\t\t\t<label for=\"exampleInputEmail1\">CNPJ\/CPF<\/label>\n\t\t\t<input type=\"text\" class=\"form-control\" id=\"cnpj\" name=\"cnpj\" placeholder=\"Digite o CNPJ\/CPF\"\/>\n\t\t<\/div>\n\t\t<div class=\"form-group\">\n\t\t\t<label for=\"exampleInputEmail1\">Telefone<\/label>\n\t\t\t<input type=\"text\" class=\"form-control\" id=\"numero_telefone\" placeholder=\"Digite o n\u00famero de telefone\"\/>\n\t\t<\/div>\n\t<\/div>\n\t<div class=\"col-md-6\">\n\n\t\t<div class=\"form-group\">\n\t\t\t<label for=\"exampleInputEmail1\">Respons\u00e1vel<\/label>\n\t\t\t<input type=\"text\" class=\"form-control\" id=\"nome_responsavel\" placeholder=\"Nome do respons\u00e1vel\"\/>\n\t\t<\/div>\n\t\t\n\t\t<div class=\"form-group\">\n\t\t\t<label for=\"exampleInputEmail1\">Email<\/label>\n\t\t\t<input type=\"text\" class=\"form-control\" id=\"email_contato\" aria-describedby=\"emailHelp\" placeholder=\"Digite o e-mail\"\/>\n\t\t<\/div>\n\t\t\n\t<\/div>\n\t\n\t<\/br>\n\t\n\t<div class=\"\" id=\"endereco_form\">\n\t\n\t\t<div class=\"col-md-6\">\n\t\t\t<div class=\"form-group\">\n\t\t\t\t<label for=\"exampleInputEmail1\">Cidade<\/label>\n\t\t\t\t<input type=\"text\" class=\"form-control\" id=\"cidade_contato\" placeholder=\"Digite sua cidade\"\/>\n\t\t\t<\/div>\n\t\t<\/div>\n\t\t<div class=\"col-md-6\">\n\t\t\t<div class=\"form-group\">\n\t\t\t\t<label for=\"exampleInputEmail1\">Estado<\/label>\n\t\t\t\t<select class=\"form-control\" id=\"uf_contato\">\n\t\t\t\t\t<option value=\"AC\">Acre<\/option><option value=\"AL\">Alagoas<\/option><option value=\"AM\">Amazonas<\/option><option value=\"AP\">Amap\u00e1<\/option><option value=\"BA\">Bahia<\/option><option value=\"CE\">Cear\u00e1<\/option><option value=\"DF\">Distrito Federal<\/option><option value=\"ES\">Esp\u00edrito Santo<\/option><option value=\"GO\">Goi\u00e1s<\/option><option value=\"MA\">Maranh\u00e3o<\/option><option value=\"MG\">Minas Gerais<\/option><option value=\"MS\">Mato Grosso do Sul<\/option><option value=\"MT\">Mato Grosso<\/option><option value=\"PA\">Par\u00e1<\/option><option value=\"PB\">Para\u00edba<\/option><option value=\"PE\">Pernambuco<\/option><option value=\"PI\">Piau\u00ed<\/option><option value=\"PR\">Paran\u00e1<\/option><option value=\"RJ\">Rio de Janeiro<\/option><option value=\"RN\">Rio Grande do Norte<\/option><option value=\"RO\">Rond\u00f4nia<\/option><option value=\"RR\">Roraima<\/option><option value=\"RS\">Rio Grande do Sul<\/option><option value=\"SC\">Santa Catarina<\/option><option value=\"SP\">S\u00e3o Paulo<\/option><option value=\"SE\">Sergipe<\/option><option value=\"TO\">Tocantins<\/option>\n\t\t\t\t<\/select>\n\t\t\t<\/div>\n\t\t<\/div>\n\n\t<\/div>\t\n\t\n\t<div class=\"col-md-12\">\n\t\t<div class=\"form-group\">\n\t\t\t<label>Observa\u00e7\u00f5es<\/label>\n\t\t\t<textarea name=\"mensagem_contato\" id=\"mensagem_contato\" class=\"form-control\" style=\"height: 100px;\"><\/textarea>\n\t\t<\/div>\n\t<\/div>\n\t\n\t<div class=\"col-md-12\">\n\t\t\n\t\t<input type=\"checkbox\" id=\"checkbox_projeto\" value=\"1\"> J\u00e1 tenho projeto em andamento.<\/br>\n\t\t\n\t\t<input type=\"checkbox\" id=\"checkbox_contato\"> Ao enviar o contato eu aceito a <a href=\"https:\/\/www.artico.com.br\/es\/politica-de-privacidade\/\" target=\"_blank\">Pol\u00edtica de privacidade.<\/a><\/br>\n\t\t\n\t\t<button type=\"button\" class=\"btn btn-primary btn-lg\" id=\"enviar_contato\"  style=\"margin-top: 20px;background-color: #000 !important;border-color: #000 !important;color: #FFF;\">Enviar<\/button>\n\t\t\n\t<\/div>\n\t\n\t<div class=\"col-md-12\">\n\t\t<div class=\"espaco_div\"><\/div>\n\t<\/div>\n\t\n<\/div>\n\n<style>\n.form-control {\n    display: block !important;\n    width: 100% !important;\n    padding: .375rem .75rem !important;\n    font-size: 1rem !important;\n    line-height: 1.5 !important;\n    color: #495057 !important;\n    background-color: #fff !important;\n    background-clip: padding-box !important;\n    border: 1px solid #ced4da !important;\n    border-radius: .25rem !important;\n    transition: border-color .15s ease-in-out,box-shadow .15s ease-in-out !important;\n\tfont-size: 15px !important;\n}\n.form-group {\n    margin-bottom: 1rem;\n}\n@media (min-width: 992px)\n.col-md-6 {\n    width: 50%;\n}\n@media (min-width: 992px)\n.col-md-1, .col-md-10, .col-md-11, .col-md-12, .col-md-2, .col-md-3, .col-md-4, .col-md-5, .col-md-6, .col-md-7, .col-md-8, .col-md-9 {\n    float: left;\n}\n.col-lg-1, .col-lg-10, .col-lg-11, .col-lg-12, .col-lg-2, .col-lg-3, .col-lg-4, .col-lg-5, .col-lg-6, .col-lg-7, .col-lg-8, .col-lg-9, .col-md-1, .col-md-10, .col-md-11, .col-md-12, .col-md-2, .col-md-3, .col-md-4, .col-md-5, .col-md-6, .col-md-7, .col-md-8, .col-md-9, .col-sm-1, .col-sm-10, .col-sm-11, .col-sm-12, .col-sm-2, .col-sm-3, .col-sm-4, .col-sm-5, .col-sm-6, .col-sm-7, .col-sm-8, .col-sm-9, .col-xs-1, .col-xs-10, .col-xs-11, .col-xs-12, .col-xs-2, .col-xs-3, .col-xs-4, .col-xs-5, .col-xs-6, .col-xs-7, .col-xs-8, .col-xs-9 {\n    position: relative;\n    min-height: 1px;\n    padding-right: 15px;\n    padding-left: 15px;\n}\ntextarea {\n    -webkit-writing-mode: horizontal-tb !important;\n    text-rendering: auto;\n    color: -internal-light-dark-color(black, white);\n    letter-spacing: normal;\n    word-spacing: normal;\n    text-transform: none;\n    text-indent: 0px;\n    text-shadow: none;\n    display: inline-block;\n    text-align: start;\n    -webkit-appearance: textarea;\n    background-color: -internal-light-dark-color(rgb(255, 255, 255), rgb(59, 59, 59));\n    -webkit-rtl-ordering: logical;\n    flex-direction: column;\n    resize: auto;\n    cursor: text;\n    white-space: pre-wrap;\n    overflow-wrap: break-word;\n    font: 400 13.3333px Arial;\n    border-width: 1px;\n    border-style: solid;\n    border-color: -internal-light-dark-color(rgb(118, 118, 118), rgb(195, 195, 195));\n    border-image: initial;\n    padding: 2px;\n\tmargin: 0;\n    font-family: inherit;\n\toverflow: auto;\n    resize: vertical;\n}\n\n.espaco_div{\n\tmargin-bottom: 104px;\n}\n\n.btn:not(:disabled):not(.disabled) {\n    cursor: pointer;\n}\n.bd-example>.btn, .bd-example>.btn-group {\n    margin-top: .25rem;\n    margin-bottom: .25rem;\n}\n.btn-group-lg>.btn, .btn-lg {\n    padding: .5rem 1rem;\n    font-size: 1.25rem;\n    line-height: 1.5;\n    border-radius: .3rem;\n}\n.btn-primary {\n    color: #fff !important;\n    background-color: #007bff !important;\n    border-color: #007bff !important;\n}\n@media (prefers-reduced-motion: reduce)\n.btn {\n    transition: none;\n}\n.btn {\n    display: inline-block;\n    font-weight: 400;\n    color: #212529;\n    text-align: center;\n    vertical-align: middle;\n    -webkit-user-select: none;\n    -moz-user-select: none;\n    -ms-user-select: none;\n    user-select: none;\n    background-color: transparent;\n    border: 1px solid transparent;\n    padding: .375rem .75rem;\n    font-size: 2rem;\n    line-height: 1.5;\n    border-radius: .25rem;\n    transition: color .15s ease-in-out,background-color .15s ease-in-out,border-color .15s ease-in-out,box-shadow .15s ease-in-out;\n}\n<\/style>\n\n<script src=\"https:\/\/cdn.jsdelivr.net\/npm\/sweetalert2@9\"><\/script>\n<script>\n\n\njQuery(function($) {\n\n\t$('#enviar_contato').bind(\"click\", (function(){\n\t\n\t\tif(!$(\"#checkbox_contato\").is(\":checked\")){\n\t\t\tSwal.fire(\n\t\t\t\t'Aten\u00e7\u00e3o',\n\t\t\t\t'Para enviar o contato, voc\u00ea deve aceitar a politica de privacidade.',\n\t\t\t\t'info'\n\t\t\t);\n\t\t\treturn false;\n\t\t}\n\t\t\n\t\t\n\t\tvar cnpj = $('#cnpj').val();\n\t\tvar nome_empresa = $('#nome_empresa').val();\n\t\tvar nome_responsavel = $('#nome_responsavel').val();\n\t\tvar numero_telefone = $('#numero_telefone').val();\n\t\tvar email_contato = $('#email_contato').val();\n\t\tvar cidade_contato =  $('#cidade_contato').val();\n\t\tvar mensagem = $('#mensagem_contato').val();\n\t\tvar uf_contato = $('#uf_contato').val();\n\t\tvar checkbox = $('#checkbox_projeto');\n\t\t\n\t\tif(checkbox.is(\":checked\")) {\n\t\t\tprojeto = \"Sim\";\n\t\t}else{\n\t\t\tprojeto = \"N\u00e3o\";\n\t\t}\n\t\t\n\t\tif(cnpj == \"\"){\n\t\t\tSwal.fire(\n\t\t\t\t'Aten\u00e7\u00e3o',\n\t\t\t\t'Por favor preencha o CNPJ\/CPF.',\n\t\t\t\t'info'\n\t\t\t);\n\t\t\treturn false;\n\t\t}\n\t\t\n\t\tif(email_contato == \"\"){\n\t\t\tSwal.fire(\n\t\t\t\t'Aten\u00e7\u00e3o',\n\t\t\t\t'Por favor preencha o e-mail.',\n\t\t\t\t'info'\n\t\t\t);\n\t\t\treturn false;\n\t\t}\n\t\t\n\t\t\n\t\tif(nome_empresa == \"\"){\n\t\t\tSwal.fire(\n\t\t\t\t'Aten\u00e7\u00e3o',\n\t\t\t\t'Por favor preencha o campo nome da empresa.',\n\t\t\t\t'info'\n\t\t\t);\n\t\t\treturn false;\n\t\t}\n\t\t\n\t\tif(nome_responsavel == \"\"){\n\t\t\tSwal.fire(\n\t\t\t\t'Aten\u00e7\u00e3o',\n\t\t\t\t'Por favor preencha o campo nome do respons\u00e1vel.',\n\t\t\t\t'info'\n\t\t\t);\n\t\t\treturn false;\n\t\t}\n\t\t\n\t\tif(numero_telefone == \"\"){\n\t\t\tSwal.fire(\n\t\t\t\t'Aten\u00e7\u00e3o',\n\t\t\t\t'Por favor preencha o campo numero de telefone.',\n\t\t\t\t'info'\n\t\t\t);\n\t\t\treturn false;\n\t\t}\n\t\t\n\t\n\t\tif(uf_contato == \"\"){\n\t\t\tSwal.fire(\n\t\t\t\t'Aten\u00e7\u00e3o',\n\t\t\t\t'Por favor preencha o campo estado.',\n\t\t\t\t'info'\n\t\t\t);\n\t\t\treturn false;\n\t\t}\n\t\t\t\n\t\t\t\t\n\t\t\n\t\tvar formData = new FormData();\t\n\t\tformData.append('action', 'salvar_contato_arquiteto');\n\t\tformData.append('empresa', nome_empresa);\n\t\tformData.append('responsavel', nome_responsavel);\n\t\tformData.append('telefone', numero_telefone);\n\t\tformData.append('email', email_contato);\n\t\tformData.append('cidade', cidade_contato);\n\t\tformData.append('estado', uf_contato);\n\t\tformData.append('mensagem', mensagem);\n\t\tformData.append('possuo_projeto_em_andamento', projeto);\t\t\n\t\tformData.append('cnpj', cnpj);\n\t\t\n\t\t$('#page-preloader').css('background', '#2c2e3d8c');\n\t\t$('#page-preloader').css('visibility', 'visible');\n\t\t$('#page-preloader').css('opacity', '1');\n\t\t$('.page-preloader-spin').css('opacity', '1');\n\t\t\n\t\t$.ajax({\n\t\t\turl: 'https:\/\/www.artico.com.br\/wp-admin\/admin-ajax.php',\n\t\t\ttype: \"POST\",\n            processData: false,\n            contentType: false,\n\t\t\tdata: formData,\n\t\t\tsuccess: function(retorno){\n\t\t\t\n\t\t\t\n\t\t\t\t$('#page-preloader').css('background', '#2c2e3d8c');\n\t\t\t\t$('#page-preloader').css('visibility', 'hidden');\n\t\t\t\t$('#page-preloader').css('opacity', '0');\n\t\t\t\t$('.page-preloader-spin').css('opacity', '0');\n\t\t\t\t\n\t\t\t\tSwal.fire(\n\t\t\t\t\t'Sucesso',\n\t\t\t\t\t'Nossa equipe ira lhe responder o mais rapido possivel, obrigado pelo contato.',\n\t\t\t\t\t'success'\n\t\t\t\t);\n\t\t\t\t\n\t\t\t\t\n\t\t\t\t$('#mensagem_contato').val(\"\");\n\t\t\t\t$('#cidade_contato').val(\"\");\n\t\t\t\t$('#numero_telefone').val(\"\");\n\t\t\t\t$('#nome_empresa').val(\"\");\n\t\t\t\t$('#nome_responsavel').val(\"\");\n\t\t\t\t$('#email_contato').val(\"\");\n\t\t\t\t$('#checkbox_contato').prop('checked', false);\n\t\t\t\t$('#checkbox_projeto').prop('checked', false);\t\t\t\n\t\t\t\t\t\t\t\n\t\t\t}\n\t\t});\n\t\t\n\n\t}));\n\n\t\n\t\n});\n\njQuery(function($) {\n\t$(document).ready(function() {\n\t\tshow_formulario();\n\t});\n});\n\n<\/script>\n\n<style>\n.swal2-title{\nline-height: inherit !important;\n}\n<\/style>\r\n\t\t<\/div>\r\n\t<\/div>\r\n<\/div><\/div><\/div><\/div>","protected":false},"excerpt":{"rendered":"","protected":false},"author":1,"featured_media":0,"parent":0,"menu_order":5,"comment_status":"closed","ping_status":"closed","template":"","meta":[],"yoast_head":"<!-- This site is optimized with the Yoast SEO plugin v18.3 - https:\/\/yoast.com\/wordpress\/plugins\/seo\/ -->\n<title>Contato especificador\/arquiteto artico - \u00c1rtico Ind\u00fastria de Refrigera\u00e7\u00e3o<\/title>\n<meta name=\"robots\" content=\"index, follow, max-snippet:-1, max-image-preview:large, max-video-preview:-1\" \/>\n<link rel=\"canonical\" href=\"https:\/\/www.artico.com.br\/es\/contato_especificador_artico\/\" \/>\n<meta property=\"og:locale\" content=\"es_ES\" \/>\n<meta property=\"og:type\" content=\"article\" \/>\n<meta property=\"og:title\" content=\"Contato especificador\/arquiteto artico - \u00c1rtico Ind\u00fastria de Refrigera\u00e7\u00e3o\" \/>\n<meta property=\"og:url\" content=\"https:\/\/www.artico.com.br\/es\/contato_especificador_artico\/\" \/>\n<meta property=\"og:site_name\" content=\"\u00c1rtico Ind\u00fastria de Refrigera\u00e7\u00e3o\" \/>\n<meta property=\"article:publisher\" content=\"https:\/\/pt-br.facebook.com\/articoindustriaderefrigeracao\" \/>\n<meta property=\"article:modified_time\" content=\"2025-06-27T11:33:59+00:00\" \/>\n<meta name=\"twitter:card\" content=\"summary_large_image\" \/>\n<meta name=\"twitter:label1\" content=\"Tiempo de lectura\" \/>\n\t<meta name=\"twitter:data1\" content=\"9 minutos\" \/>\n<script type=\"application\/ld+json\" class=\"yoast-schema-graph\">{\"@context\":\"https:\/\/schema.org\",\"@graph\":[{\"@type\":\"Organization\",\"@id\":\"https:\/\/www.artico.com.br\/es\/#organization\",\"name\":\"\u00c1rtico Ind\u00fastria de Refrigera\u00e7\u00e3o - A arte de expor e conservar\",\"url\":\"https:\/\/www.artico.com.br\/es\/\",\"sameAs\":[\"https:\/\/pt-br.facebook.com\/articoindustriaderefrigeracao\",\"https:\/\/www.instagram.com\/artico.refrigeracao\",\"https:\/\/br.linkedin.com\/company\/articoindrefrigeracao\"],\"logo\":{\"@type\":\"ImageObject\",\"@id\":\"https:\/\/www.artico.com.br\/es\/#logo\",\"inLanguage\":\"es\",\"url\":\"https:\/\/www.artico.com.br\/wp-content\/uploads\/2021\/04\/logo.png\",\"contentUrl\":\"https:\/\/www.artico.com.br\/wp-content\/uploads\/2021\/04\/logo.png\",\"width\":265,\"height\":265,\"caption\":\"\u00c1rtico Ind\u00fastria de Refrigera\u00e7\u00e3o - A arte de expor e conservar\"},\"image\":{\"@id\":\"https:\/\/www.artico.com.br\/es\/#logo\"}},{\"@type\":\"WebSite\",\"@id\":\"https:\/\/www.artico.com.br\/es\/#website\",\"url\":\"https:\/\/www.artico.com.br\/es\/\",\"name\":\"\u00c1rtico Ind\u00fastria de Refrigera\u00e7\u00e3o\",\"description\":\"A arte de expor e conservar\",\"publisher\":{\"@id\":\"https:\/\/www.artico.com.br\/es\/#organization\"},\"potentialAction\":[{\"@type\":\"SearchAction\",\"target\":{\"@type\":\"EntryPoint\",\"urlTemplate\":\"https:\/\/www.artico.com.br\/es\/?s={search_term_string}\"},\"query-input\":\"required name=search_term_string\"}],\"inLanguage\":\"es\"},{\"@type\":\"WebPage\",\"@id\":\"https:\/\/www.artico.com.br\/en\/contato_especificador_artico\/#webpage\",\"url\":\"https:\/\/www.artico.com.br\/en\/contato_especificador_artico\/\",\"name\":\"Contato especificador\/arquiteto artico - \u00c1rtico Ind\u00fastria de Refrigera\u00e7\u00e3o\",\"isPartOf\":{\"@id\":\"https:\/\/www.artico.com.br\/es\/#website\"},\"datePublished\":\"2021-07-21T13:08:26+00:00\",\"dateModified\":\"2025-06-27T11:33:59+00:00\",\"breadcrumb\":{\"@id\":\"https:\/\/www.artico.com.br\/en\/contato_especificador_artico\/#breadcrumb\"},\"inLanguage\":\"es\",\"potentialAction\":[{\"@type\":\"ReadAction\",\"target\":[\"https:\/\/www.artico.com.br\/en\/contato_especificador_artico\/\"]}]},{\"@type\":\"BreadcrumbList\",\"@id\":\"https:\/\/www.artico.com.br\/en\/contato_especificador_artico\/#breadcrumb\",\"itemListElement\":[{\"@type\":\"ListItem\",\"position\":1,\"name\":\"In\u00edcio\",\"item\":\"https:\/\/www.artico.com.br\/es\/\"},{\"@type\":\"ListItem\",\"position\":2,\"name\":\"Contato especificador\/arquiteto artico\"}]}]}<\/script>\n<!-- \/ Yoast SEO plugin. -->","yoast_head_json":{"title":"Contato especificador\/arquiteto artico - \u00c1rtico Ind\u00fastria de Refrigera\u00e7\u00e3o","robots":{"index":"index","follow":"follow","max-snippet":"max-snippet:-1","max-image-preview":"max-image-preview:large","max-video-preview":"max-video-preview:-1"},"canonical":"https:\/\/www.artico.com.br\/es\/contato_especificador_artico\/","og_locale":"es_ES","og_type":"article","og_title":"Contato especificador\/arquiteto artico - \u00c1rtico Ind\u00fastria de Refrigera\u00e7\u00e3o","og_url":"https:\/\/www.artico.com.br\/es\/contato_especificador_artico\/","og_site_name":"\u00c1rtico Ind\u00fastria de Refrigera\u00e7\u00e3o","article_publisher":"https:\/\/pt-br.facebook.com\/articoindustriaderefrigeracao","article_modified_time":"2025-06-27T11:33:59+00:00","twitter_card":"summary_large_image","twitter_misc":{"Tiempo de lectura":"9 minutos"},"schema":{"@context":"https:\/\/schema.org","@graph":[{"@type":"Organization","@id":"https:\/\/www.artico.com.br\/es\/#organization","name":"\u00c1rtico Ind\u00fastria de Refrigera\u00e7\u00e3o - A arte de expor e conservar","url":"https:\/\/www.artico.com.br\/es\/","sameAs":["https:\/\/pt-br.facebook.com\/articoindustriaderefrigeracao","https:\/\/www.instagram.com\/artico.refrigeracao","https:\/\/br.linkedin.com\/company\/articoindrefrigeracao"],"logo":{"@type":"ImageObject","@id":"https:\/\/www.artico.com.br\/es\/#logo","inLanguage":"es","url":"https:\/\/www.artico.com.br\/wp-content\/uploads\/2021\/04\/logo.png","contentUrl":"https:\/\/www.artico.com.br\/wp-content\/uploads\/2021\/04\/logo.png","width":265,"height":265,"caption":"\u00c1rtico Ind\u00fastria de Refrigera\u00e7\u00e3o - A arte de expor e conservar"},"image":{"@id":"https:\/\/www.artico.com.br\/es\/#logo"}},{"@type":"WebSite","@id":"https:\/\/www.artico.com.br\/es\/#website","url":"https:\/\/www.artico.com.br\/es\/","name":"\u00c1rtico Ind\u00fastria de Refrigera\u00e7\u00e3o","description":"A arte de expor e conservar","publisher":{"@id":"https:\/\/www.artico.com.br\/es\/#organization"},"potentialAction":[{"@type":"SearchAction","target":{"@type":"EntryPoint","urlTemplate":"https:\/\/www.artico.com.br\/es\/?s={search_term_string}"},"query-input":"required name=search_term_string"}],"inLanguage":"es"},{"@type":"WebPage","@id":"https:\/\/www.artico.com.br\/en\/contato_especificador_artico\/#webpage","url":"https:\/\/www.artico.com.br\/en\/contato_especificador_artico\/","name":"Contato especificador\/arquiteto artico - \u00c1rtico Ind\u00fastria de Refrigera\u00e7\u00e3o","isPartOf":{"@id":"https:\/\/www.artico.com.br\/es\/#website"},"datePublished":"2021-07-21T13:08:26+00:00","dateModified":"2025-06-27T11:33:59+00:00","breadcrumb":{"@id":"https:\/\/www.artico.com.br\/en\/contato_especificador_artico\/#breadcrumb"},"inLanguage":"es","potentialAction":[{"@type":"ReadAction","target":["https:\/\/www.artico.com.br\/en\/contato_especificador_artico\/"]}]},{"@type":"BreadcrumbList","@id":"https:\/\/www.artico.com.br\/en\/contato_especificador_artico\/#breadcrumb","itemListElement":[{"@type":"ListItem","position":1,"name":"In\u00edcio","item":"https:\/\/www.artico.com.br\/es\/"},{"@type":"ListItem","position":2,"name":"Contato especificador\/arquiteto artico"}]}]}},"_links":{"self":[{"href":"https:\/\/www.artico.com.br\/es\/wp-json\/wp\/v2\/pages\/33912"}],"collection":[{"href":"https:\/\/www.artico.com.br\/es\/wp-json\/wp\/v2\/pages"}],"about":[{"href":"https:\/\/www.artico.com.br\/es\/wp-json\/wp\/v2\/types\/page"}],"author":[{"embeddable":true,"href":"https:\/\/www.artico.com.br\/es\/wp-json\/wp\/v2\/users\/1"}],"replies":[{"embeddable":true,"href":"https:\/\/www.artico.com.br\/es\/wp-json\/wp\/v2\/comments?post=33912"}],"version-history":[{"count":21,"href":"https:\/\/www.artico.com.br\/es\/wp-json\/wp\/v2\/pages\/33912\/revisions"}],"predecessor-version":[{"id":35078,"href":"https:\/\/www.artico.com.br\/es\/wp-json\/wp\/v2\/pages\/33912\/revisions\/35078"}],"wp:attachment":[{"href":"https:\/\/www.artico.com.br\/es\/wp-json\/wp\/v2\/media?parent=33912"}],"curies":[{"name":"wp","href":"https:\/\/api.w.org\/{rel}","templated":true}]}}