{"id":32096,"date":"2020-06-19T15:13:28","date_gmt":"2020-06-19T18:13:28","guid":{"rendered":"http:\/\/localhost\/wordpress\/?page_id=32096"},"modified":"2025-01-16T16:15:31","modified_gmt":"2025-01-16T19:15:31","slug":"congeladores-rapidos","status":"publish","type":"page","link":"https:\/\/www.artico.com.br\/es\/congeladores-rapidos\/","title":{"rendered":"Congeladores r\u00e1pidos"},"content":{"rendered":"<div id=\"vc_row-69fc01f4e7fbd\" class=\"vc_row wpb_row vc_row-fluid thegem-custom-69fc01f4e7f844616\"><div class=\"wpb_column vc_column_container vc_col-sm-12 thegem-custom-69fc01f4e81b86994\"><div class=\"vc_column-inner thegem-custom-inner-69fc01f4e81ba\"><style>\n.thegem-template-wrapper .wpb_wrapper.thegem-custom-69fc01f4e81b86994{display: flex !important;}.thegem-template-wrapper .wpb_wrapper.thegem-custom-69fc01f4e81b86994{align-items: center !important;}.thegem-template-wrapper .wpb_wrapper.thegem-custom-69fc01f4e81b86994{justify-content: flex-start !important;}.thegem-template-wrapper .wpb_wrapper.thegem-custom-69fc01f4e81b86994{flex-direction: row !important;}.thegem-template-wrapper .wpb_wrapper.thegem-custom-69fc01f4e81b86994{flex-wrap: wrap !important;}<\/style><div class=\"wpb_wrapper thegem-custom-69fc01f4e81b86994\"><div data-page=\"1\" data-next-page=\"\"><\/div><div class=\"clearboth\"><\/div><div class=\"gem-divider\" style=\"margin-top: 60px;\"><\/div><\/div><\/div><\/div><\/div><div id=\"vc_row-69fc01f4e88f4\" class=\"vc_row wpb_row vc_row-fluid thegem-custom-69fc01f4e88eb9550\"><div class=\"wpb_column vc_column_container vc_col-sm-12 thegem-custom-69fc01f4e8a426049\"><div class=\"vc_column-inner thegem-custom-inner-69fc01f4e8a43\"><style>\n.thegem-template-wrapper .wpb_wrapper.thegem-custom-69fc01f4e8a426049{display: flex !important;}.thegem-template-wrapper .wpb_wrapper.thegem-custom-69fc01f4e8a426049{align-items: center !important;}.thegem-template-wrapper .wpb_wrapper.thegem-custom-69fc01f4e8a426049{justify-content: flex-start !important;}.thegem-template-wrapper .wpb_wrapper.thegem-custom-69fc01f4e8a426049{flex-direction: row !important;}.thegem-template-wrapper .wpb_wrapper.thegem-custom-69fc01f4e8a426049{flex-wrap: wrap !important;}<\/style><div class=\"wpb_wrapper thegem-custom-69fc01f4e8a426049\">\r\n\t\r\n\t\t<div class=\"wpb_text_column wpb_content_element  thegem-vc-text thegem-custom-69fc01f4e8bbb6450\"  >\r\n\t\t\t<div class=\"wpb_wrapper\">\r\n\t\t\t\t<style>.page-title-block{background-color: #FFF!important;padding-top: 30px !important;padding-bottom: 30px !important;}#page-title h1{font-size: 30px !important;color: #000000!important;}<\/style>\n\r\n\t\t\t<\/div>\r\n\t\t<\/div>\r\n\t\r\n<\/div><\/div><\/div><\/div>","protected":false},"excerpt":{"rendered":"","protected":false},"author":1,"featured_media":0,"parent":0,"menu_order":0,"comment_status":"closed","ping_status":"closed","template":"","meta":[],"yoast_head":"<!-- This site is optimized with the Yoast SEO plugin v18.3 - https:\/\/yoast.com\/wordpress\/plugins\/seo\/ -->\n<title>Congeladores r\u00e1pidos - \u00c1rtico Ind\u00fastria de Refrigera\u00e7\u00e3o<\/title>\n<meta name=\"robots\" content=\"index, follow, max-snippet:-1, max-image-preview:large, max-video-preview:-1\" \/>\n<link rel=\"canonical\" href=\"https:\/\/www.artico.com.br\/es\/congeladores-rapidos\/\" \/>\n<meta property=\"og:locale\" content=\"es_ES\" \/>\n<meta property=\"og:type\" content=\"article\" \/>\n<meta property=\"og:title\" content=\"Congeladores r\u00e1pidos - \u00c1rtico Ind\u00fastria de Refrigera\u00e7\u00e3o\" \/>\n<meta property=\"og:url\" content=\"https:\/\/www.artico.com.br\/es\/congeladores-rapidos\/\" \/>\n<meta property=\"og:site_name\" content=\"\u00c1rtico Ind\u00fastria de Refrigera\u00e7\u00e3o\" \/>\n<meta property=\"article:publisher\" content=\"https:\/\/pt-br.facebook.com\/articoindustriaderefrigeracao\" \/>\n<meta property=\"article:modified_time\" content=\"2025-01-16T19:15:31+00:00\" \/>\n<meta name=\"twitter:card\" content=\"summary_large_image\" \/>\n<script type=\"application\/ld+json\" class=\"yoast-schema-graph\">{\"@context\":\"https:\/\/schema.org\",\"@graph\":[{\"@type\":\"Organization\",\"@id\":\"https:\/\/www.artico.com.br\/es\/#organization\",\"name\":\"\u00c1rtico Ind\u00fastria de Refrigera\u00e7\u00e3o - A arte de expor e conservar\",\"url\":\"https:\/\/www.artico.com.br\/es\/\",\"sameAs\":[\"https:\/\/pt-br.facebook.com\/articoindustriaderefrigeracao\",\"https:\/\/www.instagram.com\/artico.refrigeracao\",\"https:\/\/br.linkedin.com\/company\/articoindrefrigeracao\"],\"logo\":{\"@type\":\"ImageObject\",\"@id\":\"https:\/\/www.artico.com.br\/es\/#logo\",\"inLanguage\":\"es\",\"url\":\"https:\/\/www.artico.com.br\/wp-content\/uploads\/2021\/04\/logo.png\",\"contentUrl\":\"https:\/\/www.artico.com.br\/wp-content\/uploads\/2021\/04\/logo.png\",\"width\":265,\"height\":265,\"caption\":\"\u00c1rtico Ind\u00fastria de Refrigera\u00e7\u00e3o - A arte de expor e conservar\"},\"image\":{\"@id\":\"https:\/\/www.artico.com.br\/es\/#logo\"}},{\"@type\":\"WebSite\",\"@id\":\"https:\/\/www.artico.com.br\/es\/#website\",\"url\":\"https:\/\/www.artico.com.br\/es\/\",\"name\":\"\u00c1rtico Ind\u00fastria de Refrigera\u00e7\u00e3o\",\"description\":\"A arte de expor e conservar\",\"publisher\":{\"@id\":\"https:\/\/www.artico.com.br\/es\/#organization\"},\"potentialAction\":[{\"@type\":\"SearchAction\",\"target\":{\"@type\":\"EntryPoint\",\"urlTemplate\":\"https:\/\/www.artico.com.br\/es\/?s={search_term_string}\"},\"query-input\":\"required name=search_term_string\"}],\"inLanguage\":\"es\"},{\"@type\":\"WebPage\",\"@id\":\"https:\/\/www.artico.com.br\/es\/congeladores-rapidos\/#webpage\",\"url\":\"https:\/\/www.artico.com.br\/es\/congeladores-rapidos\/\",\"name\":\"Congeladores r\u00e1pidos - \u00c1rtico Ind\u00fastria de Refrigera\u00e7\u00e3o\",\"isPartOf\":{\"@id\":\"https:\/\/www.artico.com.br\/es\/#website\"},\"datePublished\":\"2020-06-19T18:13:28+00:00\",\"dateModified\":\"2025-01-16T19:15:31+00:00\",\"breadcrumb\":{\"@id\":\"https:\/\/www.artico.com.br\/es\/congeladores-rapidos\/#breadcrumb\"},\"inLanguage\":\"es\",\"potentialAction\":[{\"@type\":\"ReadAction\",\"target\":[\"https:\/\/www.artico.com.br\/es\/congeladores-rapidos\/\"]}]},{\"@type\":\"BreadcrumbList\",\"@id\":\"https:\/\/www.artico.com.br\/es\/congeladores-rapidos\/#breadcrumb\",\"itemListElement\":[{\"@type\":\"ListItem\",\"position\":1,\"name\":\"In\u00edcio\",\"item\":\"https:\/\/www.artico.com.br\/es\/\"},{\"@type\":\"ListItem\",\"position\":2,\"name\":\"Congeladores r\u00e1pidos\"}]}]}<\/script>\n<!-- \/ Yoast SEO plugin. -->","yoast_head_json":{"title":"Congeladores r\u00e1pidos - \u00c1rtico Ind\u00fastria de Refrigera\u00e7\u00e3o","robots":{"index":"index","follow":"follow","max-snippet":"max-snippet:-1","max-image-preview":"max-image-preview:large","max-video-preview":"max-video-preview:-1"},"canonical":"https:\/\/www.artico.com.br\/es\/congeladores-rapidos\/","og_locale":"es_ES","og_type":"article","og_title":"Congeladores r\u00e1pidos - \u00c1rtico Ind\u00fastria de Refrigera\u00e7\u00e3o","og_url":"https:\/\/www.artico.com.br\/es\/congeladores-rapidos\/","og_site_name":"\u00c1rtico Ind\u00fastria de Refrigera\u00e7\u00e3o","article_publisher":"https:\/\/pt-br.facebook.com\/articoindustriaderefrigeracao","article_modified_time":"2025-01-16T19:15:31+00:00","twitter_card":"summary_large_image","schema":{"@context":"https:\/\/schema.org","@graph":[{"@type":"Organization","@id":"https:\/\/www.artico.com.br\/es\/#organization","name":"\u00c1rtico Ind\u00fastria de Refrigera\u00e7\u00e3o - A arte de expor e conservar","url":"https:\/\/www.artico.com.br\/es\/","sameAs":["https:\/\/pt-br.facebook.com\/articoindustriaderefrigeracao","https:\/\/www.instagram.com\/artico.refrigeracao","https:\/\/br.linkedin.com\/company\/articoindrefrigeracao"],"logo":{"@type":"ImageObject","@id":"https:\/\/www.artico.com.br\/es\/#logo","inLanguage":"es","url":"https:\/\/www.artico.com.br\/wp-content\/uploads\/2021\/04\/logo.png","contentUrl":"https:\/\/www.artico.com.br\/wp-content\/uploads\/2021\/04\/logo.png","width":265,"height":265,"caption":"\u00c1rtico Ind\u00fastria de Refrigera\u00e7\u00e3o - A arte de expor e conservar"},"image":{"@id":"https:\/\/www.artico.com.br\/es\/#logo"}},{"@type":"WebSite","@id":"https:\/\/www.artico.com.br\/es\/#website","url":"https:\/\/www.artico.com.br\/es\/","name":"\u00c1rtico Ind\u00fastria de Refrigera\u00e7\u00e3o","description":"A arte de expor e conservar","publisher":{"@id":"https:\/\/www.artico.com.br\/es\/#organization"},"potentialAction":[{"@type":"SearchAction","target":{"@type":"EntryPoint","urlTemplate":"https:\/\/www.artico.com.br\/es\/?s={search_term_string}"},"query-input":"required name=search_term_string"}],"inLanguage":"es"},{"@type":"WebPage","@id":"https:\/\/www.artico.com.br\/es\/congeladores-rapidos\/#webpage","url":"https:\/\/www.artico.com.br\/es\/congeladores-rapidos\/","name":"Congeladores r\u00e1pidos - \u00c1rtico Ind\u00fastria de Refrigera\u00e7\u00e3o","isPartOf":{"@id":"https:\/\/www.artico.com.br\/es\/#website"},"datePublished":"2020-06-19T18:13:28+00:00","dateModified":"2025-01-16T19:15:31+00:00","breadcrumb":{"@id":"https:\/\/www.artico.com.br\/es\/congeladores-rapidos\/#breadcrumb"},"inLanguage":"es","potentialAction":[{"@type":"ReadAction","target":["https:\/\/www.artico.com.br\/es\/congeladores-rapidos\/"]}]},{"@type":"BreadcrumbList","@id":"https:\/\/www.artico.com.br\/es\/congeladores-rapidos\/#breadcrumb","itemListElement":[{"@type":"ListItem","position":1,"name":"In\u00edcio","item":"https:\/\/www.artico.com.br\/es\/"},{"@type":"ListItem","position":2,"name":"Congeladores r\u00e1pidos"}]}]}},"_links":{"self":[{"href":"https:\/\/www.artico.com.br\/es\/wp-json\/wp\/v2\/pages\/32096"}],"collection":[{"href":"https:\/\/www.artico.com.br\/es\/wp-json\/wp\/v2\/pages"}],"about":[{"href":"https:\/\/www.artico.com.br\/es\/wp-json\/wp\/v2\/types\/page"}],"author":[{"embeddable":true,"href":"https:\/\/www.artico.com.br\/es\/wp-json\/wp\/v2\/users\/1"}],"replies":[{"embeddable":true,"href":"https:\/\/www.artico.com.br\/es\/wp-json\/wp\/v2\/comments?post=32096"}],"version-history":[{"count":15,"href":"https:\/\/www.artico.com.br\/es\/wp-json\/wp\/v2\/pages\/32096\/revisions"}],"predecessor-version":[{"id":34850,"href":"https:\/\/www.artico.com.br\/es\/wp-json\/wp\/v2\/pages\/32096\/revisions\/34850"}],"wp:attachment":[{"href":"https:\/\/www.artico.com.br\/es\/wp-json\/wp\/v2\/media?parent=32096"}],"curies":[{"name":"wp","href":"https:\/\/api.w.org\/{rel}","templated":true}]}}