{"id":32083,"date":"2020-06-19T10:29:05","date_gmt":"2020-06-19T13:29:05","guid":{"rendered":"http:\/\/localhost\/wordpress\/?page_id=32083"},"modified":"2021-10-07T09:04:22","modified_gmt":"2021-10-07T12:04:22","slug":"contato","status":"publish","type":"page","link":"https:\/\/www.artico.com.br\/es\/contato\/","title":{"rendered":"Contato"},"content":{"rendered":"<div id=\"vc_row-69e9eea9e1fda\" class=\"vc_row wpb_row vc_row-fluid thegem-custom-69e9eea9e1f9f1856\"><div class=\"wpb_column vc_column_container vc_col-sm-12 thegem-custom-69e9eea9e216243\"><div class=\"vc_column-inner thegem-custom-inner-69e9eea9e2163\"><style>\n.thegem-template-wrapper .wpb_wrapper.thegem-custom-69e9eea9e216243{display: flex !important;}.thegem-template-wrapper .wpb_wrapper.thegem-custom-69e9eea9e216243{align-items: center !important;}.thegem-template-wrapper .wpb_wrapper.thegem-custom-69e9eea9e216243{justify-content: flex-start !important;}.thegem-template-wrapper .wpb_wrapper.thegem-custom-69e9eea9e216243{flex-direction: row !important;}.thegem-template-wrapper .wpb_wrapper.thegem-custom-69e9eea9e216243{flex-wrap: wrap !important;}<\/style><div class=\"wpb_wrapper thegem-custom-69e9eea9e216243\"><div class=\"clearboth\"><\/div><div class=\"gem-divider\" style=\"margin-top: 104px;\"><\/div><\/div><\/div><\/div><\/div><div id=\"vc_row-69e9eea9e2407\" class=\"vc_row wpb_row vc_row-fluid thegem-custom-69e9eea9e24012279\"><script type=\"text\/javascript\">(function() {\r\n\r\n    function TheGemAdvancedAnimation() {\r\n        this.animateClass = 'thegem-advanced-animation';\r\n        this.animatedClass = 'thegem-advanced-animation-animated';\r\n    }\r\n\r\n    TheGemAdvancedAnimation.prototype = {\r\n        initialize: function () {\r\n            let items =  document.querySelectorAll('.'+this.animateClass);\r\n\r\n            if ('IntersectionObserver' in window) {\r\n                let intersectionObserver = new IntersectionObserver((entries, observer)=>{\r\n                    entries.forEach((entry)=> {\r\n                        if (entry.isIntersecting) {\r\n                            this.startAnimation(entry.target);\r\n                            intersectionObserver.unobserve(entry.target);\r\n                        }\r\n                    });\r\n                });\r\n\r\n                items.forEach((item)=>{\r\n                    intersectionObserver.observe(item);\r\n                });\r\n            } else {\r\n                items.forEach((item)=>{\r\n                    this.startAnimation(item);\r\n                });\r\n            }\r\n        },\r\n\r\n        startAnimation: function (element) {\r\n            if (element.classList.contains(this.animateClass)) {\r\n                setTimeout(() => {\r\n                    element.classList.remove(this.animateClass);\r\n                    element.classList.add(this.animatedClass);\r\n                }, 300);\r\n            }\r\n        }\r\n    };\r\n\r\n    window.theGemAdvancedAnimation= new TheGemAdvancedAnimation();\r\n    document.addEventListener('DOMContentLoaded', function() {\r\n        window.theGemAdvancedAnimation.initialize();\r\n    });\r\n\r\n    if (window.parent.vc) {\r\n        window.parent.vc.events.on('shortcodeView:updated', function (event) {\r\n            let element = event.view.el.querySelector('.thegem-advanced-animation');\r\n            window.theGemAdvancedAnimation.startAnimation(element);\r\n        });\r\n\r\n        window.parent.vc.events.on('app.render', function () {\r\n            window.theGemAdvancedAnimation.initialize();\r\n        });\r\n    }\r\n})();<\/script><div class=\"wpb_column vc_column_container vc_col-sm-12 thegem-custom-69e9eea9e254d2958\"><div class=\"vc_column-inner thegem-custom-inner-69e9eea9e254e\"><style>\n.thegem-template-wrapper .wpb_wrapper.thegem-custom-69e9eea9e254d2958{display: flex !important;}.thegem-template-wrapper .wpb_wrapper.thegem-custom-69e9eea9e254d2958{align-items: center !important;}.thegem-template-wrapper .wpb_wrapper.thegem-custom-69e9eea9e254d2958{justify-content: flex-start !important;}.thegem-template-wrapper .wpb_wrapper.thegem-custom-69e9eea9e254d2958{flex-direction: row !important;}.thegem-template-wrapper .wpb_wrapper.thegem-custom-69e9eea9e254d2958{flex-wrap: wrap !important;}<\/style><div class=\"wpb_wrapper thegem-custom-69e9eea9e254d2958\">\r\n\t\r\n\t\t<div class=\"wpb_text_column wpb_content_element  thegem-vc-text thegem-custom-69e9eea9e26e7851\"  >\r\n\t\t\t<div class=\"wpb_wrapper\">\r\n\t\t\t\t<div class=\"title-h1\" style=\"text-align: center;\"><span class=\"light\">Deseja responder qual formul\u00e1rio?<\/span><\/div>\n\r\n\t\t\t<\/div>\r\n\t\t<\/div>\r\n\t\r\n\r\n\t<div class=\"wpb_raw_code wpb_content_element wpb_raw_html\" >\r\n\t\t<div class=\"wpb_wrapper\">\r\n\t\t\t\r\n\t\t<\/div>\r\n\t<\/div>\r\n<div class=\"gem-button-container gem-button-position-center thegem-button-69e9eea9e28cc9232\" \"><a title=\"Or\u00e7amento de congeladores\" class=\"gem-button gem-button-size-medium gem-button-style-flat gem-button-text-weight-normal\" style=\"border-radius: 3px;\" onmouseleave=\"\" onmouseenter=\"\" href=\"https:\/\/www.artico.com.br\/es\/contato-orcamento-de-congeladores\/\" target=\"_self\">Or\u00e7amento de Congeladores<\/a><\/div> <div class=\"gem-button-container gem-button-position-center thegem-button-69e9eea9e290e8463\" \"><a title=\"Or\u00e7amento de c\u00e2maras\" class=\"gem-button gem-button-size-medium gem-button-style-flat gem-button-text-weight-normal\" style=\"border-radius: 3px;\" onmouseleave=\"\" onmouseenter=\"\" href=\"https:\/\/www.artico.com.br\/es\/contato-orcamento-de-camaras\/\" target=\"_self\">Or\u00e7amento de c\u00e2maras<\/a><\/div> <div class=\"gem-button-container gem-button-position-center thegem-button-69e9eea9e293f3547\" \"><a title=\"Contato \u2013 Or\u00e7amento de instala\u00e7\u00e3o comercial\" class=\"gem-button gem-button-size-medium gem-button-style-flat gem-button-text-weight-normal\" style=\"border-radius: 3px;\" onmouseleave=\"\" onmouseenter=\"\" href=\"https:\/\/www.artico.com.br\/es\/contato-orcamento-de-instalacao-comercial\/\" target=\"_self\">Or\u00e7amento de instala\u00e7\u00e3o comercial<\/a><\/div> <div class=\"gem-button-container gem-button-position-center thegem-button-69e9eea9e296d6566\" \"><a title=\"Contato \u2013 Or\u00e7amento de pe\u00e7as\" class=\"gem-button gem-button-size-medium gem-button-style-flat gem-button-text-weight-normal\" style=\"border-radius: 3px;\" onmouseleave=\"\" onmouseenter=\"\" href=\"https:\/\/www.artico.com.br\/es\/contato-orcamento-de-pecas\/\" target=\"_self\">Or\u00e7amento de pe\u00e7as de reposi\u00e7\u00e3o<\/a><\/div> <div class=\"gem-button-container gem-button-position-center thegem-button-69e9eea9e299a7840\" \"><a title=\"Contato \u2013 Chamado t\u00e9cnico\" class=\"gem-button gem-button-size-medium gem-button-style-flat gem-button-text-weight-normal\" style=\"border-radius: 3px;\" onmouseleave=\"\" onmouseenter=\"\" href=\"https:\/\/www.artico.com.br\/es\/contato-chamado-tecnico\/\" target=\"_self\">Chamado t\u00e9cnico<\/a><\/div> <div class=\"gem-button-container gem-button-position-center thegem-button-69e9eea9e29c44213\" \"><a title=\"Contato \u2013 Outros assuntos\" class=\"gem-button gem-button-size-medium gem-button-style-flat gem-button-text-weight-normal\" style=\"border-radius: 3px;\" onmouseleave=\"\" onmouseenter=\"\" href=\"https:\/\/www.artico.com.br\/es\/contato-outros-assuntos\/\" target=\"_self\">Outros assuntos<\/a><\/div> <div class=\"clearboth\"><\/div><div class=\"gem-divider\" style=\"margin-top: 104px;\"><\/div><\/div><\/div><\/div><\/div>","protected":false},"excerpt":{"rendered":"","protected":false},"author":1,"featured_media":0,"parent":0,"menu_order":5,"comment_status":"closed","ping_status":"closed","template":"","meta":[],"yoast_head":"<!-- This site is optimized with the Yoast SEO plugin v18.3 - https:\/\/yoast.com\/wordpress\/plugins\/seo\/ -->\n<title>Contato - \u00c1rtico Ind\u00fastria de Refrigera\u00e7\u00e3o<\/title>\n<meta name=\"robots\" content=\"index, follow, max-snippet:-1, max-image-preview:large, max-video-preview:-1\" \/>\n<link rel=\"canonical\" href=\"https:\/\/www.artico.com.br\/es\/contato\/\" \/>\n<meta property=\"og:locale\" content=\"es_ES\" \/>\n<meta property=\"og:type\" content=\"article\" \/>\n<meta property=\"og:title\" content=\"Contato - \u00c1rtico Ind\u00fastria de Refrigera\u00e7\u00e3o\" \/>\n<meta property=\"og:url\" content=\"https:\/\/www.artico.com.br\/es\/contato\/\" \/>\n<meta property=\"og:site_name\" content=\"\u00c1rtico Ind\u00fastria de Refrigera\u00e7\u00e3o\" \/>\n<meta property=\"article:publisher\" content=\"https:\/\/pt-br.facebook.com\/articoindustriaderefrigeracao\" \/>\n<meta property=\"article:modified_time\" content=\"2021-10-07T12:04:22+00:00\" \/>\n<meta name=\"twitter:card\" content=\"summary_large_image\" \/>\n<meta name=\"twitter:label1\" content=\"Tiempo de lectura\" \/>\n\t<meta name=\"twitter:data1\" content=\"1 minuto\" \/>\n<script type=\"application\/ld+json\" class=\"yoast-schema-graph\">{\"@context\":\"https:\/\/schema.org\",\"@graph\":[{\"@type\":\"Organization\",\"@id\":\"https:\/\/www.artico.com.br\/es\/#organization\",\"name\":\"\u00c1rtico Ind\u00fastria de Refrigera\u00e7\u00e3o - A arte de expor e conservar\",\"url\":\"https:\/\/www.artico.com.br\/es\/\",\"sameAs\":[\"https:\/\/pt-br.facebook.com\/articoindustriaderefrigeracao\",\"https:\/\/www.instagram.com\/artico.refrigeracao\",\"https:\/\/br.linkedin.com\/company\/articoindrefrigeracao\"],\"logo\":{\"@type\":\"ImageObject\",\"@id\":\"https:\/\/www.artico.com.br\/es\/#logo\",\"inLanguage\":\"es\",\"url\":\"https:\/\/www.artico.com.br\/wp-content\/uploads\/2021\/04\/logo.png\",\"contentUrl\":\"https:\/\/www.artico.com.br\/wp-content\/uploads\/2021\/04\/logo.png\",\"width\":265,\"height\":265,\"caption\":\"\u00c1rtico Ind\u00fastria de Refrigera\u00e7\u00e3o - A arte de expor e conservar\"},\"image\":{\"@id\":\"https:\/\/www.artico.com.br\/es\/#logo\"}},{\"@type\":\"WebSite\",\"@id\":\"https:\/\/www.artico.com.br\/es\/#website\",\"url\":\"https:\/\/www.artico.com.br\/es\/\",\"name\":\"\u00c1rtico Ind\u00fastria de Refrigera\u00e7\u00e3o\",\"description\":\"A arte de expor e conservar\",\"publisher\":{\"@id\":\"https:\/\/www.artico.com.br\/es\/#organization\"},\"potentialAction\":[{\"@type\":\"SearchAction\",\"target\":{\"@type\":\"EntryPoint\",\"urlTemplate\":\"https:\/\/www.artico.com.br\/es\/?s={search_term_string}\"},\"query-input\":\"required name=search_term_string\"}],\"inLanguage\":\"es\"},{\"@type\":\"WebPage\",\"@id\":\"https:\/\/www.artico.com.br\/es\/contato\/#webpage\",\"url\":\"https:\/\/www.artico.com.br\/es\/contato\/\",\"name\":\"Contato - \u00c1rtico Ind\u00fastria de Refrigera\u00e7\u00e3o\",\"isPartOf\":{\"@id\":\"https:\/\/www.artico.com.br\/es\/#website\"},\"datePublished\":\"2020-06-19T13:29:05+00:00\",\"dateModified\":\"2021-10-07T12:04:22+00:00\",\"breadcrumb\":{\"@id\":\"https:\/\/www.artico.com.br\/es\/contato\/#breadcrumb\"},\"inLanguage\":\"es\",\"potentialAction\":[{\"@type\":\"ReadAction\",\"target\":[\"https:\/\/www.artico.com.br\/es\/contato\/\"]}]},{\"@type\":\"BreadcrumbList\",\"@id\":\"https:\/\/www.artico.com.br\/es\/contato\/#breadcrumb\",\"itemListElement\":[{\"@type\":\"ListItem\",\"position\":1,\"name\":\"In\u00edcio\",\"item\":\"https:\/\/www.artico.com.br\/es\/\"},{\"@type\":\"ListItem\",\"position\":2,\"name\":\"Contato\"}]}]}<\/script>\n<!-- \/ Yoast SEO plugin. -->","yoast_head_json":{"title":"Contato - \u00c1rtico Ind\u00fastria de Refrigera\u00e7\u00e3o","robots":{"index":"index","follow":"follow","max-snippet":"max-snippet:-1","max-image-preview":"max-image-preview:large","max-video-preview":"max-video-preview:-1"},"canonical":"https:\/\/www.artico.com.br\/es\/contato\/","og_locale":"es_ES","og_type":"article","og_title":"Contato - \u00c1rtico Ind\u00fastria de Refrigera\u00e7\u00e3o","og_url":"https:\/\/www.artico.com.br\/es\/contato\/","og_site_name":"\u00c1rtico Ind\u00fastria de Refrigera\u00e7\u00e3o","article_publisher":"https:\/\/pt-br.facebook.com\/articoindustriaderefrigeracao","article_modified_time":"2021-10-07T12:04:22+00:00","twitter_card":"summary_large_image","twitter_misc":{"Tiempo de lectura":"1 minuto"},"schema":{"@context":"https:\/\/schema.org","@graph":[{"@type":"Organization","@id":"https:\/\/www.artico.com.br\/es\/#organization","name":"\u00c1rtico Ind\u00fastria de Refrigera\u00e7\u00e3o - A arte de expor e conservar","url":"https:\/\/www.artico.com.br\/es\/","sameAs":["https:\/\/pt-br.facebook.com\/articoindustriaderefrigeracao","https:\/\/www.instagram.com\/artico.refrigeracao","https:\/\/br.linkedin.com\/company\/articoindrefrigeracao"],"logo":{"@type":"ImageObject","@id":"https:\/\/www.artico.com.br\/es\/#logo","inLanguage":"es","url":"https:\/\/www.artico.com.br\/wp-content\/uploads\/2021\/04\/logo.png","contentUrl":"https:\/\/www.artico.com.br\/wp-content\/uploads\/2021\/04\/logo.png","width":265,"height":265,"caption":"\u00c1rtico Ind\u00fastria de Refrigera\u00e7\u00e3o - A arte de expor e conservar"},"image":{"@id":"https:\/\/www.artico.com.br\/es\/#logo"}},{"@type":"WebSite","@id":"https:\/\/www.artico.com.br\/es\/#website","url":"https:\/\/www.artico.com.br\/es\/","name":"\u00c1rtico Ind\u00fastria de Refrigera\u00e7\u00e3o","description":"A arte de expor e conservar","publisher":{"@id":"https:\/\/www.artico.com.br\/es\/#organization"},"potentialAction":[{"@type":"SearchAction","target":{"@type":"EntryPoint","urlTemplate":"https:\/\/www.artico.com.br\/es\/?s={search_term_string}"},"query-input":"required name=search_term_string"}],"inLanguage":"es"},{"@type":"WebPage","@id":"https:\/\/www.artico.com.br\/es\/contato\/#webpage","url":"https:\/\/www.artico.com.br\/es\/contato\/","name":"Contato - \u00c1rtico Ind\u00fastria de Refrigera\u00e7\u00e3o","isPartOf":{"@id":"https:\/\/www.artico.com.br\/es\/#website"},"datePublished":"2020-06-19T13:29:05+00:00","dateModified":"2021-10-07T12:04:22+00:00","breadcrumb":{"@id":"https:\/\/www.artico.com.br\/es\/contato\/#breadcrumb"},"inLanguage":"es","potentialAction":[{"@type":"ReadAction","target":["https:\/\/www.artico.com.br\/es\/contato\/"]}]},{"@type":"BreadcrumbList","@id":"https:\/\/www.artico.com.br\/es\/contato\/#breadcrumb","itemListElement":[{"@type":"ListItem","position":1,"name":"In\u00edcio","item":"https:\/\/www.artico.com.br\/es\/"},{"@type":"ListItem","position":2,"name":"Contato"}]}]}},"_links":{"self":[{"href":"https:\/\/www.artico.com.br\/es\/wp-json\/wp\/v2\/pages\/32083"}],"collection":[{"href":"https:\/\/www.artico.com.br\/es\/wp-json\/wp\/v2\/pages"}],"about":[{"href":"https:\/\/www.artico.com.br\/es\/wp-json\/wp\/v2\/types\/page"}],"author":[{"embeddable":true,"href":"https:\/\/www.artico.com.br\/es\/wp-json\/wp\/v2\/users\/1"}],"replies":[{"embeddable":true,"href":"https:\/\/www.artico.com.br\/es\/wp-json\/wp\/v2\/comments?post=32083"}],"version-history":[{"count":184,"href":"https:\/\/www.artico.com.br\/es\/wp-json\/wp\/v2\/pages\/32083\/revisions"}],"predecessor-version":[{"id":34019,"href":"https:\/\/www.artico.com.br\/es\/wp-json\/wp\/v2\/pages\/32083\/revisions\/34019"}],"wp:attachment":[{"href":"https:\/\/www.artico.com.br\/es\/wp-json\/wp\/v2\/media?parent=32083"}],"curies":[{"name":"wp","href":"https:\/\/api.w.org\/{rel}","templated":true}]}}