{"id":35067,"date":"2025-06-27T08:20:29","date_gmt":"2025-06-27T11:20:29","guid":{"rendered":"https:\/\/www.artico.com.br\/?page_id=35067"},"modified":"2025-06-27T08:24:05","modified_gmt":"2025-06-27T11:24:05","slug":"arquivos-para-download-cvad","status":"publish","type":"page","link":"https:\/\/www.artico.com.br\/en\/arquivos-para-download-cvad\/","title":{"rendered":"Arquivos para download"},"content":{"rendered":"<div id=\"vc_row-69e9b1cb7c659\" class=\"vc_row wpb_row vc_row-fluid thegem-custom-69e9b1cb7c6496205\"><div class=\"wpb_column vc_column_container vc_col-sm-12 thegem-custom-69e9b1cb7c7b12423\"><div class=\"vc_column-inner thegem-custom-inner-69e9b1cb7c7b3\"><style>\n.thegem-template-wrapper .wpb_wrapper.thegem-custom-69e9b1cb7c7b12423{display: flex !important;}.thegem-template-wrapper .wpb_wrapper.thegem-custom-69e9b1cb7c7b12423{align-items: center !important;}.thegem-template-wrapper .wpb_wrapper.thegem-custom-69e9b1cb7c7b12423{justify-content: flex-start !important;}.thegem-template-wrapper .wpb_wrapper.thegem-custom-69e9b1cb7c7b12423{flex-direction: row !important;}.thegem-template-wrapper .wpb_wrapper.thegem-custom-69e9b1cb7c7b12423{flex-wrap: wrap !important;}<\/style><div class=\"wpb_wrapper thegem-custom-69e9b1cb7c7b12423\"><div id=\"custom-header-69e9b1cb7cb2e\" class=\"custom-header gem-custom-header-icon-position-centered   fullwidth-block clearfix\" style=\"background-image: url(https:\/\/www.artico.com.br\/wp-content\/uploads\/2025\/06\/preto.png);background-repeat: repeat;padding-left: 21px; padding-right: 21px;\"><script type=\"text\/javascript\">if (typeof(gem_fix_fullwidth_position) == \"function\") { gem_fix_fullwidth_position(document.getElementById(\"custom-header-69e9b1cb7cb2e\")); }<\/script><div class=\"gem-icon gem-icon-pack-fontawesome gem-icon-size-xlarge  gem-icon-shape-circle\" style=\"border-color: #000000;opacity:1;margin-top: 100px;\"><div class=\"gem-icon-inner\" style=\"background-color: #000000;\"><span class=\"gem-icon-half-1\" style=\"color: #ffffff;\"><span class=\"back-angle\">&#xf019;<\/span><\/span><span class=\"gem-icon-half-2\" style=\"color: #ffffff;\"><span class=\"back-angle\">&#xf019;<\/span><\/span><\/div><\/div>\r\n\t\t\t<div class=\"gem-custom-header-conteiner\"><div style=\"\" class=\"custom-header-title\"><span style=\" max-width:900px;\"><\/p>\n<div class=\"title-xlarge\" style=\"text-align: center;\"><span style=\"color: #ffffff;\"><span class=\"light\">Arquivos<\/span> para download<\/span><\/div>\n<p><\/span><\/div><div class=\"custom-header-subtitle styled-subtitle\" style=\"padding-bottom:155px;\"><span class=\"light\" style=\"max-width:900px; color:#ffffff; \"><\/span><\/div><div class=\"breadcrumbs\"><span><a href=\"https:\/\/www.artico.com.br\/en\/\" itemprop=\"url\"><span itemprop=\"title\">Home<\/span><\/a><\/span><\/div><!-- .breadcrumbs --><\/div><\/div><div class=\"clearboth\"><\/div><div class=\"gem-divider\" style=\"margin-top: 104px;\"><\/div><\/div><\/div><\/div><\/div><div id=\"vc_row-69e9b1cb7ce96\" class=\"vc_row wpb_row vc_row-fluid thegem-custom-69e9b1cb7ce8b403\"><div class=\"wpb_column vc_column_container vc_col-sm-12 thegem-custom-69e9b1cb7d0453214\"><div class=\"vc_column-inner thegem-custom-inner-69e9b1cb7d046\"><style>\n.thegem-template-wrapper .wpb_wrapper.thegem-custom-69e9b1cb7d0453214{display: flex !important;}.thegem-template-wrapper .wpb_wrapper.thegem-custom-69e9b1cb7d0453214{align-items: center !important;}.thegem-template-wrapper .wpb_wrapper.thegem-custom-69e9b1cb7d0453214{justify-content: flex-start !important;}.thegem-template-wrapper .wpb_wrapper.thegem-custom-69e9b1cb7d0453214{flex-direction: row !important;}.thegem-template-wrapper .wpb_wrapper.thegem-custom-69e9b1cb7d0453214{flex-wrap: wrap !important;}<\/style><div class=\"wpb_wrapper thegem-custom-69e9b1cb7d0453214\">\r\n\t\r\n\t\t<div class=\"wpb_text_column wpb_content_element  thegem-vc-text thegem-custom-69e9b1cb7d1ff5907\"  >\r\n\t\t\t<div class=\"wpb_wrapper\">\r\n\t\t\t\t<h4 style=\"text-align: center;\">A Artico\u00a0disponibiliza para seus clientes e parceiros todos os modelos de cervejeiras, chamapanheiras adegas climatizadas em arquivos SketchUp.<\/h4>\n\r\n\t\t\t<\/div>\r\n\t\t<\/div>\r\n\t\r\n<div class=\"vc_empty_space\"   style=\"height: 32px\"><span class=\"vc_empty_space_inner\"><\/span><\/div><div class=\"gem-table gem-table-responsive gem-table-style-1\"><table style=\"width: 100%;\">\n<tbody>\n<tr>\n<td>ADEGA VERTICAL AD100<\/td>\n<td><a href=\"https:\/\/www.artico.com.br\/wp-content\/uploads\/skp\/AD100.skp\" target=\"_blank\" rel=\"noopener\">Download<\/a><\/td>\n<\/tr>\n<tr>\n<td>ADEGAR VERTICAL ADA100 SMART<\/td>\n<td><a href=\"https:\/\/www.artico.com.br\/wp-content\/uploads\/skp\/AD100 Porta Escovada.skp\" target=\"_blank\" rel=\"noopener\">Download<\/a><\/td>\n<\/tr>\n<tr>\n<td>ADEGAR VERTICAL AD200<\/td>\n<td><a href=\"https:\/\/www.artico.com.br\/wp-content\/uploads\/skp\/AD200.skp\" target=\"_blank\" rel=\"noopener\">Download<\/a><\/td>\n<\/tr>\n<tr>\n<td>ADEGAR VERTICAL ADA200 SMART<\/td>\n<td><a href=\"https:\/\/www.artico.com.br\/wp-content\/uploads\/skp\/AD 200 Porta escovada.skp\" target=\"_blank\" rel=\"noopener\">Download<\/a><\/td>\n<\/tr>\n<tr>\n<td>ADEGAR VERTICAL CV100<\/td>\n<td><a href=\"https:\/\/www.artico.com.br\/wp-content\/uploads\/skp\/CV100.skp\" target=\"_blank\" rel=\"noopener\">Download<\/a><\/td>\n<\/tr>\n<tr>\n<td>ADEGAR VERTICAL CVA100 SMART<\/td>\n<td><a href=\"https:\/\/www.artico.com.br\/wp-content\/uploads\/skp\/CV100 Porta Escovada.skp\" target=\"_blank\" rel=\"noopener\">Download<\/a><\/td>\n<\/tr>\n<tr>\n<td>ADEGAR VERTICAL CV200<\/td>\n<td><a href=\"https:\/\/www.artico.com.br\/wp-content\/uploads\/skp\/CV200.skp\" target=\"_blank\" rel=\"noopener\">Download<\/a><\/td>\n<\/tr>\n<tr>\n<td>ADEGAR VERTICAL CVA200 SMART<\/td>\n<td><a href=\"https:\/\/www.artico.com.br\/wp-content\/uploads\/skp\/CV200 Porta Escovada.skp\" target=\"_blank\" rel=\"noopener\">Download<\/a><\/td>\n<\/tr>\n<\/tbody>\n<\/table>\n<\/div><\/div><\/div><\/div><\/div><div class=\"vc_row-full-width-before\"><\/div><div id=\"vc_row-69e9b1cb7d4b5\" data-vc-full-width=\"true\" data-vc-full-width-init=\"false\" data-vc-stretch-content=\"true\" class=\"vc_row wpb_row vc_row-fluid thegem-custom-69e9b1cb7d4ae8321 vc_row-no-padding\"><script type=\"text\/javascript\">if (typeof(gem_fix_fullwidth_position) == \"function\") { gem_fix_fullwidth_position(document.getElementById(\"vc_row-69e9b1cb7d4b5\")); }<\/script><div class=\"wpb_column vc_column_container vc_col-sm-2 thegem-custom-69e9b1cb7d6115567\"><div class=\"vc_column-inner thegem-custom-inner-69e9b1cb7d613\"><style>\n.thegem-template-wrapper .wpb_wrapper.thegem-custom-69e9b1cb7d6115567{display: flex !important;}.thegem-template-wrapper .wpb_wrapper.thegem-custom-69e9b1cb7d6115567{align-items: center !important;}.thegem-template-wrapper .wpb_wrapper.thegem-custom-69e9b1cb7d6115567{justify-content: flex-start !important;}.thegem-template-wrapper .wpb_wrapper.thegem-custom-69e9b1cb7d6115567{flex-direction: row !important;}.thegem-template-wrapper .wpb_wrapper.thegem-custom-69e9b1cb7d6115567{flex-wrap: wrap !important;}<\/style><div class=\"wpb_wrapper thegem-custom-69e9b1cb7d6115567\"><\/div><\/div><\/div><div class=\"wpb_column vc_column_container vc_col-sm-8 thegem-custom-69e9b1cb7d71b7479\"><div class=\"vc_column-inner thegem-custom-inner-69e9b1cb7d71d\"><style>\n.thegem-template-wrapper .wpb_wrapper.thegem-custom-69e9b1cb7d71b7479{display: flex !important;}.thegem-template-wrapper .wpb_wrapper.thegem-custom-69e9b1cb7d71b7479{align-items: center !important;}.thegem-template-wrapper .wpb_wrapper.thegem-custom-69e9b1cb7d71b7479{justify-content: flex-start !important;}.thegem-template-wrapper .wpb_wrapper.thegem-custom-69e9b1cb7d71b7479{flex-direction: row !important;}.thegem-template-wrapper .wpb_wrapper.thegem-custom-69e9b1cb7d71b7479{flex-wrap: wrap !important;}<\/style><div class=\"wpb_wrapper thegem-custom-69e9b1cb7d71b7479\"><div class=\"vc_row wpb_row vc_inner vc_row-fluid custom-inner-column-69e9b1cb7d8d0\"><script type=\"text\/javascript\">(function() {\r\n\r\n    function TheGemAdvancedAnimation() {\r\n        this.animateClass = 'thegem-advanced-animation';\r\n        this.animatedClass = 'thegem-advanced-animation-animated';\r\n    }\r\n\r\n    TheGemAdvancedAnimation.prototype = {\r\n        initialize: function () {\r\n            let items =  document.querySelectorAll('.'+this.animateClass);\r\n\r\n            if ('IntersectionObserver' in window) {\r\n                let intersectionObserver = new IntersectionObserver((entries, observer)=>{\r\n                    entries.forEach((entry)=> {\r\n                        if (entry.isIntersecting) {\r\n                            this.startAnimation(entry.target);\r\n                            intersectionObserver.unobserve(entry.target);\r\n                        }\r\n                    });\r\n                });\r\n\r\n                items.forEach((item)=>{\r\n                    intersectionObserver.observe(item);\r\n                });\r\n            } else {\r\n                items.forEach((item)=>{\r\n                    this.startAnimation(item);\r\n                });\r\n            }\r\n        },\r\n\r\n        startAnimation: function (element) {\r\n            if (element.classList.contains(this.animateClass)) {\r\n                setTimeout(() => {\r\n                    element.classList.remove(this.animateClass);\r\n                    element.classList.add(this.animatedClass);\r\n                }, 300);\r\n            }\r\n        }\r\n    };\r\n\r\n    window.theGemAdvancedAnimation= new TheGemAdvancedAnimation();\r\n    document.addEventListener('DOMContentLoaded', function() {\r\n        window.theGemAdvancedAnimation.initialize();\r\n    });\r\n\r\n    if (window.parent.vc) {\r\n        window.parent.vc.events.on('shortcodeView:updated', function (event) {\r\n            let element = event.view.el.querySelector('.thegem-advanced-animation');\r\n            window.theGemAdvancedAnimation.startAnimation(element);\r\n        });\r\n\r\n        window.parent.vc.events.on('app.render', function () {\r\n            window.theGemAdvancedAnimation.initialize();\r\n        });\r\n    }\r\n})();<\/script><div class=\"wpb_column vc_column_container vc_col-sm-12\"><div class=\"vc_column-inner thegem-custom-inner-69e9b1cb7da13\"><div class=\"wpb_wrapper\">\r\n\t\r\n\t\t<div class=\"wpb_text_column wpb_content_element  thegem-vc-text thegem-custom-69e9b1cb7db7b8714\"  >\r\n\t\t\t<div class=\"wpb_wrapper\">\r\n\t\t\t\t<h6 style=\"text-align: center;\"><strong>Seja um parceiro ARTICO<\/strong><\/h6>\n<h6 style=\"text-align: center;\">Eleve seus projetos a um novo patamar de requinte e sofistica\u00e7\u00e3o com as adegas Artico.<\/h6>\n<h6 style=\"text-align: center;\">Descubra mais sobre nossas colabora\u00e7\u00f5es com arquitetas e arquitetos de todo o Brasil.<\/h6>\n\r\n\t\t\t<\/div>\r\n\t\t<\/div>\r\n\t\r\n<div class=\"gem-button-container gem-button-position-center thegem-button-69e9b1cb7dcc7963\" \"><a class=\"gem-button gem-button-size-medium gem-button-style-flat gem-button-text-weight-normal\" style=\"border-radius: 3px;background-color: #000000;color: #ffffff;\" onmouseleave=\"this.style.backgroundColor='#000000';this.style.color='#ffffff';\" onmouseenter=\"\" href=\"https:\/\/www.artico.com.br\/en\/contato_especificador_artico\/\" target=\"_self\">saiba mais<\/a><\/div> <\/div><\/div><\/div><\/div><\/div><\/div><\/div><div class=\"wpb_column vc_column_container vc_col-sm-2 thegem-custom-69e9b1cb7ddc86665\"><div class=\"vc_column-inner thegem-custom-inner-69e9b1cb7ddc9\"><style>\n.thegem-template-wrapper .wpb_wrapper.thegem-custom-69e9b1cb7ddc86665{display: flex !important;}.thegem-template-wrapper .wpb_wrapper.thegem-custom-69e9b1cb7ddc86665{align-items: center !important;}.thegem-template-wrapper .wpb_wrapper.thegem-custom-69e9b1cb7ddc86665{justify-content: flex-start !important;}.thegem-template-wrapper .wpb_wrapper.thegem-custom-69e9b1cb7ddc86665{flex-direction: row !important;}.thegem-template-wrapper .wpb_wrapper.thegem-custom-69e9b1cb7ddc86665{flex-wrap: wrap !important;}<\/style><div class=\"wpb_wrapper thegem-custom-69e9b1cb7ddc86665\"><\/div><\/div><\/div><\/div><div class=\"vc_row-full-width vc_clearfix\"><\/div><div id=\"vc_row-69e9b1cb7df13\" class=\"vc_row wpb_row vc_row-fluid thegem-custom-69e9b1cb7df0b7279\"><div class=\"wpb_column vc_column_container vc_col-sm-12 thegem-custom-69e9b1cb7e0401618\"><div class=\"vc_column-inner thegem-custom-inner-69e9b1cb7e042\"><style>\n.thegem-template-wrapper .wpb_wrapper.thegem-custom-69e9b1cb7e0401618{display: flex !important;}.thegem-template-wrapper .wpb_wrapper.thegem-custom-69e9b1cb7e0401618{align-items: center !important;}.thegem-template-wrapper .wpb_wrapper.thegem-custom-69e9b1cb7e0401618{justify-content: flex-start !important;}.thegem-template-wrapper .wpb_wrapper.thegem-custom-69e9b1cb7e0401618{flex-direction: row !important;}.thegem-template-wrapper .wpb_wrapper.thegem-custom-69e9b1cb7e0401618{flex-wrap: wrap !important;}<\/style><div class=\"wpb_wrapper thegem-custom-69e9b1cb7e0401618\"><div class=\"vc_empty_space\"   style=\"height: 32px\"><span class=\"vc_empty_space_inner\"><\/span><\/div><\/div><\/div><\/div><\/div>","protected":false},"excerpt":{"rendered":"","protected":false},"author":1,"featured_media":0,"parent":0,"menu_order":5,"comment_status":"closed","ping_status":"closed","template":"","meta":[],"yoast_head":"<!-- This site is optimized with the Yoast SEO plugin v18.3 - https:\/\/yoast.com\/wordpress\/plugins\/seo\/ -->\n<title>Arquivos para download - \u00c1rtico Ind\u00fastria de Refrigera\u00e7\u00e3o<\/title>\n<meta name=\"robots\" content=\"index, follow, max-snippet:-1, max-image-preview:large, max-video-preview:-1\" \/>\n<link rel=\"canonical\" href=\"https:\/\/www.artico.com.br\/en\/arquivos-para-download-cvad\/\" \/>\n<meta property=\"og:locale\" content=\"en_US\" \/>\n<meta property=\"og:type\" content=\"article\" \/>\n<meta property=\"og:title\" content=\"Arquivos para download - \u00c1rtico Ind\u00fastria de Refrigera\u00e7\u00e3o\" \/>\n<meta property=\"og:url\" content=\"https:\/\/www.artico.com.br\/en\/arquivos-para-download-cvad\/\" \/>\n<meta property=\"og:site_name\" content=\"\u00c1rtico Ind\u00fastria de Refrigera\u00e7\u00e3o\" \/>\n<meta property=\"article:publisher\" content=\"https:\/\/pt-br.facebook.com\/articoindustriaderefrigeracao\" \/>\n<meta property=\"article:modified_time\" content=\"2025-06-27T11:24:05+00:00\" \/>\n<meta name=\"twitter:card\" content=\"summary_large_image\" \/>\n<meta name=\"twitter:label1\" content=\"Est. reading time\" \/>\n\t<meta name=\"twitter:data1\" content=\"1 minute\" \/>\n<script type=\"application\/ld+json\" class=\"yoast-schema-graph\">{\"@context\":\"https:\/\/schema.org\",\"@graph\":[{\"@type\":\"Organization\",\"@id\":\"https:\/\/www.artico.com.br\/es\/#organization\",\"name\":\"\u00c1rtico Ind\u00fastria de Refrigera\u00e7\u00e3o - A arte de expor e conservar\",\"url\":\"https:\/\/www.artico.com.br\/es\/\",\"sameAs\":[\"https:\/\/pt-br.facebook.com\/articoindustriaderefrigeracao\",\"https:\/\/www.instagram.com\/artico.refrigeracao\",\"https:\/\/br.linkedin.com\/company\/articoindrefrigeracao\"],\"logo\":{\"@type\":\"ImageObject\",\"@id\":\"https:\/\/www.artico.com.br\/es\/#logo\",\"inLanguage\":\"en-US\",\"url\":\"https:\/\/www.artico.com.br\/wp-content\/uploads\/2021\/04\/logo.png\",\"contentUrl\":\"https:\/\/www.artico.com.br\/wp-content\/uploads\/2021\/04\/logo.png\",\"width\":265,\"height\":265,\"caption\":\"\u00c1rtico Ind\u00fastria de Refrigera\u00e7\u00e3o - A arte de expor e conservar\"},\"image\":{\"@id\":\"https:\/\/www.artico.com.br\/es\/#logo\"}},{\"@type\":\"WebSite\",\"@id\":\"https:\/\/www.artico.com.br\/es\/#website\",\"url\":\"https:\/\/www.artico.com.br\/es\/\",\"name\":\"\u00c1rtico Ind\u00fastria de Refrigera\u00e7\u00e3o\",\"description\":\"A arte de expor e conservar\",\"publisher\":{\"@id\":\"https:\/\/www.artico.com.br\/es\/#organization\"},\"potentialAction\":[{\"@type\":\"SearchAction\",\"target\":{\"@type\":\"EntryPoint\",\"urlTemplate\":\"https:\/\/www.artico.com.br\/es\/?s={search_term_string}\"},\"query-input\":\"required name=search_term_string\"}],\"inLanguage\":\"en-US\"},{\"@type\":\"WebPage\",\"@id\":\"https:\/\/www.artico.com.br\/arquivos-para-download-cvad\/#webpage\",\"url\":\"https:\/\/www.artico.com.br\/arquivos-para-download-cvad\/\",\"name\":\"Arquivos para download - \u00c1rtico Ind\u00fastria de Refrigera\u00e7\u00e3o\",\"isPartOf\":{\"@id\":\"https:\/\/www.artico.com.br\/es\/#website\"},\"datePublished\":\"2025-06-27T11:20:29+00:00\",\"dateModified\":\"2025-06-27T11:24:05+00:00\",\"breadcrumb\":{\"@id\":\"https:\/\/www.artico.com.br\/arquivos-para-download-cvad\/#breadcrumb\"},\"inLanguage\":\"en-US\",\"potentialAction\":[{\"@type\":\"ReadAction\",\"target\":[\"https:\/\/www.artico.com.br\/arquivos-para-download-cvad\/\"]}]},{\"@type\":\"BreadcrumbList\",\"@id\":\"https:\/\/www.artico.com.br\/arquivos-para-download-cvad\/#breadcrumb\",\"itemListElement\":[{\"@type\":\"ListItem\",\"position\":1,\"name\":\"In\u00edcio\",\"item\":\"https:\/\/www.artico.com.br\/es\/\"},{\"@type\":\"ListItem\",\"position\":2,\"name\":\"Arquivos para download\"}]}]}<\/script>\n<!-- \/ Yoast SEO plugin. -->","yoast_head_json":{"title":"Arquivos para download - \u00c1rtico Ind\u00fastria de Refrigera\u00e7\u00e3o","robots":{"index":"index","follow":"follow","max-snippet":"max-snippet:-1","max-image-preview":"max-image-preview:large","max-video-preview":"max-video-preview:-1"},"canonical":"https:\/\/www.artico.com.br\/en\/arquivos-para-download-cvad\/","og_locale":"en_US","og_type":"article","og_title":"Arquivos para download - \u00c1rtico Ind\u00fastria de Refrigera\u00e7\u00e3o","og_url":"https:\/\/www.artico.com.br\/en\/arquivos-para-download-cvad\/","og_site_name":"\u00c1rtico Ind\u00fastria de Refrigera\u00e7\u00e3o","article_publisher":"https:\/\/pt-br.facebook.com\/articoindustriaderefrigeracao","article_modified_time":"2025-06-27T11:24:05+00:00","twitter_card":"summary_large_image","twitter_misc":{"Est. reading time":"1 minute"},"schema":{"@context":"https:\/\/schema.org","@graph":[{"@type":"Organization","@id":"https:\/\/www.artico.com.br\/es\/#organization","name":"\u00c1rtico Ind\u00fastria de Refrigera\u00e7\u00e3o - A arte de expor e conservar","url":"https:\/\/www.artico.com.br\/es\/","sameAs":["https:\/\/pt-br.facebook.com\/articoindustriaderefrigeracao","https:\/\/www.instagram.com\/artico.refrigeracao","https:\/\/br.linkedin.com\/company\/articoindrefrigeracao"],"logo":{"@type":"ImageObject","@id":"https:\/\/www.artico.com.br\/es\/#logo","inLanguage":"en-US","url":"https:\/\/www.artico.com.br\/wp-content\/uploads\/2021\/04\/logo.png","contentUrl":"https:\/\/www.artico.com.br\/wp-content\/uploads\/2021\/04\/logo.png","width":265,"height":265,"caption":"\u00c1rtico Ind\u00fastria de Refrigera\u00e7\u00e3o - A arte de expor e conservar"},"image":{"@id":"https:\/\/www.artico.com.br\/es\/#logo"}},{"@type":"WebSite","@id":"https:\/\/www.artico.com.br\/es\/#website","url":"https:\/\/www.artico.com.br\/es\/","name":"\u00c1rtico Ind\u00fastria de Refrigera\u00e7\u00e3o","description":"A arte de expor e conservar","publisher":{"@id":"https:\/\/www.artico.com.br\/es\/#organization"},"potentialAction":[{"@type":"SearchAction","target":{"@type":"EntryPoint","urlTemplate":"https:\/\/www.artico.com.br\/es\/?s={search_term_string}"},"query-input":"required name=search_term_string"}],"inLanguage":"en-US"},{"@type":"WebPage","@id":"https:\/\/www.artico.com.br\/arquivos-para-download-cvad\/#webpage","url":"https:\/\/www.artico.com.br\/arquivos-para-download-cvad\/","name":"Arquivos para download - \u00c1rtico Ind\u00fastria de Refrigera\u00e7\u00e3o","isPartOf":{"@id":"https:\/\/www.artico.com.br\/es\/#website"},"datePublished":"2025-06-27T11:20:29+00:00","dateModified":"2025-06-27T11:24:05+00:00","breadcrumb":{"@id":"https:\/\/www.artico.com.br\/arquivos-para-download-cvad\/#breadcrumb"},"inLanguage":"en-US","potentialAction":[{"@type":"ReadAction","target":["https:\/\/www.artico.com.br\/arquivos-para-download-cvad\/"]}]},{"@type":"BreadcrumbList","@id":"https:\/\/www.artico.com.br\/arquivos-para-download-cvad\/#breadcrumb","itemListElement":[{"@type":"ListItem","position":1,"name":"In\u00edcio","item":"https:\/\/www.artico.com.br\/es\/"},{"@type":"ListItem","position":2,"name":"Arquivos para download"}]}]}},"_links":{"self":[{"href":"https:\/\/www.artico.com.br\/en\/wp-json\/wp\/v2\/pages\/35067"}],"collection":[{"href":"https:\/\/www.artico.com.br\/en\/wp-json\/wp\/v2\/pages"}],"about":[{"href":"https:\/\/www.artico.com.br\/en\/wp-json\/wp\/v2\/types\/page"}],"author":[{"embeddable":true,"href":"https:\/\/www.artico.com.br\/en\/wp-json\/wp\/v2\/users\/1"}],"replies":[{"embeddable":true,"href":"https:\/\/www.artico.com.br\/en\/wp-json\/wp\/v2\/comments?post=35067"}],"version-history":[{"count":5,"href":"https:\/\/www.artico.com.br\/en\/wp-json\/wp\/v2\/pages\/35067\/revisions"}],"predecessor-version":[{"id":35074,"href":"https:\/\/www.artico.com.br\/en\/wp-json\/wp\/v2\/pages\/35067\/revisions\/35074"}],"wp:attachment":[{"href":"https:\/\/www.artico.com.br\/en\/wp-json\/wp\/v2\/media?parent=35067"}],"curies":[{"name":"wp","href":"https:\/\/api.w.org\/{rel}","templated":true}]}}