{"id":33957,"date":"2021-09-13T09:12:24","date_gmt":"2021-09-13T12:12:24","guid":{"rendered":"https:\/\/www.artico.com.br\/?page_id=33957"},"modified":"2024-09-03T13:50:07","modified_gmt":"2024-09-03T16:50:07","slug":"contato-orcamento-de-camaras","status":"publish","type":"page","link":"https:\/\/www.artico.com.br\/en\/contato-orcamento-de-camaras\/","title":{"rendered":"Contato &#8211; Or\u00e7amento de c\u00e2maras"},"content":{"rendered":"<div id=\"vc_row-69e9ef0bcd740\" class=\"vc_row wpb_row vc_row-fluid thegem-custom-69e9ef0bcd713405\"><div class=\"wpb_column vc_column_container vc_col-sm-12 thegem-custom-69e9ef0bcd8446087\"><div class=\"vc_column-inner thegem-custom-inner-69e9ef0bcd845\"><style>\n.thegem-template-wrapper .wpb_wrapper.thegem-custom-69e9ef0bcd8446087{display: flex !important;}.thegem-template-wrapper .wpb_wrapper.thegem-custom-69e9ef0bcd8446087{align-items: center !important;}.thegem-template-wrapper .wpb_wrapper.thegem-custom-69e9ef0bcd8446087{justify-content: flex-start !important;}.thegem-template-wrapper .wpb_wrapper.thegem-custom-69e9ef0bcd8446087{flex-direction: row !important;}.thegem-template-wrapper .wpb_wrapper.thegem-custom-69e9ef0bcd8446087{flex-wrap: wrap !important;}<\/style><div class=\"wpb_wrapper thegem-custom-69e9ef0bcd8446087\"><div id=\"custom-header-69e9ef0bcdb91\" class=\"custom-header gem-custom-header-icon-position-centered   fullwidth-block clearfix\" style=\"background-image: url(https:\/\/www.artico.com.br\/wp-content\/uploads\/2021\/03\/Fundo-Tela-Contato-1.png);background-repeat: repeat;padding-left: 21px; padding-right: 21px;\"><script type=\"text\/javascript\">if (typeof(gem_fix_fullwidth_position) == \"function\") { gem_fix_fullwidth_position(document.getElementById(\"custom-header-69e9ef0bcdb91\")); }<\/script><div class=\"gem-icon gem-icon-pack-material gem-icon-size-xlarge  gem-icon-shape-circle gem-simple-icon\" style=\"opacity:1;margin-top: 100px;\"><div class=\"gem-icon-inner\" style=\"\"><span class=\"gem-icon-half-1\" style=\"color: #00bcd4;\"><span class=\"back-angle\">&#xf2af;<\/span><\/span><span class=\"gem-icon-half-2\" style=\"color: #00bcd4;\"><span class=\"back-angle\">&#xf2af;<\/span><\/span><\/div><\/div>\r\n\t\t\t<div class=\"gem-custom-header-conteiner\"><div style=\"\" class=\"custom-header-title translation-block\">Contact<\/div><div class=\"custom-header-subtitle styled-subtitle\" style=\"padding-bottom:155px;\"><span class=\"light\" style=\"max-width:900px; color:#ffffff; \">Fill out the form below, requesting a service, quote, questions. We will contact you soon!<\/span><\/div><div class=\"breadcrumbs\"><span><a href=\"https:\/\/www.artico.com.br\/en\/\" itemprop=\"url\"><span itemprop=\"title\">Home<\/span><\/a><\/span><\/div><!-- .breadcrumbs --><\/div><\/div><\/div><\/div><\/div><\/div><div id=\"vc_row-69e9ef0bcdde1\" class=\"vc_row wpb_row vc_row-fluid thegem-custom-69e9ef0bcdddb9295\"><div class=\"wpb_column vc_column_container vc_col-sm-12 thegem-custom-69e9ef0bcdec9629\"><div class=\"vc_column-inner thegem-custom-inner-69e9ef0bcdecb\"><style>\n.thegem-template-wrapper .wpb_wrapper.thegem-custom-69e9ef0bcdec9629{display: flex !important;}.thegem-template-wrapper .wpb_wrapper.thegem-custom-69e9ef0bcdec9629{align-items: center !important;}.thegem-template-wrapper .wpb_wrapper.thegem-custom-69e9ef0bcdec9629{justify-content: flex-start !important;}.thegem-template-wrapper .wpb_wrapper.thegem-custom-69e9ef0bcdec9629{flex-direction: row !important;}.thegem-template-wrapper .wpb_wrapper.thegem-custom-69e9ef0bcdec9629{flex-wrap: wrap !important;}<\/style><div class=\"wpb_wrapper thegem-custom-69e9ef0bcdec9629\">\r\n\t<div class=\"wpb_raw_code wpb_content_element wpb_raw_html\" >\r\n\t\t<div class=\"wpb_wrapper\">\r\n\t\t\t<script>\nwindow.location.href = \"https:\/\/www.artico.com.br\/formulario_padrao\";\n<\/script>\r\n\t\t<\/div>\r\n\t<\/div>\r\n<\/div><\/div><\/div><\/div>","protected":false},"excerpt":{"rendered":"","protected":false},"author":1,"featured_media":0,"parent":0,"menu_order":5,"comment_status":"closed","ping_status":"closed","template":"","meta":[],"yoast_head":"<!-- This site is optimized with the Yoast SEO plugin v18.3 - https:\/\/yoast.com\/wordpress\/plugins\/seo\/ -->\n<title>Contato - Or\u00e7amento de c\u00e2maras - \u00c1rtico Ind\u00fastria de Refrigera\u00e7\u00e3o<\/title>\n<meta name=\"robots\" content=\"index, follow, max-snippet:-1, max-image-preview:large, max-video-preview:-1\" \/>\n<link rel=\"canonical\" href=\"https:\/\/www.artico.com.br\/en\/contato-orcamento-de-camaras\/\" \/>\n<meta property=\"og:locale\" content=\"en_US\" \/>\n<meta property=\"og:type\" content=\"article\" \/>\n<meta property=\"og:title\" content=\"Contato - Or\u00e7amento de c\u00e2maras - \u00c1rtico Ind\u00fastria de Refrigera\u00e7\u00e3o\" \/>\n<meta property=\"og:url\" content=\"https:\/\/www.artico.com.br\/en\/contato-orcamento-de-camaras\/\" \/>\n<meta property=\"og:site_name\" content=\"\u00c1rtico Ind\u00fastria de Refrigera\u00e7\u00e3o\" \/>\n<meta property=\"article:publisher\" content=\"https:\/\/pt-br.facebook.com\/articoindustriaderefrigeracao\" \/>\n<meta property=\"article:modified_time\" content=\"2024-09-03T16:50:07+00:00\" \/>\n<meta name=\"twitter:card\" content=\"summary_large_image\" \/>\n<meta name=\"twitter:label1\" content=\"Est. reading time\" \/>\n\t<meta name=\"twitter:data1\" content=\"1 minute\" \/>\n<script type=\"application\/ld+json\" class=\"yoast-schema-graph\">{\"@context\":\"https:\/\/schema.org\",\"@graph\":[{\"@type\":\"Organization\",\"@id\":\"https:\/\/www.artico.com.br\/es\/#organization\",\"name\":\"\u00c1rtico Ind\u00fastria de Refrigera\u00e7\u00e3o - A arte de expor e conservar\",\"url\":\"https:\/\/www.artico.com.br\/es\/\",\"sameAs\":[\"https:\/\/pt-br.facebook.com\/articoindustriaderefrigeracao\",\"https:\/\/www.instagram.com\/artico.refrigeracao\",\"https:\/\/br.linkedin.com\/company\/articoindrefrigeracao\"],\"logo\":{\"@type\":\"ImageObject\",\"@id\":\"https:\/\/www.artico.com.br\/es\/#logo\",\"inLanguage\":\"en-US\",\"url\":\"https:\/\/www.artico.com.br\/wp-content\/uploads\/2021\/04\/logo.png\",\"contentUrl\":\"https:\/\/www.artico.com.br\/wp-content\/uploads\/2021\/04\/logo.png\",\"width\":265,\"height\":265,\"caption\":\"\u00c1rtico Ind\u00fastria de Refrigera\u00e7\u00e3o - A arte de expor e conservar\"},\"image\":{\"@id\":\"https:\/\/www.artico.com.br\/es\/#logo\"}},{\"@type\":\"WebSite\",\"@id\":\"https:\/\/www.artico.com.br\/es\/#website\",\"url\":\"https:\/\/www.artico.com.br\/es\/\",\"name\":\"\u00c1rtico Ind\u00fastria de Refrigera\u00e7\u00e3o\",\"description\":\"A arte de expor e conservar\",\"publisher\":{\"@id\":\"https:\/\/www.artico.com.br\/es\/#organization\"},\"potentialAction\":[{\"@type\":\"SearchAction\",\"target\":{\"@type\":\"EntryPoint\",\"urlTemplate\":\"https:\/\/www.artico.com.br\/es\/?s={search_term_string}\"},\"query-input\":\"required name=search_term_string\"}],\"inLanguage\":\"en-US\"},{\"@type\":\"WebPage\",\"@id\":\"https:\/\/www.artico.com.br\/contato-orcamento-de-camaras\/#webpage\",\"url\":\"https:\/\/www.artico.com.br\/contato-orcamento-de-camaras\/\",\"name\":\"Contato - Or\u00e7amento de c\u00e2maras - \u00c1rtico Ind\u00fastria de Refrigera\u00e7\u00e3o\",\"isPartOf\":{\"@id\":\"https:\/\/www.artico.com.br\/es\/#website\"},\"datePublished\":\"2021-09-13T12:12:24+00:00\",\"dateModified\":\"2024-09-03T16:50:07+00:00\",\"breadcrumb\":{\"@id\":\"https:\/\/www.artico.com.br\/contato-orcamento-de-camaras\/#breadcrumb\"},\"inLanguage\":\"en-US\",\"potentialAction\":[{\"@type\":\"ReadAction\",\"target\":[\"https:\/\/www.artico.com.br\/contato-orcamento-de-camaras\/\"]}]},{\"@type\":\"BreadcrumbList\",\"@id\":\"https:\/\/www.artico.com.br\/contato-orcamento-de-camaras\/#breadcrumb\",\"itemListElement\":[{\"@type\":\"ListItem\",\"position\":1,\"name\":\"In\u00edcio\",\"item\":\"https:\/\/www.artico.com.br\/es\/\"},{\"@type\":\"ListItem\",\"position\":2,\"name\":\"Contato &#8211; Or\u00e7amento de c\u00e2maras\"}]}]}<\/script>\n<!-- \/ Yoast SEO plugin. -->","yoast_head_json":{"title":"Contato - Or\u00e7amento de c\u00e2maras - \u00c1rtico Ind\u00fastria de Refrigera\u00e7\u00e3o","robots":{"index":"index","follow":"follow","max-snippet":"max-snippet:-1","max-image-preview":"max-image-preview:large","max-video-preview":"max-video-preview:-1"},"canonical":"https:\/\/www.artico.com.br\/en\/contato-orcamento-de-camaras\/","og_locale":"en_US","og_type":"article","og_title":"Contato - Or\u00e7amento de c\u00e2maras - \u00c1rtico Ind\u00fastria de Refrigera\u00e7\u00e3o","og_url":"https:\/\/www.artico.com.br\/en\/contato-orcamento-de-camaras\/","og_site_name":"\u00c1rtico Ind\u00fastria de Refrigera\u00e7\u00e3o","article_publisher":"https:\/\/pt-br.facebook.com\/articoindustriaderefrigeracao","article_modified_time":"2024-09-03T16:50:07+00:00","twitter_card":"summary_large_image","twitter_misc":{"Est. reading time":"1 minute"},"schema":{"@context":"https:\/\/schema.org","@graph":[{"@type":"Organization","@id":"https:\/\/www.artico.com.br\/es\/#organization","name":"\u00c1rtico Ind\u00fastria de Refrigera\u00e7\u00e3o - A arte de expor e conservar","url":"https:\/\/www.artico.com.br\/es\/","sameAs":["https:\/\/pt-br.facebook.com\/articoindustriaderefrigeracao","https:\/\/www.instagram.com\/artico.refrigeracao","https:\/\/br.linkedin.com\/company\/articoindrefrigeracao"],"logo":{"@type":"ImageObject","@id":"https:\/\/www.artico.com.br\/es\/#logo","inLanguage":"en-US","url":"https:\/\/www.artico.com.br\/wp-content\/uploads\/2021\/04\/logo.png","contentUrl":"https:\/\/www.artico.com.br\/wp-content\/uploads\/2021\/04\/logo.png","width":265,"height":265,"caption":"\u00c1rtico Ind\u00fastria de Refrigera\u00e7\u00e3o - A arte de expor e conservar"},"image":{"@id":"https:\/\/www.artico.com.br\/es\/#logo"}},{"@type":"WebSite","@id":"https:\/\/www.artico.com.br\/es\/#website","url":"https:\/\/www.artico.com.br\/es\/","name":"\u00c1rtico Ind\u00fastria de Refrigera\u00e7\u00e3o","description":"A arte de expor e conservar","publisher":{"@id":"https:\/\/www.artico.com.br\/es\/#organization"},"potentialAction":[{"@type":"SearchAction","target":{"@type":"EntryPoint","urlTemplate":"https:\/\/www.artico.com.br\/es\/?s={search_term_string}"},"query-input":"required name=search_term_string"}],"inLanguage":"en-US"},{"@type":"WebPage","@id":"https:\/\/www.artico.com.br\/contato-orcamento-de-camaras\/#webpage","url":"https:\/\/www.artico.com.br\/contato-orcamento-de-camaras\/","name":"Contato - Or\u00e7amento de c\u00e2maras - \u00c1rtico Ind\u00fastria de Refrigera\u00e7\u00e3o","isPartOf":{"@id":"https:\/\/www.artico.com.br\/es\/#website"},"datePublished":"2021-09-13T12:12:24+00:00","dateModified":"2024-09-03T16:50:07+00:00","breadcrumb":{"@id":"https:\/\/www.artico.com.br\/contato-orcamento-de-camaras\/#breadcrumb"},"inLanguage":"en-US","potentialAction":[{"@type":"ReadAction","target":["https:\/\/www.artico.com.br\/contato-orcamento-de-camaras\/"]}]},{"@type":"BreadcrumbList","@id":"https:\/\/www.artico.com.br\/contato-orcamento-de-camaras\/#breadcrumb","itemListElement":[{"@type":"ListItem","position":1,"name":"In\u00edcio","item":"https:\/\/www.artico.com.br\/es\/"},{"@type":"ListItem","position":2,"name":"Contato &#8211; Or\u00e7amento de c\u00e2maras"}]}]}},"_links":{"self":[{"href":"https:\/\/www.artico.com.br\/en\/wp-json\/wp\/v2\/pages\/33957"}],"collection":[{"href":"https:\/\/www.artico.com.br\/en\/wp-json\/wp\/v2\/pages"}],"about":[{"href":"https:\/\/www.artico.com.br\/en\/wp-json\/wp\/v2\/types\/page"}],"author":[{"embeddable":true,"href":"https:\/\/www.artico.com.br\/en\/wp-json\/wp\/v2\/users\/1"}],"replies":[{"embeddable":true,"href":"https:\/\/www.artico.com.br\/en\/wp-json\/wp\/v2\/comments?post=33957"}],"version-history":[{"count":43,"href":"https:\/\/www.artico.com.br\/en\/wp-json\/wp\/v2\/pages\/33957\/revisions"}],"predecessor-version":[{"id":34733,"href":"https:\/\/www.artico.com.br\/en\/wp-json\/wp\/v2\/pages\/33957\/revisions\/34733"}],"wp:attachment":[{"href":"https:\/\/www.artico.com.br\/en\/wp-json\/wp\/v2\/media?parent=33957"}],"curies":[{"name":"wp","href":"https:\/\/api.w.org\/{rel}","templated":true}]}}