{"id":33897,"date":"2021-07-15T10:44:31","date_gmt":"2021-07-15T13:44:31","guid":{"rendered":"https:\/\/www.artico.com.br\/?page_id=33897"},"modified":"2025-01-16T14:54:14","modified_gmt":"2025-01-16T17:54:14","slug":"parceiros-do-varejo","status":"publish","type":"page","link":"https:\/\/www.artico.com.br\/en\/parceiros-do-varejo\/","title":{"rendered":"RETAIL PARTNERS"},"content":{"rendered":"<div id=\"vc_row-69e9b1cb89a65\" class=\"vc_row wpb_row vc_row-fluid thegem-custom-69e9b1cb89a553894\"><div class=\"wpb_column vc_column_container vc_col-sm-12 thegem-custom-69e9b1cb89bec4810\"><div class=\"vc_column-inner thegem-custom-inner-69e9b1cb89bed\"><style>\n.thegem-template-wrapper .wpb_wrapper.thegem-custom-69e9b1cb89bec4810{display: flex !important;}.thegem-template-wrapper .wpb_wrapper.thegem-custom-69e9b1cb89bec4810{align-items: center !important;}.thegem-template-wrapper .wpb_wrapper.thegem-custom-69e9b1cb89bec4810{justify-content: flex-start !important;}.thegem-template-wrapper .wpb_wrapper.thegem-custom-69e9b1cb89bec4810{flex-direction: row !important;}.thegem-template-wrapper .wpb_wrapper.thegem-custom-69e9b1cb89bec4810{flex-wrap: wrap !important;}<\/style><div class=\"wpb_wrapper thegem-custom-69e9b1cb89bec4810\">\r\n\t\r\n\t\t<div class=\"wpb_text_column wpb_content_element  thegem-vc-text thegem-custom-69e9b1cb89e842495\"  >\r\n\t\t\t<div class=\"wpb_wrapper\">\r\n\t\t\t\t<p>\u00c1rtico serves food and beverage companies in Brazil, and in South American countries. There are several sectors, among them, Ice Cream shops, Bakeries, Emporiums, Meat Stores, Supermarkets, Bars and Restaurants. We deliver the complete solution in refrigeration and exhibition, with Inmetro-certified equipment, carpentry furniture, and superior quality projects.<\/p>\n<h6 style=\"text-align: center;\"><strong>MEET SOME OF THE RETAIL PARTNERS BELOW.<\/strong><\/h6>\n\r\n\t\t\t<\/div>\r\n\t\t<\/div>\r\n\t\r\n\r\n\t\r\n\t<div  class=\"wpb_single_image wpb_content_element vc_align_center\" >\r\n\t\t\r\n\t\t<figure class=\"wpb_wrapper vc_figure\">\r\n\t\t\t<div class=\"vc_single_image-wrapper   vc_box_border_grey\"><img width=\"1280\" height=\"720\" src=\"https:\/\/www.artico.com.br\/wp-content\/uploads\/2021\/07\/PRINCIPAIS-CLIENTES.jpg\" class=\"vc_single_image-img attachment-full\" alt=\"\" title=\"PRINCIPAIS CLIENTES\" srcset=\"https:\/\/www.artico.com.br\/wp-content\/uploads\/2021\/07\/PRINCIPAIS-CLIENTES.jpg 1280w, https:\/\/www.artico.com.br\/wp-content\/uploads\/2021\/07\/PRINCIPAIS-CLIENTES-300x169.jpg 300w, https:\/\/www.artico.com.br\/wp-content\/uploads\/2021\/07\/PRINCIPAIS-CLIENTES-1024x576.jpg 1024w, https:\/\/www.artico.com.br\/wp-content\/uploads\/2021\/07\/PRINCIPAIS-CLIENTES-768x432.jpg 768w\" sizes=\"(max-width: 1280px) 100vw, 1280px\" \/><\/div>\r\n\t\t<\/figure>\r\n\t<\/div>\r\n\t\r\n\r\n\t\r\n\t\t<div class=\"wpb_text_column wpb_content_element  thegem-vc-text thegem-custom-69e9b1cb8a3ba2703\"  >\r\n\t\t\t<div class=\"wpb_wrapper\">\r\n\t\t\t\t<h4><\/h4>\n<p>&nbsp;<\/p>\n<h5 style=\"text-align: center;\">BE PART OF THIS SATISFIED CUSTOMER TEAM, AND CONTACT OUR TEAM!<\/h5>\n<style>.page-title-block{background-color: #FFFFFF!important;padding-top: 30px !important;padding-bottom: 30px !important;}#page-title h1{font-size: 30px !important;color: #000000 !important;}<\/style>\n\r\n\t\t\t<\/div>\r\n\t\t<\/div>\r\n\t\r\n<\/div><\/div><\/div><\/div>","protected":false},"excerpt":{"rendered":"","protected":false},"author":1,"featured_media":0,"parent":0,"menu_order":0,"comment_status":"closed","ping_status":"closed","template":"","meta":[],"yoast_head":"<!-- This site is optimized with the Yoast SEO plugin v18.3 - https:\/\/yoast.com\/wordpress\/plugins\/seo\/ -->\n<title>Parceiros do varejo - \u00c1rtico Ind\u00fastria de Refrigera\u00e7\u00e3o<\/title>\n<meta name=\"robots\" content=\"index, follow, max-snippet:-1, max-image-preview:large, max-video-preview:-1\" \/>\n<link rel=\"canonical\" href=\"https:\/\/www.artico.com.br\/en\/parceiros-do-varejo\/\" \/>\n<meta property=\"og:locale\" content=\"en_US\" \/>\n<meta property=\"og:type\" content=\"article\" \/>\n<meta property=\"og:title\" content=\"Parceiros do varejo - \u00c1rtico Ind\u00fastria de Refrigera\u00e7\u00e3o\" \/>\n<meta property=\"og:url\" content=\"https:\/\/www.artico.com.br\/en\/parceiros-do-varejo\/\" \/>\n<meta property=\"og:site_name\" content=\"\u00c1rtico Ind\u00fastria de Refrigera\u00e7\u00e3o\" \/>\n<meta property=\"article:publisher\" content=\"https:\/\/pt-br.facebook.com\/articoindustriaderefrigeracao\" \/>\n<meta property=\"article:modified_time\" content=\"2025-01-16T17:54:14+00:00\" \/>\n<meta name=\"twitter:card\" content=\"summary_large_image\" \/>\n<meta name=\"twitter:label1\" content=\"Est. reading time\" \/>\n\t<meta name=\"twitter:data1\" content=\"1 minute\" \/>\n<script type=\"application\/ld+json\" class=\"yoast-schema-graph\">{\"@context\":\"https:\/\/schema.org\",\"@graph\":[{\"@type\":\"Organization\",\"@id\":\"https:\/\/www.artico.com.br\/es\/#organization\",\"name\":\"\u00c1rtico Ind\u00fastria de Refrigera\u00e7\u00e3o - A arte de expor e conservar\",\"url\":\"https:\/\/www.artico.com.br\/es\/\",\"sameAs\":[\"https:\/\/pt-br.facebook.com\/articoindustriaderefrigeracao\",\"https:\/\/www.instagram.com\/artico.refrigeracao\",\"https:\/\/br.linkedin.com\/company\/articoindrefrigeracao\"],\"logo\":{\"@type\":\"ImageObject\",\"@id\":\"https:\/\/www.artico.com.br\/es\/#logo\",\"inLanguage\":\"en-US\",\"url\":\"https:\/\/www.artico.com.br\/wp-content\/uploads\/2021\/04\/logo.png\",\"contentUrl\":\"https:\/\/www.artico.com.br\/wp-content\/uploads\/2021\/04\/logo.png\",\"width\":265,\"height\":265,\"caption\":\"\u00c1rtico Ind\u00fastria de Refrigera\u00e7\u00e3o - A arte de expor e conservar\"},\"image\":{\"@id\":\"https:\/\/www.artico.com.br\/es\/#logo\"}},{\"@type\":\"WebSite\",\"@id\":\"https:\/\/www.artico.com.br\/es\/#website\",\"url\":\"https:\/\/www.artico.com.br\/es\/\",\"name\":\"\u00c1rtico Ind\u00fastria de Refrigera\u00e7\u00e3o\",\"description\":\"A arte de expor e conservar\",\"publisher\":{\"@id\":\"https:\/\/www.artico.com.br\/es\/#organization\"},\"potentialAction\":[{\"@type\":\"SearchAction\",\"target\":{\"@type\":\"EntryPoint\",\"urlTemplate\":\"https:\/\/www.artico.com.br\/es\/?s={search_term_string}\"},\"query-input\":\"required name=search_term_string\"}],\"inLanguage\":\"en-US\"},{\"@type\":\"WebPage\",\"@id\":\"https:\/\/www.artico.com.br\/es\/parceiros-do-varejo\/#webpage\",\"url\":\"https:\/\/www.artico.com.br\/es\/parceiros-do-varejo\/\",\"name\":\"Parceiros do varejo - \u00c1rtico Ind\u00fastria de Refrigera\u00e7\u00e3o\",\"isPartOf\":{\"@id\":\"https:\/\/www.artico.com.br\/es\/#website\"},\"datePublished\":\"2021-07-15T13:44:31+00:00\",\"dateModified\":\"2025-01-16T17:54:14+00:00\",\"breadcrumb\":{\"@id\":\"https:\/\/www.artico.com.br\/es\/parceiros-do-varejo\/#breadcrumb\"},\"inLanguage\":\"en-US\",\"potentialAction\":[{\"@type\":\"ReadAction\",\"target\":[\"https:\/\/www.artico.com.br\/es\/parceiros-do-varejo\/\"]}]},{\"@type\":\"BreadcrumbList\",\"@id\":\"https:\/\/www.artico.com.br\/es\/parceiros-do-varejo\/#breadcrumb\",\"itemListElement\":[{\"@type\":\"ListItem\",\"position\":1,\"name\":\"In\u00edcio\",\"item\":\"https:\/\/www.artico.com.br\/es\/\"},{\"@type\":\"ListItem\",\"position\":2,\"name\":\"Parceiros do varejo\"}]}]}<\/script>\n<!-- \/ Yoast SEO plugin. -->","yoast_head_json":{"title":"Parceiros do varejo - \u00c1rtico Ind\u00fastria de Refrigera\u00e7\u00e3o","robots":{"index":"index","follow":"follow","max-snippet":"max-snippet:-1","max-image-preview":"max-image-preview:large","max-video-preview":"max-video-preview:-1"},"canonical":"https:\/\/www.artico.com.br\/en\/parceiros-do-varejo\/","og_locale":"en_US","og_type":"article","og_title":"Parceiros do varejo - \u00c1rtico Ind\u00fastria de Refrigera\u00e7\u00e3o","og_url":"https:\/\/www.artico.com.br\/en\/parceiros-do-varejo\/","og_site_name":"\u00c1rtico Ind\u00fastria de Refrigera\u00e7\u00e3o","article_publisher":"https:\/\/pt-br.facebook.com\/articoindustriaderefrigeracao","article_modified_time":"2025-01-16T17:54:14+00:00","twitter_card":"summary_large_image","twitter_misc":{"Est. reading time":"1 minute"},"schema":{"@context":"https:\/\/schema.org","@graph":[{"@type":"Organization","@id":"https:\/\/www.artico.com.br\/es\/#organization","name":"\u00c1rtico Ind\u00fastria de Refrigera\u00e7\u00e3o - A arte de expor e conservar","url":"https:\/\/www.artico.com.br\/es\/","sameAs":["https:\/\/pt-br.facebook.com\/articoindustriaderefrigeracao","https:\/\/www.instagram.com\/artico.refrigeracao","https:\/\/br.linkedin.com\/company\/articoindrefrigeracao"],"logo":{"@type":"ImageObject","@id":"https:\/\/www.artico.com.br\/es\/#logo","inLanguage":"en-US","url":"https:\/\/www.artico.com.br\/wp-content\/uploads\/2021\/04\/logo.png","contentUrl":"https:\/\/www.artico.com.br\/wp-content\/uploads\/2021\/04\/logo.png","width":265,"height":265,"caption":"\u00c1rtico Ind\u00fastria de Refrigera\u00e7\u00e3o - A arte de expor e conservar"},"image":{"@id":"https:\/\/www.artico.com.br\/es\/#logo"}},{"@type":"WebSite","@id":"https:\/\/www.artico.com.br\/es\/#website","url":"https:\/\/www.artico.com.br\/es\/","name":"\u00c1rtico Ind\u00fastria de Refrigera\u00e7\u00e3o","description":"A arte de expor e conservar","publisher":{"@id":"https:\/\/www.artico.com.br\/es\/#organization"},"potentialAction":[{"@type":"SearchAction","target":{"@type":"EntryPoint","urlTemplate":"https:\/\/www.artico.com.br\/es\/?s={search_term_string}"},"query-input":"required name=search_term_string"}],"inLanguage":"en-US"},{"@type":"WebPage","@id":"https:\/\/www.artico.com.br\/es\/parceiros-do-varejo\/#webpage","url":"https:\/\/www.artico.com.br\/es\/parceiros-do-varejo\/","name":"Parceiros do varejo - \u00c1rtico Ind\u00fastria de Refrigera\u00e7\u00e3o","isPartOf":{"@id":"https:\/\/www.artico.com.br\/es\/#website"},"datePublished":"2021-07-15T13:44:31+00:00","dateModified":"2025-01-16T17:54:14+00:00","breadcrumb":{"@id":"https:\/\/www.artico.com.br\/es\/parceiros-do-varejo\/#breadcrumb"},"inLanguage":"en-US","potentialAction":[{"@type":"ReadAction","target":["https:\/\/www.artico.com.br\/es\/parceiros-do-varejo\/"]}]},{"@type":"BreadcrumbList","@id":"https:\/\/www.artico.com.br\/es\/parceiros-do-varejo\/#breadcrumb","itemListElement":[{"@type":"ListItem","position":1,"name":"In\u00edcio","item":"https:\/\/www.artico.com.br\/es\/"},{"@type":"ListItem","position":2,"name":"Parceiros do varejo"}]}]}},"_links":{"self":[{"href":"https:\/\/www.artico.com.br\/en\/wp-json\/wp\/v2\/pages\/33897"}],"collection":[{"href":"https:\/\/www.artico.com.br\/en\/wp-json\/wp\/v2\/pages"}],"about":[{"href":"https:\/\/www.artico.com.br\/en\/wp-json\/wp\/v2\/types\/page"}],"author":[{"embeddable":true,"href":"https:\/\/www.artico.com.br\/en\/wp-json\/wp\/v2\/users\/1"}],"replies":[{"embeddable":true,"href":"https:\/\/www.artico.com.br\/en\/wp-json\/wp\/v2\/comments?post=33897"}],"version-history":[{"count":5,"href":"https:\/\/www.artico.com.br\/en\/wp-json\/wp\/v2\/pages\/33897\/revisions"}],"predecessor-version":[{"id":34839,"href":"https:\/\/www.artico.com.br\/en\/wp-json\/wp\/v2\/pages\/33897\/revisions\/34839"}],"wp:attachment":[{"href":"https:\/\/www.artico.com.br\/en\/wp-json\/wp\/v2\/media?parent=33897"}],"curies":[{"name":"wp","href":"https:\/\/api.w.org\/{rel}","templated":true}]}}