{"id":32463,"date":"2020-07-02T09:20:52","date_gmt":"2020-07-02T12:20:52","guid":{"rendered":"http:\/\/localhost\/wordpress\/?page_id=32463"},"modified":"2020-09-29T09:34:13","modified_gmt":"2020-09-29T12:34:13","slug":"tour-360o","status":"publish","type":"page","link":"https:\/\/www.artico.com.br\/en\/tour-360o\/","title":{"rendered":"Tour 360\u00ba"},"content":{"rendered":"<div id=\"vc_row-69f35bee58d1c\" class=\"vc_row wpb_row vc_row-fluid thegem-custom-69f35bee58cf18105\"><div class=\"wpb_column vc_column_container vc_col-sm-12 thegem-custom-69f35bee58e387334\"><div class=\"vc_column-inner thegem-custom-inner-69f35bee58e39\"><style>\n.thegem-template-wrapper .wpb_wrapper.thegem-custom-69f35bee58e387334{display: flex !important;}.thegem-template-wrapper .wpb_wrapper.thegem-custom-69f35bee58e387334{align-items: center !important;}.thegem-template-wrapper .wpb_wrapper.thegem-custom-69f35bee58e387334{justify-content: flex-start !important;}.thegem-template-wrapper .wpb_wrapper.thegem-custom-69f35bee58e387334{flex-direction: row !important;}.thegem-template-wrapper .wpb_wrapper.thegem-custom-69f35bee58e387334{flex-wrap: wrap !important;}<\/style><div class=\"wpb_wrapper thegem-custom-69f35bee58e387334\">\r\n\t<div class=\"wpb_raw_code wpb_content_element wpb_raw_html\" >\r\n\t\t<div class=\"wpb_wrapper\">\r\n\t\t\t <script src=\"..\/wp-content\/themes\/thegem\/js\/aframe-master.js\"><\/script>\n<a-scene>\n      <a-sky src=\"..\/wp-content\/themes\/thegem\/images\/puydesancy_artico.jpg\" rotation=\"0 -130 0\"><\/a-sky>\n\n      <a-text font=\"kelsonsans\" value=\"Artico industria de refrigeracao\" width=\"6\" position=\"-2.5 0.25 -1.5\"\n              rotation=\"0 15 0\"><\/a-text>\n    <\/a-scene>\r\n\t\t<\/div>\r\n\t<\/div>\r\n\r\n\t<div class=\"wpb_raw_code wpb_raw_js\" >\r\n\t\t<div class=\"wpb_wrapper\">\r\n\t\t\t<script>\njQuery(function($) {\n$('.header-main').remove();\n});\n<\/script>\r\n\t\t<\/div>\r\n\t<\/div>\r\n<\/div><\/div><\/div><\/div>","protected":false},"excerpt":{"rendered":"","protected":false},"author":1,"featured_media":0,"parent":0,"menu_order":0,"comment_status":"closed","ping_status":"closed","template":"","meta":[],"yoast_head":"<!-- This site is optimized with the Yoast SEO plugin v18.3 - https:\/\/yoast.com\/wordpress\/plugins\/seo\/ -->\n<title>Tour 360\u00ba - \u00c1rtico Ind\u00fastria de Refrigera\u00e7\u00e3o<\/title>\n<meta name=\"robots\" content=\"index, follow, max-snippet:-1, max-image-preview:large, max-video-preview:-1\" \/>\n<link rel=\"canonical\" href=\"https:\/\/www.artico.com.br\/en\/tour-360o\/\" \/>\n<meta property=\"og:locale\" content=\"en_US\" \/>\n<meta property=\"og:type\" content=\"article\" \/>\n<meta property=\"og:title\" content=\"Tour 360\u00ba - \u00c1rtico Ind\u00fastria de Refrigera\u00e7\u00e3o\" \/>\n<meta property=\"og:url\" content=\"https:\/\/www.artico.com.br\/en\/tour-360o\/\" \/>\n<meta property=\"og:site_name\" content=\"\u00c1rtico Ind\u00fastria de Refrigera\u00e7\u00e3o\" \/>\n<meta property=\"article:publisher\" content=\"https:\/\/pt-br.facebook.com\/articoindustriaderefrigeracao\" \/>\n<meta property=\"article:modified_time\" content=\"2020-09-29T12:34:13+00:00\" \/>\n<meta name=\"twitter:card\" content=\"summary_large_image\" \/>\n<script type=\"application\/ld+json\" class=\"yoast-schema-graph\">{\"@context\":\"https:\/\/schema.org\",\"@graph\":[{\"@type\":\"Organization\",\"@id\":\"https:\/\/www.artico.com.br\/es\/#organization\",\"name\":\"\u00c1rtico Ind\u00fastria de Refrigera\u00e7\u00e3o - A arte de expor e conservar\",\"url\":\"https:\/\/www.artico.com.br\/es\/\",\"sameAs\":[\"https:\/\/pt-br.facebook.com\/articoindustriaderefrigeracao\",\"https:\/\/www.instagram.com\/artico.refrigeracao\",\"https:\/\/br.linkedin.com\/company\/articoindrefrigeracao\"],\"logo\":{\"@type\":\"ImageObject\",\"@id\":\"https:\/\/www.artico.com.br\/es\/#logo\",\"inLanguage\":\"en-US\",\"url\":\"https:\/\/www.artico.com.br\/wp-content\/uploads\/2021\/04\/logo.png\",\"contentUrl\":\"https:\/\/www.artico.com.br\/wp-content\/uploads\/2021\/04\/logo.png\",\"width\":265,\"height\":265,\"caption\":\"\u00c1rtico Ind\u00fastria de Refrigera\u00e7\u00e3o - A arte de expor e conservar\"},\"image\":{\"@id\":\"https:\/\/www.artico.com.br\/es\/#logo\"}},{\"@type\":\"WebSite\",\"@id\":\"https:\/\/www.artico.com.br\/es\/#website\",\"url\":\"https:\/\/www.artico.com.br\/es\/\",\"name\":\"\u00c1rtico Ind\u00fastria de Refrigera\u00e7\u00e3o\",\"description\":\"A arte de expor e conservar\",\"publisher\":{\"@id\":\"https:\/\/www.artico.com.br\/es\/#organization\"},\"potentialAction\":[{\"@type\":\"SearchAction\",\"target\":{\"@type\":\"EntryPoint\",\"urlTemplate\":\"https:\/\/www.artico.com.br\/es\/?s={search_term_string}\"},\"query-input\":\"required name=search_term_string\"}],\"inLanguage\":\"en-US\"},{\"@type\":\"WebPage\",\"@id\":\"https:\/\/www.artico.com.br\/en\/tour-360o\/#webpage\",\"url\":\"https:\/\/www.artico.com.br\/en\/tour-360o\/\",\"name\":\"Tour 360\u00ba - \u00c1rtico Ind\u00fastria de Refrigera\u00e7\u00e3o\",\"isPartOf\":{\"@id\":\"https:\/\/www.artico.com.br\/es\/#website\"},\"datePublished\":\"2020-07-02T12:20:52+00:00\",\"dateModified\":\"2020-09-29T12:34:13+00:00\",\"breadcrumb\":{\"@id\":\"https:\/\/www.artico.com.br\/en\/tour-360o\/#breadcrumb\"},\"inLanguage\":\"en-US\",\"potentialAction\":[{\"@type\":\"ReadAction\",\"target\":[\"https:\/\/www.artico.com.br\/en\/tour-360o\/\"]}]},{\"@type\":\"BreadcrumbList\",\"@id\":\"https:\/\/www.artico.com.br\/en\/tour-360o\/#breadcrumb\",\"itemListElement\":[{\"@type\":\"ListItem\",\"position\":1,\"name\":\"In\u00edcio\",\"item\":\"https:\/\/www.artico.com.br\/es\/\"},{\"@type\":\"ListItem\",\"position\":2,\"name\":\"Tour 360\u00ba\"}]}]}<\/script>\n<!-- \/ Yoast SEO plugin. -->","yoast_head_json":{"title":"Tour 360\u00ba - \u00c1rtico Ind\u00fastria de Refrigera\u00e7\u00e3o","robots":{"index":"index","follow":"follow","max-snippet":"max-snippet:-1","max-image-preview":"max-image-preview:large","max-video-preview":"max-video-preview:-1"},"canonical":"https:\/\/www.artico.com.br\/en\/tour-360o\/","og_locale":"en_US","og_type":"article","og_title":"Tour 360\u00ba - \u00c1rtico Ind\u00fastria de Refrigera\u00e7\u00e3o","og_url":"https:\/\/www.artico.com.br\/en\/tour-360o\/","og_site_name":"\u00c1rtico Ind\u00fastria de Refrigera\u00e7\u00e3o","article_publisher":"https:\/\/pt-br.facebook.com\/articoindustriaderefrigeracao","article_modified_time":"2020-09-29T12:34:13+00:00","twitter_card":"summary_large_image","schema":{"@context":"https:\/\/schema.org","@graph":[{"@type":"Organization","@id":"https:\/\/www.artico.com.br\/es\/#organization","name":"\u00c1rtico Ind\u00fastria de Refrigera\u00e7\u00e3o - A arte de expor e conservar","url":"https:\/\/www.artico.com.br\/es\/","sameAs":["https:\/\/pt-br.facebook.com\/articoindustriaderefrigeracao","https:\/\/www.instagram.com\/artico.refrigeracao","https:\/\/br.linkedin.com\/company\/articoindrefrigeracao"],"logo":{"@type":"ImageObject","@id":"https:\/\/www.artico.com.br\/es\/#logo","inLanguage":"en-US","url":"https:\/\/www.artico.com.br\/wp-content\/uploads\/2021\/04\/logo.png","contentUrl":"https:\/\/www.artico.com.br\/wp-content\/uploads\/2021\/04\/logo.png","width":265,"height":265,"caption":"\u00c1rtico Ind\u00fastria de Refrigera\u00e7\u00e3o - A arte de expor e conservar"},"image":{"@id":"https:\/\/www.artico.com.br\/es\/#logo"}},{"@type":"WebSite","@id":"https:\/\/www.artico.com.br\/es\/#website","url":"https:\/\/www.artico.com.br\/es\/","name":"\u00c1rtico Ind\u00fastria de Refrigera\u00e7\u00e3o","description":"A arte de expor e conservar","publisher":{"@id":"https:\/\/www.artico.com.br\/es\/#organization"},"potentialAction":[{"@type":"SearchAction","target":{"@type":"EntryPoint","urlTemplate":"https:\/\/www.artico.com.br\/es\/?s={search_term_string}"},"query-input":"required name=search_term_string"}],"inLanguage":"en-US"},{"@type":"WebPage","@id":"https:\/\/www.artico.com.br\/en\/tour-360o\/#webpage","url":"https:\/\/www.artico.com.br\/en\/tour-360o\/","name":"Tour 360\u00ba - \u00c1rtico Ind\u00fastria de Refrigera\u00e7\u00e3o","isPartOf":{"@id":"https:\/\/www.artico.com.br\/es\/#website"},"datePublished":"2020-07-02T12:20:52+00:00","dateModified":"2020-09-29T12:34:13+00:00","breadcrumb":{"@id":"https:\/\/www.artico.com.br\/en\/tour-360o\/#breadcrumb"},"inLanguage":"en-US","potentialAction":[{"@type":"ReadAction","target":["https:\/\/www.artico.com.br\/en\/tour-360o\/"]}]},{"@type":"BreadcrumbList","@id":"https:\/\/www.artico.com.br\/en\/tour-360o\/#breadcrumb","itemListElement":[{"@type":"ListItem","position":1,"name":"In\u00edcio","item":"https:\/\/www.artico.com.br\/es\/"},{"@type":"ListItem","position":2,"name":"Tour 360\u00ba"}]}]}},"_links":{"self":[{"href":"https:\/\/www.artico.com.br\/en\/wp-json\/wp\/v2\/pages\/32463"}],"collection":[{"href":"https:\/\/www.artico.com.br\/en\/wp-json\/wp\/v2\/pages"}],"about":[{"href":"https:\/\/www.artico.com.br\/en\/wp-json\/wp\/v2\/types\/page"}],"author":[{"embeddable":true,"href":"https:\/\/www.artico.com.br\/en\/wp-json\/wp\/v2\/users\/1"}],"replies":[{"embeddable":true,"href":"https:\/\/www.artico.com.br\/en\/wp-json\/wp\/v2\/comments?post=32463"}],"version-history":[{"count":8,"href":"https:\/\/www.artico.com.br\/en\/wp-json\/wp\/v2\/pages\/32463\/revisions"}],"predecessor-version":[{"id":33387,"href":"https:\/\/www.artico.com.br\/en\/wp-json\/wp\/v2\/pages\/32463\/revisions\/33387"}],"wp:attachment":[{"href":"https:\/\/www.artico.com.br\/en\/wp-json\/wp\/v2\/media?parent=32463"}],"curies":[{"name":"wp","href":"https:\/\/api.w.org\/{rel}","templated":true}]}}