{"id":32431,"date":"2020-06-29T15:30:15","date_gmt":"2020-06-29T18:30:15","guid":{"rendered":"http:\/\/localhost\/wordpress\/?page_id=32431"},"modified":"2025-11-18T11:00:14","modified_gmt":"2025-11-18T14:00:14","slug":"diretrizes-estrategicas-artico","status":"publish","type":"page","link":"https:\/\/www.artico.com.br\/en\/diretrizes-estrategicas-artico\/","title":{"rendered":"Adegas Personalizadas"},"content":{"rendered":"<div id=\"vc_row-69e9b1917eb57\" class=\"vc_row wpb_row vc_row-fluid thegem-custom-69e9b1917eb4a7482\"><div class=\"wpb_column vc_column_container vc_col-sm-12 thegem-custom-69e9b1917ec71627\"><div class=\"vc_column-inner thegem-custom-inner-69e9b1917ec72\"><style>\n.thegem-template-wrapper .wpb_wrapper.thegem-custom-69e9b1917ec71627{display: flex !important;}.thegem-template-wrapper .wpb_wrapper.thegem-custom-69e9b1917ec71627{align-items: center !important;}.thegem-template-wrapper .wpb_wrapper.thegem-custom-69e9b1917ec71627{justify-content: flex-start !important;}.thegem-template-wrapper .wpb_wrapper.thegem-custom-69e9b1917ec71627{flex-direction: row !important;}.thegem-template-wrapper .wpb_wrapper.thegem-custom-69e9b1917ec71627{flex-wrap: wrap !important;}<\/style><div class=\"wpb_wrapper thegem-custom-69e9b1917ec71627\">\r\n\t\r\n\t\t<div class=\"wpb_text_column wpb_content_element  thegem-vc-text thegem-custom-69e9b1917ee6c6507\"  >\r\n\t\t\t<div class=\"wpb_wrapper\">\r\n\t\t\t\t<div class=\"Y3BBE\" data-sfc-cp=\"\" data-hveid=\"CAEIBBAA\" data-complete=\"true\">Nossa ess\u00eancia evoluiu. O que antes defin\u00edamos como nossa Ideologia, hoje apresentamos de forma mais clara e pr\u00e1tica como\u00a0 nossas <strong class=\"Yjhzub\" data-complete=\"true\">Diretrizes Estrat\u00e9gicas.<\/strong><\/div>\n<div class=\"Y3BBE\" data-sfc-cp=\"\" data-hveid=\"CAEIBBAB\" data-complete=\"true\">S\u00e3o eles que guiam nossas decis\u00f5es, mostram o caminho que percorremos juntos e refletem os valores inegoci\u00e1veis da nossa empresa.<\/div>\n<div class=\"Y3BBE\" data-sfc-cp=\"\" data-hveid=\"CAEIBBAB\" data-complete=\"true\">Mais do que regras, s\u00e3o os compromissos que assumimos com nossos clientes, colaboradores e com o mercado.<\/div>\n<p>&nbsp;<\/p>\n<h5 style=\"text-align: left; padding-left: 80px;\">PROP\u00d3SITO<\/h5>\n<p style=\"text-align: left; padding-left: 80px;\">Promover a prosperidade com excel\u00eancia e confian\u00e7a, onde o frio \u00e9 essencial.<\/p>\n<h5 style=\"text-align: left; padding-left: 80px;\">vis\u00e3o<\/h5>\n<p style=\"text-align: left; padding-left: 80px;\">Aumentar a participa\u00e7\u00e3o no mercado com excel\u00eancia e rentabilidade.<\/p>\n<h5 style=\"text-align: left; padding-left: 80px;\">Miss\u00e3o<\/h5>\n<p style=\"text-align: left; padding-left: 80px;\">Entregar valor duradouro aos clientes com confian\u00e7a, excel\u00eancia, inova\u00e7\u00e3o e sustentabilidade, atrav\u00e9s de uma marca s\u00f3lida e em constante expans\u00e3o<\/p>\n<h5 style=\"text-align: left; padding-left: 80px;\">Valores<\/h5>\n<p style=\"text-align: left; padding-left: 80px;\">Comprometimento, inova\u00e7\u00e3o, tecnologia, excel\u00eancia, sustentabilidade, \u00e9tica.<\/p>\n<h5 style=\"text-align: left; padding-left: 80px;\">Compet\u00eancia<\/h5>\n<p style=\"text-align: left; padding-left: 80px;\">Resili\u00eancia, foco no resultado, auto responsabilidade, intelig\u00eancia emocional, gest\u00e3o de pessoas.<\/p>\n<p style=\"text-align: center;\">\n<style>.page-title-block{background-color: #FFFFFF!important;padding-top: 30px !important;padding-bottom: 30px !important;}#page-title h1{font-size: 30px !important;color: #000000 !important;}<\/style>\n\r\n\t\t\t<\/div>\r\n\t\t<\/div>\r\n\t\r\n<\/div><\/div><\/div><\/div>","protected":false},"excerpt":{"rendered":"","protected":false},"author":1,"featured_media":0,"parent":0,"menu_order":0,"comment_status":"closed","ping_status":"closed","template":"","meta":[],"yoast_head":"<!-- This site is optimized with the Yoast SEO plugin v18.3 - https:\/\/yoast.com\/wordpress\/plugins\/seo\/ -->\n<title>Adegas Personalizadas - \u00c1rtico Ind\u00fastria de Refrigera\u00e7\u00e3o<\/title>\n<meta name=\"description\" content=\"Nossa ess\u00eancia evoluiu. O que antes defin\u00edamos como nossa Ideologia, hoje apresentamos de forma clara e pr\u00e1tica como Diretrizes Estrat\u00e9gicas.\" \/>\n<meta name=\"robots\" content=\"index, follow, max-snippet:-1, max-image-preview:large, max-video-preview:-1\" \/>\n<link rel=\"canonical\" href=\"https:\/\/www.artico.com.br\/en\/diretrizes-estrategicas-artico\/\" \/>\n<meta property=\"og:locale\" content=\"en_US\" \/>\n<meta property=\"og:type\" content=\"article\" \/>\n<meta property=\"og:title\" content=\"Adegas Personalizadas - \u00c1rtico Ind\u00fastria de Refrigera\u00e7\u00e3o\" \/>\n<meta property=\"og:description\" content=\"Nossa ess\u00eancia evoluiu. O que antes defin\u00edamos como nossa Ideologia, hoje apresentamos de forma clara e pr\u00e1tica como Diretrizes Estrat\u00e9gicas.\" \/>\n<meta property=\"og:url\" content=\"https:\/\/www.artico.com.br\/en\/diretrizes-estrategicas-artico\/\" \/>\n<meta property=\"og:site_name\" content=\"\u00c1rtico Ind\u00fastria de Refrigera\u00e7\u00e3o\" \/>\n<meta property=\"article:publisher\" content=\"https:\/\/pt-br.facebook.com\/articoindustriaderefrigeracao\" \/>\n<meta property=\"article:modified_time\" content=\"2025-11-18T14:00:14+00:00\" \/>\n<meta name=\"twitter:card\" content=\"summary_large_image\" \/>\n<meta name=\"twitter:label1\" content=\"Est. reading time\" \/>\n\t<meta name=\"twitter:data1\" content=\"1 minute\" \/>\n<script type=\"application\/ld+json\" class=\"yoast-schema-graph\">{\"@context\":\"https:\/\/schema.org\",\"@graph\":[{\"@type\":\"Organization\",\"@id\":\"https:\/\/www.artico.com.br\/es\/#organization\",\"name\":\"\u00c1rtico Ind\u00fastria de Refrigera\u00e7\u00e3o - A arte de expor e conservar\",\"url\":\"https:\/\/www.artico.com.br\/es\/\",\"sameAs\":[\"https:\/\/pt-br.facebook.com\/articoindustriaderefrigeracao\",\"https:\/\/www.instagram.com\/artico.refrigeracao\",\"https:\/\/br.linkedin.com\/company\/articoindrefrigeracao\"],\"logo\":{\"@type\":\"ImageObject\",\"@id\":\"https:\/\/www.artico.com.br\/es\/#logo\",\"inLanguage\":\"en-US\",\"url\":\"https:\/\/www.artico.com.br\/wp-content\/uploads\/2021\/04\/logo.png\",\"contentUrl\":\"https:\/\/www.artico.com.br\/wp-content\/uploads\/2021\/04\/logo.png\",\"width\":265,\"height\":265,\"caption\":\"\u00c1rtico Ind\u00fastria de Refrigera\u00e7\u00e3o - A arte de expor e conservar\"},\"image\":{\"@id\":\"https:\/\/www.artico.com.br\/es\/#logo\"}},{\"@type\":\"WebSite\",\"@id\":\"https:\/\/www.artico.com.br\/es\/#website\",\"url\":\"https:\/\/www.artico.com.br\/es\/\",\"name\":\"\u00c1rtico Ind\u00fastria de Refrigera\u00e7\u00e3o\",\"description\":\"A arte de expor e conservar\",\"publisher\":{\"@id\":\"https:\/\/www.artico.com.br\/es\/#organization\"},\"potentialAction\":[{\"@type\":\"SearchAction\",\"target\":{\"@type\":\"EntryPoint\",\"urlTemplate\":\"https:\/\/www.artico.com.br\/es\/?s={search_term_string}\"},\"query-input\":\"required name=search_term_string\"}],\"inLanguage\":\"en-US\"},{\"@type\":\"WebPage\",\"@id\":\"https:\/\/www.artico.com.br\/diretrizes-estrategicas-artico\/#webpage\",\"url\":\"https:\/\/www.artico.com.br\/diretrizes-estrategicas-artico\/\",\"name\":\"Adegas Personalizadas - \u00c1rtico Ind\u00fastria de Refrigera\u00e7\u00e3o\",\"isPartOf\":{\"@id\":\"https:\/\/www.artico.com.br\/es\/#website\"},\"datePublished\":\"2020-06-29T18:30:15+00:00\",\"dateModified\":\"2025-11-18T14:00:14+00:00\",\"description\":\"Nossa ess\u00eancia evoluiu. O que antes defin\u00edamos como nossa Ideologia, hoje apresentamos de forma clara e pr\u00e1tica como Diretrizes Estrat\u00e9gicas.\",\"breadcrumb\":{\"@id\":\"https:\/\/www.artico.com.br\/diretrizes-estrategicas-artico\/#breadcrumb\"},\"inLanguage\":\"en-US\",\"potentialAction\":[{\"@type\":\"ReadAction\",\"target\":[\"https:\/\/www.artico.com.br\/diretrizes-estrategicas-artico\/\"]}]},{\"@type\":\"BreadcrumbList\",\"@id\":\"https:\/\/www.artico.com.br\/diretrizes-estrategicas-artico\/#breadcrumb\",\"itemListElement\":[{\"@type\":\"ListItem\",\"position\":1,\"name\":\"In\u00edcio\",\"item\":\"https:\/\/www.artico.com.br\/es\/\"},{\"@type\":\"ListItem\",\"position\":2,\"name\":\"Adegas Personalizadas\"}]}]}<\/script>\n<!-- \/ Yoast SEO plugin. -->","yoast_head_json":{"title":"Adegas Personalizadas - \u00c1rtico Ind\u00fastria de Refrigera\u00e7\u00e3o","description":"Nossa ess\u00eancia evoluiu. O que antes defin\u00edamos como nossa Ideologia, hoje apresentamos de forma clara e pr\u00e1tica como Diretrizes Estrat\u00e9gicas.","robots":{"index":"index","follow":"follow","max-snippet":"max-snippet:-1","max-image-preview":"max-image-preview:large","max-video-preview":"max-video-preview:-1"},"canonical":"https:\/\/www.artico.com.br\/en\/diretrizes-estrategicas-artico\/","og_locale":"en_US","og_type":"article","og_title":"Adegas Personalizadas - \u00c1rtico Ind\u00fastria de Refrigera\u00e7\u00e3o","og_description":"Nossa ess\u00eancia evoluiu. O que antes defin\u00edamos como nossa Ideologia, hoje apresentamos de forma clara e pr\u00e1tica como Diretrizes Estrat\u00e9gicas.","og_url":"https:\/\/www.artico.com.br\/en\/diretrizes-estrategicas-artico\/","og_site_name":"\u00c1rtico Ind\u00fastria de Refrigera\u00e7\u00e3o","article_publisher":"https:\/\/pt-br.facebook.com\/articoindustriaderefrigeracao","article_modified_time":"2025-11-18T14:00:14+00:00","twitter_card":"summary_large_image","twitter_misc":{"Est. reading time":"1 minute"},"schema":{"@context":"https:\/\/schema.org","@graph":[{"@type":"Organization","@id":"https:\/\/www.artico.com.br\/es\/#organization","name":"\u00c1rtico Ind\u00fastria de Refrigera\u00e7\u00e3o - A arte de expor e conservar","url":"https:\/\/www.artico.com.br\/es\/","sameAs":["https:\/\/pt-br.facebook.com\/articoindustriaderefrigeracao","https:\/\/www.instagram.com\/artico.refrigeracao","https:\/\/br.linkedin.com\/company\/articoindrefrigeracao"],"logo":{"@type":"ImageObject","@id":"https:\/\/www.artico.com.br\/es\/#logo","inLanguage":"en-US","url":"https:\/\/www.artico.com.br\/wp-content\/uploads\/2021\/04\/logo.png","contentUrl":"https:\/\/www.artico.com.br\/wp-content\/uploads\/2021\/04\/logo.png","width":265,"height":265,"caption":"\u00c1rtico Ind\u00fastria de Refrigera\u00e7\u00e3o - A arte de expor e conservar"},"image":{"@id":"https:\/\/www.artico.com.br\/es\/#logo"}},{"@type":"WebSite","@id":"https:\/\/www.artico.com.br\/es\/#website","url":"https:\/\/www.artico.com.br\/es\/","name":"\u00c1rtico Ind\u00fastria de Refrigera\u00e7\u00e3o","description":"A arte de expor e conservar","publisher":{"@id":"https:\/\/www.artico.com.br\/es\/#organization"},"potentialAction":[{"@type":"SearchAction","target":{"@type":"EntryPoint","urlTemplate":"https:\/\/www.artico.com.br\/es\/?s={search_term_string}"},"query-input":"required name=search_term_string"}],"inLanguage":"en-US"},{"@type":"WebPage","@id":"https:\/\/www.artico.com.br\/diretrizes-estrategicas-artico\/#webpage","url":"https:\/\/www.artico.com.br\/diretrizes-estrategicas-artico\/","name":"Adegas Personalizadas - \u00c1rtico Ind\u00fastria de Refrigera\u00e7\u00e3o","isPartOf":{"@id":"https:\/\/www.artico.com.br\/es\/#website"},"datePublished":"2020-06-29T18:30:15+00:00","dateModified":"2025-11-18T14:00:14+00:00","description":"Nossa ess\u00eancia evoluiu. O que antes defin\u00edamos como nossa Ideologia, hoje apresentamos de forma clara e pr\u00e1tica como Diretrizes Estrat\u00e9gicas.","breadcrumb":{"@id":"https:\/\/www.artico.com.br\/diretrizes-estrategicas-artico\/#breadcrumb"},"inLanguage":"en-US","potentialAction":[{"@type":"ReadAction","target":["https:\/\/www.artico.com.br\/diretrizes-estrategicas-artico\/"]}]},{"@type":"BreadcrumbList","@id":"https:\/\/www.artico.com.br\/diretrizes-estrategicas-artico\/#breadcrumb","itemListElement":[{"@type":"ListItem","position":1,"name":"In\u00edcio","item":"https:\/\/www.artico.com.br\/es\/"},{"@type":"ListItem","position":2,"name":"Adegas Personalizadas"}]}]}},"_links":{"self":[{"href":"https:\/\/www.artico.com.br\/en\/wp-json\/wp\/v2\/pages\/32431"}],"collection":[{"href":"https:\/\/www.artico.com.br\/en\/wp-json\/wp\/v2\/pages"}],"about":[{"href":"https:\/\/www.artico.com.br\/en\/wp-json\/wp\/v2\/types\/page"}],"author":[{"embeddable":true,"href":"https:\/\/www.artico.com.br\/en\/wp-json\/wp\/v2\/users\/1"}],"replies":[{"embeddable":true,"href":"https:\/\/www.artico.com.br\/en\/wp-json\/wp\/v2\/comments?post=32431"}],"version-history":[{"count":23,"href":"https:\/\/www.artico.com.br\/en\/wp-json\/wp\/v2\/pages\/32431\/revisions"}],"predecessor-version":[{"id":35245,"href":"https:\/\/www.artico.com.br\/en\/wp-json\/wp\/v2\/pages\/32431\/revisions\/35245"}],"wp:attachment":[{"href":"https:\/\/www.artico.com.br\/en\/wp-json\/wp\/v2\/media?parent=32431"}],"curies":[{"name":"wp","href":"https:\/\/api.w.org\/{rel}","templated":true}]}}