{"id":32288,"date":"2020-06-24T11:16:51","date_gmt":"2020-06-24T14:16:51","guid":{"rendered":"http:\/\/localhost\/wordpress\/?page_id=32288"},"modified":"2025-01-16T13:47:50","modified_gmt":"2025-01-16T16:47:50","slug":"camaras-frigorificas","status":"publish","type":"page","link":"https:\/\/www.artico.com.br\/en\/camaras-frigorificas\/","title":{"rendered":"C\u00e2maras frigorificas"},"content":{"rendered":"<div id=\"vc_row-69e9b1e618d53\" class=\"vc_row wpb_row vc_row-fluid thegem-custom-69e9b1e618d427845\"><div class=\"wpb_column vc_column_container vc_col-sm-12 thegem-custom-69e9b1e618ed37847\"><div class=\"vc_column-inner thegem-custom-inner-69e9b1e618ed5\"><style>\n.thegem-template-wrapper .wpb_wrapper.thegem-custom-69e9b1e618ed37847{display: flex !important;}.thegem-template-wrapper .wpb_wrapper.thegem-custom-69e9b1e618ed37847{align-items: center !important;}.thegem-template-wrapper .wpb_wrapper.thegem-custom-69e9b1e618ed37847{justify-content: flex-start !important;}.thegem-template-wrapper .wpb_wrapper.thegem-custom-69e9b1e618ed37847{flex-direction: row !important;}.thegem-template-wrapper .wpb_wrapper.thegem-custom-69e9b1e618ed37847{flex-wrap: wrap !important;}<\/style><div class=\"wpb_wrapper thegem-custom-69e9b1e618ed37847\"><div class=\"preloader save-space\"><div class=\"preloader-spin\"><\/div><\/div> <div class=\"portfolio-preloader-wrapper\"> <div class=\"portfolio portfolio-grid no-padding portfolio-pagination-normal portfolio-style-masonry background-style-gray title-style-light hover-default title-on-page caption-position-right loading-animation item-animation-move-up portfolio-items-masonry columns-3 next-page-preloading filters-preloading\" data-portfolio-uid=\"6691510\" data-current-page=\"1\" data-per-page=\"9\" data-next-page=\"0\" data-pages-count=\"1\" data-hover=\"default\"> <div class=\"portfolio-row-outer\"> <div class=\"row portfolio-row\" style=\"margin: -8px;\"> <div class=\"portfolio-set clearfix\" data-max-row-height=\"380\"> <div class=\"portfolio-item camaras-frigorificas col-md-4 col-xs-4 item-animations-not-inited post-32277 thegem_pf_item type-thegem_pf_item status-publish has-post-thumbnail\" style=\"padding: 8px;\" data-default-sort=\"0\" data-sort-date=\"1592994994\"> <div class=\"wrap clearfix\"> <div class=\"image post-32277 thegem_pf_item type-thegem_pf_item status-publish has-post-thumbnail\"> <div class=\"image-inner\"> <picture> <source srcset=\"https:\/\/www.artico.com.br\/wp-content\/uploads\/2020\/06\/23-thegem-portfolio-masonry-2x-500.png 1x, https:\/\/www.artico.com.br\/wp-content\/uploads\/2020\/06\/23.png 2x\" media=\"(max-width: 550px)\" sizes=\"100vw\"> <source srcset=\"https:\/\/www.artico.com.br\/wp-content\/uploads\/2020\/06\/23-thegem-portfolio-masonry-3x.png 1x, https:\/\/www.artico.com.br\/wp-content\/uploads\/2020\/06\/23.png 2x\" media=\"(max-width: 1920px)\" sizes=\"100vw\"> <img src=\"https:\/\/www.artico.com.br\/wp-content\/uploads\/2020\/06\/23-thegem-portfolio-masonry.png\" width=\"754\" height=\"685\" class=\"attachment-thegem-portfolio-masonry\" alt=\"C\u00c2MARA FRIA GRANDE PORTE\" \/> <\/picture> <\/div> <div class=\"overlay\"> <div class=\"overlay-circle\"><\/div> <div class=\"links-wrapper\"> <div class=\"links\"> <div class=\"portfolio-icons\"> <a href=\"https:\/\/www.artico.com.br\/en\/pf\/camara-fria-comercial-grande-porte\/\" target=\"_self\" class=\"icon self-link\"><i class=\"default\"><\/i><\/a> <a href=\"javascript: void(0);\" class=\"icon share\"><i class=\"default\"><\/i><\/a> <div class=\"overlay-line\"><\/div> <div class=\"portfolio-sharing-pane\"> <div class=\"socials-sharing socials socials-colored-hover\"> <a class=\"socials-item\" target=\"_blank\" href=\"https:\/\/www.facebook.com\/sharer\/sharer.php?u=https%3A%2F%2Fwww.artico.com.br%2Fen%2Fpf%2Fcamara-fria-comercial-grande-porte%2F\" title=\"Facebook\"><i class=\"socials-item-icon facebook\"><\/i><\/a> <a class=\"socials-item\" target=\"_blank\" href=\"https:\/\/twitter.com\/intent\/tweet?text=C%C3%82MARA+FRIA+GRANDE+PORTE&#038;url=https%3A%2F%2Fwww.artico.com.br%2Fen%2Fpf%2Fcamara-fria-comercial-grande-porte%2F\" title=\"Twitter\"><i class=\"socials-item-icon twitter\"><\/i><\/a> <a class=\"socials-item\" target=\"_blank\" href=\"https:\/\/pinterest.com\/pin\/create\/button\/?url=https%3A%2F%2Fwww.artico.com.br%2Fen%2Fpf%2Fcamara-fria-comercial-grande-porte%2F&#038;description=C%C3%82MARA+FRIA+GRANDE+PORTE&#038;media=https%3A%2F%2Fwww.artico.com.br%2Fwp-content%2Fuploads%2F2020%2F06%2F23-thegem-blog-timeline-large.png\" title=\"Pinterest\"><i class=\"socials-item-icon pinterest\"><\/i><\/a> <a class=\"socials-item\" target=\"_blank\" href=\"http:\/\/tumblr.com\/widgets\/share\/tool?canonicalUrl=https%3A%2F%2Fwww.artico.com.br%2Fen%2Fpf%2Fcamara-fria-comercial-grande-porte%2F\" title=\"Tumblr\"><i class=\"socials-item-icon tumblr\"><\/i><\/a> <a class=\"socials-item\" target=\"_blank\" href=\"https:\/\/www.linkedin.com\/shareArticle?mini=true&#038;url=https%3A%2F%2Fwww.artico.com.br%2Fen%2Fpf%2Fcamara-fria-comercial-grande-porte%2F&#038;title=C%C3%82MARA+FRIA+GRANDE+PORTE&amp;summary=\" title=\"LinkedIn\"><i class=\"socials-item-icon linkedin\"><\/i><\/a> <a class=\"socials-item\" target=\"_blank\" href=\"https:\/\/www.reddit.com\/submit?url=https%3A%2F%2Fwww.artico.com.br%2Fen%2Fpf%2Fcamara-fria-comercial-grande-porte%2F&#038;title=C%C3%82MARA+FRIA+GRANDE+PORTE\" title=\"Reddit\"><i class=\"socials-item-icon reddit\"><\/i><\/a> <\/div> <\/div> <\/div> <\/div> <\/div> <\/div> <\/div> <div class=\"caption post-32277 thegem_pf_item type-thegem_pf_item status-publish has-post-thumbnail\" > <div class=\"title\" > LARGE COLD ROOM <\/div> <div class=\"caption-separator\" ><\/div> <\/div> <\/div> <\/div> <\/div><!-- .portflio-set --> <div class=\"portfolio-item-size-container\"> <div class=\"portfolio-item col-md-4 col-xs-4 item-animations-not-inited post-32277 thegem_pf_item type-thegem_pf_item status-publish has-post-thumbnail\" style=\"padding: 0 8px !important;\"> <\/div> <\/div> <\/div><!-- .row--> <div class=\"portfolio-navigator gem-pagination\"> <a href=\"#\" class=\"prev\"> <i class=\"default\"><\/i> <\/a> <div class=\"pages\"><\/div> <a href=\"#\" class=\"next\"> <i class=\"default\"><\/i> <\/a> <\/div> <\/div><!-- .full-width --> <\/div><!-- .portfolio--> <\/div><!-- .portfolio-preloader-wrapper--><div class=\"clearboth\"><\/div><div class=\"gem-divider\" style=\"margin-top: 60px;\"><\/div><\/div><\/div><\/div><\/div><div id=\"vc_row-69e9b1e6389da\" class=\"vc_row wpb_row vc_row-fluid thegem-custom-69e9b1e6389ce1600\"><div class=\"wpb_column vc_column_container vc_col-sm-12 thegem-custom-69e9b1e638ad2983\"><div class=\"vc_column-inner thegem-custom-inner-69e9b1e638ad3\"><style>\n.thegem-template-wrapper .wpb_wrapper.thegem-custom-69e9b1e638ad2983{display: flex !important;}.thegem-template-wrapper .wpb_wrapper.thegem-custom-69e9b1e638ad2983{align-items: center !important;}.thegem-template-wrapper .wpb_wrapper.thegem-custom-69e9b1e638ad2983{justify-content: flex-start !important;}.thegem-template-wrapper .wpb_wrapper.thegem-custom-69e9b1e638ad2983{flex-direction: row !important;}.thegem-template-wrapper .wpb_wrapper.thegem-custom-69e9b1e638ad2983{flex-wrap: wrap !important;}<\/style><div class=\"wpb_wrapper thegem-custom-69e9b1e638ad2983\">\r\n\t<div class=\"wpb_raw_code wpb_content_element wpb_raw_html\" >\r\n\t\t<div class=\"wpb_wrapper\">\r\n\t\t\t<style>\n.page-title-block {background-color: #FFFFFF !important;}\n\n.gem-simple-icon{\ndisplay: none;\n}\n\n<\/style>\n<script>\njQuery(function($) {\n$('.page-title-icon').append('<a href=\"http:\/\/www.artico.com.br\/wp-content\/uploads\/2020\/06\/catalogo_virtual_artico_camaras.pdf\" style=\"color: #FFF;\" download>Baixar nosso cat\u00e1logo virtual<\/a>');\n});\n<\/script>\r\n\t\t<\/div>\r\n\t<\/div>\r\n<\/div><\/div><\/div><\/div>","protected":false},"excerpt":{"rendered":"","protected":false},"author":1,"featured_media":0,"parent":0,"menu_order":0,"comment_status":"closed","ping_status":"closed","template":"","meta":[],"yoast_head":"<!-- This site is optimized with the Yoast SEO plugin v18.3 - https:\/\/yoast.com\/wordpress\/plugins\/seo\/ -->\n<title>C\u00e2maras frigorificas - \u00c1rtico Ind\u00fastria de Refrigera\u00e7\u00e3o<\/title>\n<meta name=\"robots\" content=\"index, follow, max-snippet:-1, max-image-preview:large, max-video-preview:-1\" \/>\n<link rel=\"canonical\" href=\"https:\/\/www.artico.com.br\/en\/camaras-frigorificas\/\" \/>\n<meta property=\"og:locale\" content=\"en_US\" \/>\n<meta property=\"og:type\" content=\"article\" \/>\n<meta property=\"og:title\" content=\"C\u00e2maras frigorificas - \u00c1rtico Ind\u00fastria de Refrigera\u00e7\u00e3o\" \/>\n<meta property=\"og:url\" content=\"https:\/\/www.artico.com.br\/en\/camaras-frigorificas\/\" \/>\n<meta property=\"og:site_name\" content=\"\u00c1rtico Ind\u00fastria de Refrigera\u00e7\u00e3o\" \/>\n<meta property=\"article:publisher\" content=\"https:\/\/pt-br.facebook.com\/articoindustriaderefrigeracao\" \/>\n<meta property=\"article:modified_time\" content=\"2025-01-16T16:47:50+00:00\" \/>\n<meta name=\"twitter:card\" content=\"summary_large_image\" \/>\n<meta name=\"twitter:label1\" content=\"Est. reading time\" \/>\n\t<meta name=\"twitter:data1\" content=\"1 minute\" \/>\n<script type=\"application\/ld+json\" class=\"yoast-schema-graph\">{\"@context\":\"https:\/\/schema.org\",\"@graph\":[{\"@type\":\"Organization\",\"@id\":\"https:\/\/www.artico.com.br\/es\/#organization\",\"name\":\"\u00c1rtico Ind\u00fastria de Refrigera\u00e7\u00e3o - A arte de expor e conservar\",\"url\":\"https:\/\/www.artico.com.br\/es\/\",\"sameAs\":[\"https:\/\/pt-br.facebook.com\/articoindustriaderefrigeracao\",\"https:\/\/www.instagram.com\/artico.refrigeracao\",\"https:\/\/br.linkedin.com\/company\/articoindrefrigeracao\"],\"logo\":{\"@type\":\"ImageObject\",\"@id\":\"https:\/\/www.artico.com.br\/es\/#logo\",\"inLanguage\":\"en-US\",\"url\":\"https:\/\/www.artico.com.br\/wp-content\/uploads\/2021\/04\/logo.png\",\"contentUrl\":\"https:\/\/www.artico.com.br\/wp-content\/uploads\/2021\/04\/logo.png\",\"width\":265,\"height\":265,\"caption\":\"\u00c1rtico Ind\u00fastria de Refrigera\u00e7\u00e3o - A arte de expor e conservar\"},\"image\":{\"@id\":\"https:\/\/www.artico.com.br\/es\/#logo\"}},{\"@type\":\"WebSite\",\"@id\":\"https:\/\/www.artico.com.br\/es\/#website\",\"url\":\"https:\/\/www.artico.com.br\/es\/\",\"name\":\"\u00c1rtico Ind\u00fastria de Refrigera\u00e7\u00e3o\",\"description\":\"A arte de expor e conservar\",\"publisher\":{\"@id\":\"https:\/\/www.artico.com.br\/es\/#organization\"},\"potentialAction\":[{\"@type\":\"SearchAction\",\"target\":{\"@type\":\"EntryPoint\",\"urlTemplate\":\"https:\/\/www.artico.com.br\/es\/?s={search_term_string}\"},\"query-input\":\"required name=search_term_string\"}],\"inLanguage\":\"en-US\"},{\"@type\":\"WebPage\",\"@id\":\"https:\/\/www.artico.com.br\/camaras-frigorificas\/#webpage\",\"url\":\"https:\/\/www.artico.com.br\/camaras-frigorificas\/\",\"name\":\"C\u00e2maras frigorificas - \u00c1rtico Ind\u00fastria de Refrigera\u00e7\u00e3o\",\"isPartOf\":{\"@id\":\"https:\/\/www.artico.com.br\/es\/#website\"},\"datePublished\":\"2020-06-24T14:16:51+00:00\",\"dateModified\":\"2025-01-16T16:47:50+00:00\",\"breadcrumb\":{\"@id\":\"https:\/\/www.artico.com.br\/camaras-frigorificas\/#breadcrumb\"},\"inLanguage\":\"en-US\",\"potentialAction\":[{\"@type\":\"ReadAction\",\"target\":[\"https:\/\/www.artico.com.br\/camaras-frigorificas\/\"]}]},{\"@type\":\"BreadcrumbList\",\"@id\":\"https:\/\/www.artico.com.br\/camaras-frigorificas\/#breadcrumb\",\"itemListElement\":[{\"@type\":\"ListItem\",\"position\":1,\"name\":\"In\u00edcio\",\"item\":\"https:\/\/www.artico.com.br\/es\/\"},{\"@type\":\"ListItem\",\"position\":2,\"name\":\"C\u00e2maras frigorificas\"}]}]}<\/script>\n<!-- \/ Yoast SEO plugin. -->","yoast_head_json":{"title":"C\u00e2maras frigorificas - \u00c1rtico Ind\u00fastria de Refrigera\u00e7\u00e3o","robots":{"index":"index","follow":"follow","max-snippet":"max-snippet:-1","max-image-preview":"max-image-preview:large","max-video-preview":"max-video-preview:-1"},"canonical":"https:\/\/www.artico.com.br\/en\/camaras-frigorificas\/","og_locale":"en_US","og_type":"article","og_title":"C\u00e2maras frigorificas - \u00c1rtico Ind\u00fastria de Refrigera\u00e7\u00e3o","og_url":"https:\/\/www.artico.com.br\/en\/camaras-frigorificas\/","og_site_name":"\u00c1rtico Ind\u00fastria de Refrigera\u00e7\u00e3o","article_publisher":"https:\/\/pt-br.facebook.com\/articoindustriaderefrigeracao","article_modified_time":"2025-01-16T16:47:50+00:00","twitter_card":"summary_large_image","twitter_misc":{"Est. reading time":"1 minute"},"schema":{"@context":"https:\/\/schema.org","@graph":[{"@type":"Organization","@id":"https:\/\/www.artico.com.br\/es\/#organization","name":"\u00c1rtico Ind\u00fastria de Refrigera\u00e7\u00e3o - A arte de expor e conservar","url":"https:\/\/www.artico.com.br\/es\/","sameAs":["https:\/\/pt-br.facebook.com\/articoindustriaderefrigeracao","https:\/\/www.instagram.com\/artico.refrigeracao","https:\/\/br.linkedin.com\/company\/articoindrefrigeracao"],"logo":{"@type":"ImageObject","@id":"https:\/\/www.artico.com.br\/es\/#logo","inLanguage":"en-US","url":"https:\/\/www.artico.com.br\/wp-content\/uploads\/2021\/04\/logo.png","contentUrl":"https:\/\/www.artico.com.br\/wp-content\/uploads\/2021\/04\/logo.png","width":265,"height":265,"caption":"\u00c1rtico Ind\u00fastria de Refrigera\u00e7\u00e3o - A arte de expor e conservar"},"image":{"@id":"https:\/\/www.artico.com.br\/es\/#logo"}},{"@type":"WebSite","@id":"https:\/\/www.artico.com.br\/es\/#website","url":"https:\/\/www.artico.com.br\/es\/","name":"\u00c1rtico Ind\u00fastria de Refrigera\u00e7\u00e3o","description":"A arte de expor e conservar","publisher":{"@id":"https:\/\/www.artico.com.br\/es\/#organization"},"potentialAction":[{"@type":"SearchAction","target":{"@type":"EntryPoint","urlTemplate":"https:\/\/www.artico.com.br\/es\/?s={search_term_string}"},"query-input":"required name=search_term_string"}],"inLanguage":"en-US"},{"@type":"WebPage","@id":"https:\/\/www.artico.com.br\/camaras-frigorificas\/#webpage","url":"https:\/\/www.artico.com.br\/camaras-frigorificas\/","name":"C\u00e2maras frigorificas - \u00c1rtico Ind\u00fastria de Refrigera\u00e7\u00e3o","isPartOf":{"@id":"https:\/\/www.artico.com.br\/es\/#website"},"datePublished":"2020-06-24T14:16:51+00:00","dateModified":"2025-01-16T16:47:50+00:00","breadcrumb":{"@id":"https:\/\/www.artico.com.br\/camaras-frigorificas\/#breadcrumb"},"inLanguage":"en-US","potentialAction":[{"@type":"ReadAction","target":["https:\/\/www.artico.com.br\/camaras-frigorificas\/"]}]},{"@type":"BreadcrumbList","@id":"https:\/\/www.artico.com.br\/camaras-frigorificas\/#breadcrumb","itemListElement":[{"@type":"ListItem","position":1,"name":"In\u00edcio","item":"https:\/\/www.artico.com.br\/es\/"},{"@type":"ListItem","position":2,"name":"C\u00e2maras frigorificas"}]}]}},"_links":{"self":[{"href":"https:\/\/www.artico.com.br\/en\/wp-json\/wp\/v2\/pages\/32288"}],"collection":[{"href":"https:\/\/www.artico.com.br\/en\/wp-json\/wp\/v2\/pages"}],"about":[{"href":"https:\/\/www.artico.com.br\/en\/wp-json\/wp\/v2\/types\/page"}],"author":[{"embeddable":true,"href":"https:\/\/www.artico.com.br\/en\/wp-json\/wp\/v2\/users\/1"}],"replies":[{"embeddable":true,"href":"https:\/\/www.artico.com.br\/en\/wp-json\/wp\/v2\/comments?post=32288"}],"version-history":[{"count":14,"href":"https:\/\/www.artico.com.br\/en\/wp-json\/wp\/v2\/pages\/32288\/revisions"}],"predecessor-version":[{"id":34813,"href":"https:\/\/www.artico.com.br\/en\/wp-json\/wp\/v2\/pages\/32288\/revisions\/34813"}],"wp:attachment":[{"href":"https:\/\/www.artico.com.br\/en\/wp-json\/wp\/v2\/media?parent=32288"}],"curies":[{"name":"wp","href":"https:\/\/api.w.org\/{rel}","templated":true}]}}