{"id":32424,"date":"2020-06-29T14:48:37","date_gmt":"2020-06-29T17:48:37","guid":{"rendered":"http:\/\/localhost\/wordpress\/?page_id=32424"},"modified":"2026-03-31T07:54:53","modified_gmt":"2026-03-31T10:54:53","slug":"sobre","status":"publish","type":"page","link":"http:\/\/www.artico.com.br\/es\/sobre\/","title":{"rendered":"Acerca de"},"content":{"rendered":"<div id=\"vc_row-69f62829bb4ad\" class=\"vc_row wpb_row vc_row-fluid thegem-custom-69f62829bb4756864\"><div class=\"wpb_column vc_column_container vc_col-sm-12 thegem-custom-69f62829bb65b1797\"><div class=\"vc_column-inner thegem-custom-inner-69f62829bb65c\"><style>\n.thegem-template-wrapper .wpb_wrapper.thegem-custom-69f62829bb65b1797{display: flex !important;}.thegem-template-wrapper .wpb_wrapper.thegem-custom-69f62829bb65b1797{align-items: center !important;}.thegem-template-wrapper .wpb_wrapper.thegem-custom-69f62829bb65b1797{justify-content: flex-start !important;}.thegem-template-wrapper .wpb_wrapper.thegem-custom-69f62829bb65b1797{flex-direction: row !important;}.thegem-template-wrapper .wpb_wrapper.thegem-custom-69f62829bb65b1797{flex-wrap: wrap !important;}<\/style><div class=\"wpb_wrapper thegem-custom-69f62829bb65b1797\">\r\n\t\r\n\t\t<div class=\"wpb_text_column wpb_content_element  thegem-vc-text thegem-custom-69f62829bc0189150\"  >\r\n\t\t\t<div class=\"wpb_wrapper\">\r\n\t\t\t\t<div id=\"vc_row-69f62829bc278\" class=\"vc_row wpb_row vc_row-fluid thegem-custom-69f62829bc2727349\"><\/div><div class=\"wpb_column vc_column_container vc_col-sm-12 thegem-custom-69f62829bc3588359\"><div class=\"vc_column-inner thegem-custom-inner-69f62829bc359\"><style>\n.thegem-template-wrapper .wpb_wrapper.thegem-custom-69f62829bc3588359{display: flex !important;}.thegem-template-wrapper .wpb_wrapper.thegem-custom-69f62829bc3588359{align-items: center !important;}.thegem-template-wrapper .wpb_wrapper.thegem-custom-69f62829bc3588359{justify-content: flex-start !important;}.thegem-template-wrapper .wpb_wrapper.thegem-custom-69f62829bc3588359{flex-direction: row !important;}.thegem-template-wrapper .wpb_wrapper.thegem-custom-69f62829bc3588359{flex-wrap: wrap !important;}<\/style><div class=\"wpb_wrapper thegem-custom-69f62829bc3588359\"><\/div><\/div><\/div>\r\n\t\r\n\t\t<div class=\"wpb_text_column wpb_content_element  thegem-vc-text thegem-custom-69f62829bc43c253\"  >\r\n\t\t\t<div class=\"wpb_wrapper\">\r\n\t\t\t\t\r\n\t\t\t<\/div>\r\n\t\t<\/div>\n<h3 class=\"page-title\" style=\"color: #000000 !important;\">QUI\u00c9NES SOMOS<\/h3>\n<p>A Artico est\u00e1 localizada em um Parque Industrial de 60.000m2 com 30.000m2 de \u00e1rea constru\u00edda, em Blumenau, Santa Catarina.<\/p>\n<p>Fundada em 07 de julho de 1960, pelos imigrantes alem\u00e3es Hubert e Johannes Schildwachter, a Artico foi a pioneira no ramo de refrigera\u00e7\u00e3o comercial no Vale do Itaja\u00ed. Teve sua atividade inicial principal voltada para a fabrica\u00e7\u00e3o de balc\u00f5es refrigerados e em pouco tempo sua marca j\u00e1 era destaque em toda a regi\u00e3o, pela qualidade de seus produtos.<\/p>\n<p>Hoje, o moderno parque industrial instalado e a aplica\u00e7\u00e3o das mais recentes tecnologias, sistemas de refrigera\u00e7\u00e3o com baixo consumo de energia el\u00e9trica, energia solar e funcionamento com g\u00e1s ecol\u00f3gico (CFC Free) inofensivo \u00e0 camada de oz\u00f4nio garantem um produto final de alta performance, e coloca a Artico entre as maiores ind\u00fastrias de refrigera\u00e7\u00e3o do Sul do Brasil.<\/p>\n<p><a href=\"http:\/\/www.artico.com.br\/es\/congeladores-expositores-horizontal\/\">Congeladores Expositores<\/a>, <a href=\"http:\/\/www.artico.com.br\/es\/projetos-personalizados\/\">Instala\u00e7\u00f5es Comerciais<\/a>, <a href=\"https:\/\/www.lojaartico.com.br\/cervejeiras-1\">Cervejeiras<\/a> e <a href=\"http:\/\/www.artico.com.br\/es\/camaras-frigorificas\/\">C\u00e2maras Frias<\/a> integram a linha de produtos Artico.<\/p>\n<p>\u201cO prop\u00f3sito est\u00e1 muito al\u00e9m de produzir equipamentos com qualidade, queremos fazer a diferen\u00e7a e fazer parte da comunidade, para juntos crescermos. Estimular a sa\u00fade, educa\u00e7\u00e3o, esporte e a cultura local. E para os pr\u00f3ximos anos, continuar nosso trabalho, com responsabilidade e ouvindo nosso cliente. Juntos somos mais fortes!\u201d \u2013 diz Christiane S. Buerger, filha do fundador e diretora presidente da Artico.<\/p>\n<p><strong>\u00c9tica<\/strong>, <strong>comprometimento<\/strong>, e <strong>inova\u00e7\u00e3o<\/strong> s\u00e3o a ess\u00eancia do <strong>sucesso<\/strong>, \u00e9 o que faz transformar a produ\u00e7\u00e3o de cada equipamento, e o trabalho di\u00e1rio em <strong>paix\u00e3o<\/strong>!<\/p>\n<p class=\"text_igual\">Clique\u00a0<a href=\"https:\/\/www.artico.com.br\/wp-content\/uploads\/2026\/03\/Relatorio-Igualdade-Salarial-2026-1.pdf\" target=\"_blank\" rel=\"noopener\">Aqui<\/a> para visualizar o Relat\u00f3rio de Transpar\u00eancia atendendo exig\u00eancia Lei n\u00ba 14611 &#8211; 1\u00ba semestre 2026.<\/p>\n<p class=\"text_igual\">Clique\u00a0<a href=\"https:\/\/www.artico.com.br\/wp-content\/uploads\/2025\/10\/RELATORIO-IGUADADE-SALARIAL-OUTUBRO-2025.pdf\" target=\"_blank\" rel=\"noopener\">Aqui<\/a> para visualizar o Relat\u00f3rio de Transpar\u00eancia atendendo exig\u00eancia Lei n\u00ba 14611 &#8211; 2\u00ba semestre 2025.<\/p>\n<p class=\"text_igual\">Clique\u00a0<a href=\"https:\/\/www.artico.com.br\/wp-content\/uploads\/2025\/03\/RELATORIO-IGUALDADE-SALARIAL-1-SEMESTRE-DE-2025.pdf\" target=\"_blank\" rel=\"noopener\">Aqui<\/a> para visualizar o Relat\u00f3rio de Transpar\u00eancia atendendo exig\u00eancia Lei n\u00ba 14611 &#8211; 1\u00ba semestre 2025.<\/p>\n<p class=\"text_igual\">Clique\u00a0<a href=\"https:\/\/www.artico.com.br\/wp-content\/uploads\/2025\/02\/DECLARACAO-IGUALDADE-SALARIAL-2-SEMESTRE-DE-2024.pdf\" target=\"_blank\" rel=\"noopener\">Aqui<\/a> para visualizar o Relat\u00f3rio de Transpar\u00eancia atendendo exig\u00eancia Lei n\u00ba 14611 &#8211; 2\u00ba semestre 2024.<\/p>\n<p class=\"text_igual\">Clique\u00a0<a href=\"https:\/\/www.artico.com.br\/wp-content\/uploads\/2024\/03\/Transparencia-e-Igualdade-Salarial.pdf\" target=\"_blank\" rel=\"noopener\">Aqui<\/a> para visualizar o Relat\u00f3rio de Transpar\u00eancia atendendo exig\u00eancia Lei n\u00ba 14611 &#8211; 1\u00ba semestre 2024.<\/p>\n<p class=\"text_igual\">Clique\u00a0<a href=\"https:\/\/www.artico.com.br\/wp-content\/uploads\/2025\/01\/Regulamento-Interno-atual-2024.pdf\" target=\"_blank\" rel=\"noopener\">Aqui<\/a> para visualizar o nosso regulamento interno.<\/p>\n<p class=\"text_igual\">Clique\u00a0<a href=\"https:\/\/www.artico.com.br\/wp-content\/uploads\/2025\/01\/Cartilha-Assedio-Sexual.pdf\" target=\"_blank\" rel=\"noopener\">Aqui<\/a> para visualizar a nossa cartilha sobre ass\u00e9dio sexual.<\/p>\n<h3 class=\"page-title\" style=\"color: #000000 !important;\">TECNOLOGIA DOS PRODUTOS ARTICO<\/h3>\n<p>H\u00e1 65 anos a Artico tem investido em novas tecnologias atrav\u00e9s de pesquisa e desenvolvimento. Buscando alcan\u00e7ar e superar seus objetivos, conta com moderno laborat\u00f3rio de ensaios, parcerias com v\u00e1rias empresas da Europa, consultores t\u00e9cnicos renomados de \u00e1reas afins, visitas a feiras e exposi\u00e7\u00f5es no Brasil e Exterior.<\/p>\n<p>O Departamento de engenharia desenvolve os produtos seguindo os mais exigentes padr\u00f5es de qualidade:<br \/>\nUtiliza \u00fanicamente gases ecol\u00f3gicos en los sistemas de refrigeraci\u00f3n.<br \/>\nPara un perfecto aislamiento t\u00e9rmico utiliza Poliuretano Inyectado de Alta Densidad (38 a 42 Kg\/m3), que es el mejor y m\u00e1s fiable aislante t\u00e9rmico del mercado, con una expansi\u00f3n al agua 100% ecol\u00f3gica.<br \/>\nMandos el\u00e9ctricos completos (disyuntores, contactores, rel\u00e9s de sobrecarga y de fallo de fase, termostatos electr\u00f3nicos, etc.) que garantizan una mayor seguridad y fiabilidad de los productos.<br \/>\n\u2013 Os produtos Artico possuem baixo consumo de energia e baixo n\u00edvel de ru\u00eddo.<br \/>\nPremios anuales \u2013 Baker Top, Top of Quality y Popeye (EEUU)<br \/>\nIndustria participante en el Protocolo de Montreal.<br \/>\nProductos certificados por Inmetro - UL.<\/p>\n<h3 class=\"page-title\" style=\"color: #000000 !important;\">OBJETIVOS TECNOL\u00d3GICOS<\/h3>\n<p><span class=\"texto\">Producir productos modernos de alto rendimiento y bajo consumo energ\u00e9tico son las prioridades de la empresa. Para lograr estos objetivos, sigue invirtiendo en investigaci\u00f3n y desarrollo.<br \/>\nParticipaci\u00f3n en ferias en Brasil y en el extranjero (Alemania, Francia. Reino Unido, Estados Unidos, Italia) en busca de nuevas tecnolog\u00edas y tendencias.<\/span><\/p>\n<p><span class=\"texto\">A Artico \u00e9 uma ind\u00fastria conectada com a comunidade e que respeita o meio ambiente. Sempre guiada pelo futuro da refrigera\u00e7\u00e3o com <\/span>solu\u00e7\u00f5es ecol\u00f3gicas e sustent\u00e1veis.<br \/>\n<span class=\"texto\">Apoya la salud, la educaci\u00f3n, el deporte y la cultura, participando en varios proyectos y contribuyendo a diversas instituciones.<\/span><\/p>\n<p><img class=\"wp-image-34927\" src=\"https:\/\/www.artico.com.br\/wp-content\/uploads\/2025\/03\/Sustentabilidade.png\" alt=\"Sustentabilidade\" width=\"206\" height=\"94\" srcset=\"https:\/\/www.artico.com.br\/wp-content\/uploads\/2025\/03\/Sustentabilidade.png 220w, https:\/\/www.artico.com.br\/wp-content\/uploads\/2025\/03\/Sustentabilidade-18x8.png 18w\" sizes=\"(max-width: 206px) 100vw, 206px\" \/> <img class=\"wp-image-34929\" src=\"https:\/\/www.artico.com.br\/wp-content\/uploads\/2025\/03\/Design-sem-nome-5.png\" alt=\"ODS ESD\" width=\"207\" height=\"94\" srcset=\"https:\/\/www.artico.com.br\/wp-content\/uploads\/2025\/03\/Design-sem-nome-5.png 220w, https:\/\/www.artico.com.br\/wp-content\/uploads\/2025\/03\/Design-sem-nome-5-18x8.png 18w\" sizes=\"(max-width: 207px) 100vw, 207px\" \/><img class=\"wp-image-33482\" src=\"https:\/\/www.artico.com.br\/wp-content\/uploads\/2020\/07\/Design-sem-nome-7.png\" alt=\"Pnud\" width=\"104\" height=\"104\" srcset=\"https:\/\/www.artico.com.br\/wp-content\/uploads\/2020\/07\/Design-sem-nome-7.png 300w, https:\/\/www.artico.com.br\/wp-content\/uploads\/2020\/07\/Design-sem-nome-7-150x150.png 150w, https:\/\/www.artico.com.br\/wp-content\/uploads\/2020\/07\/Design-sem-nome-7-256x256.png 256w\" sizes=\"(max-width: 104px) 100vw, 104px\" \/><\/p>\n<p>&nbsp;<\/p>\n<h3 class=\"page-title\" style=\"color: #000000 !important;\">CAPACITACI\u00d3N DE MANO DE OBRA<\/h3>\n<p><span class=\"texto\">La empresa ofrece y subvenciona cursos de capacitaci\u00f3n, especializaci\u00f3n y perfeccionamiento para sus empleados, as\u00ed como pr\u00e1cticas en Brasil y en el Extranjero.<\/span><\/p>\n<p><strong>Equipo T\u00e9cnico Responsable:<\/strong><br \/>\nIngeniero El\u00e9ctrico y Mec\u00e1nico: Fabiano Doering Meinicke | CREA\/SC: 053630-3<br \/>\nGestor Ambiental: Jarbas Jos\u00e9 Angeli | CREA\/SC 17.3805-1<br \/>\nT\u00e9cnico de Seguridad Ocupacional: Maicon Ricardo Zermiani | MTE: 0006669<\/p>\n<p><b>Registro en los organismos gubernamentales y reguladores:<\/b><br \/>\nCREA\/SC PJ &#8211; 013700-8<br \/>\nIBAMA:\u00a0 CTF 63594<\/p>\n<p><strong>Empresa asociada a Abrava<\/strong> Asociaci\u00f3n Brasile\u00f1a de Refrigeraci\u00f3n, Aire Acondicionado, Ventilaci\u00f3n y Calefacci\u00f3n.<\/p>\n<p><img class=\"wp-image-33601\" src=\"https:\/\/www.artico.com.br\/wp-content\/uploads\/2021\/02\/Abrava_Empresa_Associada_2021_hor_cmyk-300x136.jpg\" alt=\"Selo Abrava\" width=\"230\" height=\"104\" srcset=\"https:\/\/www.artico.com.br\/wp-content\/uploads\/2021\/02\/Abrava_Empresa_Associada_2021_hor_cmyk-300x136.jpg 300w, https:\/\/www.artico.com.br\/wp-content\/uploads\/2021\/02\/Abrava_Empresa_Associada_2021_hor_cmyk-768x348.jpg 768w, https:\/\/www.artico.com.br\/wp-content\/uploads\/2021\/02\/Abrava_Empresa_Associada_2021_hor_cmyk.jpg 861w\" sizes=\"(max-width: 230px) 100vw, 230px\" \/><\/p>\n<p>&nbsp;<\/p>\n<h3 class=\"page-title\" style=\"color: #000000 !important;\">POL\u00cdTICA DE QUALIDADE<\/h3>\n<p class=\"cvGsUA direction-ltr align-justify para-style-body\"><span class=\"OYPEnA font-feature-liga-off font-feature-clig-off font-feature-calt-off text-decoration-none text-strikethrough-none\">A Artico atua no mercado de refrigera\u00e7\u00e3o e busca promover a prosperidade de maneira sustent\u00e1vel, com solu\u00e7\u00f5es para expor e conservar, atendendo aos requisitos aplic\u00e1veis por meio de:<\/span><\/p>\n<ul>\n<li><span class=\"OYPEnA font-feature-liga-off font-feature-clig-off font-feature-calt-off text-decoration-none text-strikethrough-none\">Tecnologia e inova\u00e7\u00e3o;<\/span><\/li>\n<li><span class=\"OYPEnA font-feature-liga-off font-feature-clig-off font-feature-calt-off text-decoration-none text-strikethrough-none\">Satisfa\u00e7\u00e3o dos clientes;<\/span><\/li>\n<li><span class=\"OYPEnA font-feature-liga-off font-feature-clig-off font-feature-calt-off text-decoration-none text-strikethrough-none\">Melhoria cont\u00ednua dos produtos e dos processos do Sistema de Gest\u00e3o da Qualidade.<\/span><\/li>\n<\/ul>\n<p>Rev. 21.01.2025<\/p>\n<p><img class=\"alignnone wp-image-35234\" src=\"https:\/\/www.artico.com.br\/wp-content\/uploads\/2025\/11\/9001-300x300.png\" alt=\"\" width=\"98\" height=\"98\" srcset=\"https:\/\/www.artico.com.br\/wp-content\/uploads\/2025\/11\/9001-300x300.png 300w, https:\/\/www.artico.com.br\/wp-content\/uploads\/2025\/11\/9001-150x150.png 150w, https:\/\/www.artico.com.br\/wp-content\/uploads\/2025\/11\/9001-12x12.png 12w, https:\/\/www.artico.com.br\/wp-content\/uploads\/2025\/11\/9001-256x256.png 256w, https:\/\/www.artico.com.br\/wp-content\/uploads\/2025\/11\/9001.png 350w\" sizes=\"(max-width: 98px) 100vw, 98px\" \/>\u00a0 \u00a0 <img class=\"wp-image-33604\" src=\"https:\/\/www.artico.com.br\/wp-content\/uploads\/2021\/02\/Selo-Conformidade-371-2009-Complemento-em-Corel-13-UL-1-300x136.jpg\" alt=\"Inmetro Certificado\" width=\"220\" height=\"100\" srcset=\"https:\/\/www.artico.com.br\/wp-content\/uploads\/2021\/02\/Selo-Conformidade-371-2009-Complemento-em-Corel-13-UL-1-300x136.jpg 300w, https:\/\/www.artico.com.br\/wp-content\/uploads\/2021\/02\/Selo-Conformidade-371-2009-Complemento-em-Corel-13-UL-1-768x347.jpg 768w, https:\/\/www.artico.com.br\/wp-content\/uploads\/2021\/02\/Selo-Conformidade-371-2009-Complemento-em-Corel-13-UL-1.jpg 827w\" sizes=\"(max-width: 220px) 100vw, 220px\" \/><\/p>\n<style>\n.text_igual{font-size:12px !important;}<\/style>\n<style>.page-title-block{background-color: #FFFFFF!important;padding-top: 30px !important;padding-bottom: 30px !important;}#page-title h1{font-size: 30px !important;color: #000000 !important;}<\/style>\n\r\n\t\t\t<\/div>\r\n\t\t<\/div>\r\n\t\r\n<\/div><\/div><\/div><\/div>","protected":false},"excerpt":{"rendered":"","protected":false},"author":1,"featured_media":0,"parent":0,"menu_order":0,"comment_status":"closed","ping_status":"closed","template":"","meta":[],"yoast_head":"<!-- This site is optimized with the Yoast SEO plugin v18.3 - https:\/\/yoast.com\/wordpress\/plugins\/seo\/ -->\n<title>Sobre - \u00c1rtico Ind\u00fastria de Refrigera\u00e7\u00e3o<\/title>\n<meta name=\"description\" content=\"A Artico produz solu\u00e7\u00f5es de refrigera\u00e7\u00e3o de alta performance, como C\u00e2maras Frias, Vitrines e Congeladores Expositores, Adegas e Cervejeiras.\" \/>\n<meta name=\"robots\" content=\"index, follow, max-snippet:-1, max-image-preview:large, max-video-preview:-1\" \/>\n<link rel=\"canonical\" href=\"http:\/\/www.artico.com.br\/es\/sobre\/\" \/>\n<meta property=\"og:locale\" content=\"es_ES\" \/>\n<meta property=\"og:type\" content=\"article\" \/>\n<meta property=\"og:title\" content=\"Sobre - \u00c1rtico Ind\u00fastria de Refrigera\u00e7\u00e3o\" \/>\n<meta property=\"og:description\" content=\"A Artico produz solu\u00e7\u00f5es de refrigera\u00e7\u00e3o de alta performance, como C\u00e2maras Frias, Vitrines e Congeladores Expositores, Adegas e Cervejeiras.\" \/>\n<meta property=\"og:url\" content=\"http:\/\/www.artico.com.br\/es\/sobre\/\" \/>\n<meta property=\"og:site_name\" content=\"\u00c1rtico Ind\u00fastria de Refrigera\u00e7\u00e3o\" \/>\n<meta property=\"article:publisher\" content=\"https:\/\/pt-br.facebook.com\/articoindustriaderefrigeracao\" \/>\n<meta property=\"article:modified_time\" content=\"2026-03-31T10:54:53+00:00\" \/>\n<meta property=\"og:image\" content=\"https:\/\/www.artico.com.br\/wp-content\/uploads\/2025\/03\/Sustentabilidade.png\" \/>\n<meta name=\"twitter:card\" content=\"summary_large_image\" \/>\n<meta name=\"twitter:label1\" content=\"Tiempo de lectura\" \/>\n\t<meta name=\"twitter:data1\" content=\"6 minutos\" \/>\n<script type=\"application\/ld+json\" class=\"yoast-schema-graph\">{\"@context\":\"https:\/\/schema.org\",\"@graph\":[{\"@type\":\"Organization\",\"@id\":\"https:\/\/www.artico.com.br\/es\/#organization\",\"name\":\"\u00c1rtico Ind\u00fastria de Refrigera\u00e7\u00e3o - A arte de expor e conservar\",\"url\":\"https:\/\/www.artico.com.br\/es\/\",\"sameAs\":[\"https:\/\/pt-br.facebook.com\/articoindustriaderefrigeracao\",\"https:\/\/www.instagram.com\/artico.refrigeracao\",\"https:\/\/br.linkedin.com\/company\/articoindrefrigeracao\"],\"logo\":{\"@type\":\"ImageObject\",\"@id\":\"https:\/\/www.artico.com.br\/es\/#logo\",\"inLanguage\":\"es\",\"url\":\"https:\/\/www.artico.com.br\/wp-content\/uploads\/2021\/04\/logo.png\",\"contentUrl\":\"https:\/\/www.artico.com.br\/wp-content\/uploads\/2021\/04\/logo.png\",\"width\":265,\"height\":265,\"caption\":\"\u00c1rtico Ind\u00fastria de Refrigera\u00e7\u00e3o - A arte de expor e conservar\"},\"image\":{\"@id\":\"https:\/\/www.artico.com.br\/es\/#logo\"}},{\"@type\":\"WebSite\",\"@id\":\"https:\/\/www.artico.com.br\/es\/#website\",\"url\":\"https:\/\/www.artico.com.br\/es\/\",\"name\":\"\u00c1rtico Ind\u00fastria de Refrigera\u00e7\u00e3o\",\"description\":\"A arte de expor e conservar\",\"publisher\":{\"@id\":\"https:\/\/www.artico.com.br\/es\/#organization\"},\"potentialAction\":[{\"@type\":\"SearchAction\",\"target\":{\"@type\":\"EntryPoint\",\"urlTemplate\":\"https:\/\/www.artico.com.br\/es\/?s={search_term_string}\"},\"query-input\":\"required name=search_term_string\"}],\"inLanguage\":\"es\"},{\"@type\":\"ImageObject\",\"@id\":\"https:\/\/www.artico.com.br\/sobre\/#primaryimage\",\"inLanguage\":\"es\",\"url\":\"https:\/\/www.artico.com.br\/wp-content\/uploads\/2025\/03\/Sustentabilidade.png\",\"contentUrl\":\"https:\/\/www.artico.com.br\/wp-content\/uploads\/2025\/03\/Sustentabilidade.png\",\"width\":220,\"height\":100,\"caption\":\"Sustentabilidade\"},{\"@type\":\"WebPage\",\"@id\":\"https:\/\/www.artico.com.br\/sobre\/#webpage\",\"url\":\"https:\/\/www.artico.com.br\/sobre\/\",\"name\":\"Sobre - \u00c1rtico Ind\u00fastria de Refrigera\u00e7\u00e3o\",\"isPartOf\":{\"@id\":\"https:\/\/www.artico.com.br\/es\/#website\"},\"primaryImageOfPage\":{\"@id\":\"https:\/\/www.artico.com.br\/sobre\/#primaryimage\"},\"datePublished\":\"2020-06-29T17:48:37+00:00\",\"dateModified\":\"2026-03-31T10:54:53+00:00\",\"description\":\"A Artico produz solu\u00e7\u00f5es de refrigera\u00e7\u00e3o de alta performance, como C\u00e2maras Frias, Vitrines e Congeladores Expositores, Adegas e Cervejeiras.\",\"breadcrumb\":{\"@id\":\"https:\/\/www.artico.com.br\/sobre\/#breadcrumb\"},\"inLanguage\":\"es\",\"potentialAction\":[{\"@type\":\"ReadAction\",\"target\":[\"https:\/\/www.artico.com.br\/sobre\/\"]}]},{\"@type\":\"BreadcrumbList\",\"@id\":\"https:\/\/www.artico.com.br\/sobre\/#breadcrumb\",\"itemListElement\":[{\"@type\":\"ListItem\",\"position\":1,\"name\":\"In\u00edcio\",\"item\":\"https:\/\/www.artico.com.br\/es\/\"},{\"@type\":\"ListItem\",\"position\":2,\"name\":\"Sobre\"}]}]}<\/script>\n<!-- \/ Yoast SEO plugin. -->","yoast_head_json":{"title":"Sobre - \u00c1rtico Ind\u00fastria de Refrigera\u00e7\u00e3o","description":"A Artico produz solu\u00e7\u00f5es de refrigera\u00e7\u00e3o de alta performance, como C\u00e2maras Frias, Vitrines e Congeladores Expositores, Adegas e Cervejeiras.","robots":{"index":"index","follow":"follow","max-snippet":"max-snippet:-1","max-image-preview":"max-image-preview:large","max-video-preview":"max-video-preview:-1"},"canonical":"http:\/\/www.artico.com.br\/es\/sobre\/","og_locale":"es_ES","og_type":"article","og_title":"Sobre - \u00c1rtico Ind\u00fastria de Refrigera\u00e7\u00e3o","og_description":"A Artico produz solu\u00e7\u00f5es de refrigera\u00e7\u00e3o de alta performance, como C\u00e2maras Frias, Vitrines e Congeladores Expositores, Adegas e Cervejeiras.","og_url":"http:\/\/www.artico.com.br\/es\/sobre\/","og_site_name":"\u00c1rtico Ind\u00fastria de Refrigera\u00e7\u00e3o","article_publisher":"https:\/\/pt-br.facebook.com\/articoindustriaderefrigeracao","article_modified_time":"2026-03-31T10:54:53+00:00","og_image":[{"url":"https:\/\/www.artico.com.br\/wp-content\/uploads\/2025\/03\/Sustentabilidade.png"}],"twitter_card":"summary_large_image","twitter_misc":{"Tiempo de lectura":"6 minutos"},"schema":{"@context":"https:\/\/schema.org","@graph":[{"@type":"Organization","@id":"https:\/\/www.artico.com.br\/es\/#organization","name":"\u00c1rtico Ind\u00fastria de Refrigera\u00e7\u00e3o - A arte de expor e conservar","url":"https:\/\/www.artico.com.br\/es\/","sameAs":["https:\/\/pt-br.facebook.com\/articoindustriaderefrigeracao","https:\/\/www.instagram.com\/artico.refrigeracao","https:\/\/br.linkedin.com\/company\/articoindrefrigeracao"],"logo":{"@type":"ImageObject","@id":"https:\/\/www.artico.com.br\/es\/#logo","inLanguage":"es","url":"https:\/\/www.artico.com.br\/wp-content\/uploads\/2021\/04\/logo.png","contentUrl":"https:\/\/www.artico.com.br\/wp-content\/uploads\/2021\/04\/logo.png","width":265,"height":265,"caption":"\u00c1rtico Ind\u00fastria de Refrigera\u00e7\u00e3o - A arte de expor e conservar"},"image":{"@id":"https:\/\/www.artico.com.br\/es\/#logo"}},{"@type":"WebSite","@id":"https:\/\/www.artico.com.br\/es\/#website","url":"https:\/\/www.artico.com.br\/es\/","name":"\u00c1rtico Ind\u00fastria de Refrigera\u00e7\u00e3o","description":"A arte de expor e conservar","publisher":{"@id":"https:\/\/www.artico.com.br\/es\/#organization"},"potentialAction":[{"@type":"SearchAction","target":{"@type":"EntryPoint","urlTemplate":"https:\/\/www.artico.com.br\/es\/?s={search_term_string}"},"query-input":"required name=search_term_string"}],"inLanguage":"es"},{"@type":"ImageObject","@id":"https:\/\/www.artico.com.br\/sobre\/#primaryimage","inLanguage":"es","url":"https:\/\/www.artico.com.br\/wp-content\/uploads\/2025\/03\/Sustentabilidade.png","contentUrl":"https:\/\/www.artico.com.br\/wp-content\/uploads\/2025\/03\/Sustentabilidade.png","width":220,"height":100,"caption":"Sustentabilidade"},{"@type":"WebPage","@id":"https:\/\/www.artico.com.br\/sobre\/#webpage","url":"https:\/\/www.artico.com.br\/sobre\/","name":"Sobre - \u00c1rtico Ind\u00fastria de Refrigera\u00e7\u00e3o","isPartOf":{"@id":"https:\/\/www.artico.com.br\/es\/#website"},"primaryImageOfPage":{"@id":"https:\/\/www.artico.com.br\/sobre\/#primaryimage"},"datePublished":"2020-06-29T17:48:37+00:00","dateModified":"2026-03-31T10:54:53+00:00","description":"A Artico produz solu\u00e7\u00f5es de refrigera\u00e7\u00e3o de alta performance, como C\u00e2maras Frias, Vitrines e Congeladores Expositores, Adegas e Cervejeiras.","breadcrumb":{"@id":"https:\/\/www.artico.com.br\/sobre\/#breadcrumb"},"inLanguage":"es","potentialAction":[{"@type":"ReadAction","target":["https:\/\/www.artico.com.br\/sobre\/"]}]},{"@type":"BreadcrumbList","@id":"https:\/\/www.artico.com.br\/sobre\/#breadcrumb","itemListElement":[{"@type":"ListItem","position":1,"name":"In\u00edcio","item":"https:\/\/www.artico.com.br\/es\/"},{"@type":"ListItem","position":2,"name":"Sobre"}]}]}},"_links":{"self":[{"href":"http:\/\/www.artico.com.br\/es\/wp-json\/wp\/v2\/pages\/32424"}],"collection":[{"href":"http:\/\/www.artico.com.br\/es\/wp-json\/wp\/v2\/pages"}],"about":[{"href":"http:\/\/www.artico.com.br\/es\/wp-json\/wp\/v2\/types\/page"}],"author":[{"embeddable":true,"href":"http:\/\/www.artico.com.br\/es\/wp-json\/wp\/v2\/users\/1"}],"replies":[{"embeddable":true,"href":"http:\/\/www.artico.com.br\/es\/wp-json\/wp\/v2\/comments?post=32424"}],"version-history":[{"count":44,"href":"http:\/\/www.artico.com.br\/es\/wp-json\/wp\/v2\/pages\/32424\/revisions"}],"predecessor-version":[{"id":35288,"href":"http:\/\/www.artico.com.br\/es\/wp-json\/wp\/v2\/pages\/32424\/revisions\/35288"}],"wp:attachment":[{"href":"http:\/\/www.artico.com.br\/es\/wp-json\/wp\/v2\/media?parent=32424"}],"curies":[{"name":"wp","href":"https:\/\/api.w.org\/{rel}","templated":true}]}}