{"id":33176,"date":"2020-07-15T14:10:25","date_gmt":"2020-07-15T17:10:25","guid":{"rendered":"http:\/\/www.artico.com.br\/?page_id=33176"},"modified":"2026-03-26T11:19:46","modified_gmt":"2026-03-26T14:19:46","slug":"freezer-linha-domestica","status":"publish","type":"page","link":"http:\/\/www.artico.com.br\/en\/freezer-linha-domestica\/","title":{"rendered":"DOMESTIC LINE FREEZER"},"content":{"rendered":"<div id=\"vc_row-69f50cc794b74\" class=\"vc_row wpb_row vc_row-fluid thegem-custom-69f50cc794b485265\"><div class=\"wpb_column vc_column_container vc_col-sm-12 thegem-custom-69f50cc794c734908\"><div class=\"vc_column-inner thegem-custom-inner-69f50cc794c74\"><style>\n.thegem-template-wrapper .wpb_wrapper.thegem-custom-69f50cc794c734908{display: flex !important;}.thegem-template-wrapper .wpb_wrapper.thegem-custom-69f50cc794c734908{align-items: center !important;}.thegem-template-wrapper .wpb_wrapper.thegem-custom-69f50cc794c734908{justify-content: flex-start !important;}.thegem-template-wrapper .wpb_wrapper.thegem-custom-69f50cc794c734908{flex-direction: row !important;}.thegem-template-wrapper .wpb_wrapper.thegem-custom-69f50cc794c734908{flex-wrap: wrap !important;}<\/style><div class=\"wpb_wrapper thegem-custom-69f50cc794c734908\"><div class=\"clearboth\"><\/div><div class=\"gem-divider\" style=\"\"><\/div><div class=\"wpb_layerslider_element wpb_content_element\"><div id=\"layerslider_72_1u4bqbv1zls24\" class=\"ls-wp-container fitvidsignore\" style=\"width:1280px;height:720px;margin:0 auto;margin-bottom: 0px;\"><div class=\"ls-slide\" data-ls=\"bgsize:contain;duration:1800;transition2d:83;kenburnsscale:1.2;\"><img width=\"1920\" height=\"650\" src=\"https:\/\/www.artico.com.br\/wp-content\/uploads\/2026\/03\/Banner-Loja-Artico-Champanheira.jpg\" class=\"ls-bg\" alt=\"\" srcset=\"https:\/\/www.artico.com.br\/wp-content\/uploads\/2026\/03\/Banner-Loja-Artico-Champanheira.jpg 1920w, https:\/\/www.artico.com.br\/wp-content\/uploads\/2026\/03\/Banner-Loja-Artico-Champanheira-300x102.jpg 300w, https:\/\/www.artico.com.br\/wp-content\/uploads\/2026\/03\/Banner-Loja-Artico-Champanheira-1024x347.jpg 1024w, https:\/\/www.artico.com.br\/wp-content\/uploads\/2026\/03\/Banner-Loja-Artico-Champanheira-768x260.jpg 768w, https:\/\/www.artico.com.br\/wp-content\/uploads\/2026\/03\/Banner-Loja-Artico-Champanheira-1536x520.jpg 1536w, https:\/\/www.artico.com.br\/wp-content\/uploads\/2026\/03\/Banner-Loja-Artico-Champanheira-18x6.jpg 18w\" sizes=\"(max-width: 1920px) 100vw, 1920px\" \/><\/div><div class=\"ls-slide\" data-ls=\"bgsize:contain;duration:1800;transition2d:83;kenburnsscale:1.2;\"><img width=\"1920\" height=\"650\" src=\"https:\/\/www.artico.com.br\/wp-content\/uploads\/2026\/03\/Banner-Pag-Adega.jpg\" class=\"ls-bg\" alt=\"\" srcset=\"https:\/\/www.artico.com.br\/wp-content\/uploads\/2026\/03\/Banner-Pag-Adega.jpg 1920w, https:\/\/www.artico.com.br\/wp-content\/uploads\/2026\/03\/Banner-Pag-Adega-300x102.jpg 300w, https:\/\/www.artico.com.br\/wp-content\/uploads\/2026\/03\/Banner-Pag-Adega-1024x347.jpg 1024w, https:\/\/www.artico.com.br\/wp-content\/uploads\/2026\/03\/Banner-Pag-Adega-768x260.jpg 768w, https:\/\/www.artico.com.br\/wp-content\/uploads\/2026\/03\/Banner-Pag-Adega-1536x520.jpg 1536w, https:\/\/www.artico.com.br\/wp-content\/uploads\/2026\/03\/Banner-Pag-Adega-18x6.jpg 18w\" sizes=\"(max-width: 1920px) 100vw, 1920px\" \/><\/div><div class=\"ls-slide\" data-ls=\"bgsize:contain;duration:1800;transition2d:83;kenburnsscale:1.2;\"><img width=\"1920\" height=\"650\" src=\"https:\/\/www.artico.com.br\/wp-content\/uploads\/2026\/03\/Banner-Pag-Cervejeira.jpg\" class=\"ls-bg\" alt=\"\" srcset=\"https:\/\/www.artico.com.br\/wp-content\/uploads\/2026\/03\/Banner-Pag-Cervejeira.jpg 1920w, https:\/\/www.artico.com.br\/wp-content\/uploads\/2026\/03\/Banner-Pag-Cervejeira-300x102.jpg 300w, https:\/\/www.artico.com.br\/wp-content\/uploads\/2026\/03\/Banner-Pag-Cervejeira-1024x347.jpg 1024w, https:\/\/www.artico.com.br\/wp-content\/uploads\/2026\/03\/Banner-Pag-Cervejeira-768x260.jpg 768w, https:\/\/www.artico.com.br\/wp-content\/uploads\/2026\/03\/Banner-Pag-Cervejeira-1536x520.jpg 1536w, https:\/\/www.artico.com.br\/wp-content\/uploads\/2026\/03\/Banner-Pag-Cervejeira-18x6.jpg 18w\" sizes=\"(max-width: 1920px) 100vw, 1920px\" \/><\/div><div class=\"ls-slide\" data-ls=\"bgsize:contain;duration:1800;transition2d:83;kenburnsscale:1.2;\"><img width=\"1920\" height=\"650\" src=\"https:\/\/www.artico.com.br\/wp-content\/uploads\/2026\/03\/Banner-Pag-Home.jpg\" class=\"ls-bg\" alt=\"\" srcset=\"https:\/\/www.artico.com.br\/wp-content\/uploads\/2026\/03\/Banner-Pag-Home.jpg 1920w, https:\/\/www.artico.com.br\/wp-content\/uploads\/2026\/03\/Banner-Pag-Home-300x102.jpg 300w, https:\/\/www.artico.com.br\/wp-content\/uploads\/2026\/03\/Banner-Pag-Home-1024x347.jpg 1024w, https:\/\/www.artico.com.br\/wp-content\/uploads\/2026\/03\/Banner-Pag-Home-768x260.jpg 768w, https:\/\/www.artico.com.br\/wp-content\/uploads\/2026\/03\/Banner-Pag-Home-1536x520.jpg 1536w, https:\/\/www.artico.com.br\/wp-content\/uploads\/2026\/03\/Banner-Pag-Home-18x6.jpg 18w\" sizes=\"(max-width: 1920px) 100vw, 1920px\" \/><\/div><div class=\"ls-slide\" data-ls=\"bgsize:contain;duration:1800;transition2d:83;kenburnsscale:1.2;\"><img width=\"1920\" height=\"650\" src=\"https:\/\/www.artico.com.br\/wp-content\/uploads\/2026\/03\/Banner-Pag-para-Arquitetos.jpg\" class=\"ls-bg\" alt=\"\" srcset=\"https:\/\/www.artico.com.br\/wp-content\/uploads\/2026\/03\/Banner-Pag-para-Arquitetos.jpg 1920w, https:\/\/www.artico.com.br\/wp-content\/uploads\/2026\/03\/Banner-Pag-para-Arquitetos-300x102.jpg 300w, https:\/\/www.artico.com.br\/wp-content\/uploads\/2026\/03\/Banner-Pag-para-Arquitetos-1024x347.jpg 1024w, https:\/\/www.artico.com.br\/wp-content\/uploads\/2026\/03\/Banner-Pag-para-Arquitetos-768x260.jpg 768w, https:\/\/www.artico.com.br\/wp-content\/uploads\/2026\/03\/Banner-Pag-para-Arquitetos-1536x520.jpg 1536w, https:\/\/www.artico.com.br\/wp-content\/uploads\/2026\/03\/Banner-Pag-para-Arquitetos-18x6.jpg 18w\" sizes=\"(max-width: 1920px) 100vw, 1920px\" \/><\/div><div class=\"ls-slide\" data-ls=\"bgsize:contain;duration:1800;transition2d:83;kenburnsscale:1.2;\"><img width=\"1920\" height=\"650\" src=\"https:\/\/www.artico.com.br\/wp-content\/uploads\/2026\/03\/Banner-Pag-para-FH80.jpg\" class=\"ls-bg\" alt=\"\" srcset=\"https:\/\/www.artico.com.br\/wp-content\/uploads\/2026\/03\/Banner-Pag-para-FH80.jpg 1920w, https:\/\/www.artico.com.br\/wp-content\/uploads\/2026\/03\/Banner-Pag-para-FH80-300x102.jpg 300w, https:\/\/www.artico.com.br\/wp-content\/uploads\/2026\/03\/Banner-Pag-para-FH80-1024x347.jpg 1024w, https:\/\/www.artico.com.br\/wp-content\/uploads\/2026\/03\/Banner-Pag-para-FH80-768x260.jpg 768w, https:\/\/www.artico.com.br\/wp-content\/uploads\/2026\/03\/Banner-Pag-para-FH80-1536x520.jpg 1536w, https:\/\/www.artico.com.br\/wp-content\/uploads\/2026\/03\/Banner-Pag-para-FH80-18x6.jpg 18w\" sizes=\"(max-width: 1920px) 100vw, 1920px\" \/><\/div><\/div><\/div><\/div><\/div><\/div><\/div><div id=\"vc_row-69f50cc79749d\" class=\"vc_row wpb_row vc_row-fluid thegem-custom-69f50cc79748a946\"><div class=\"wpb_column vc_column_container vc_col-sm-12 thegem-custom-69f50cc7975a23772\"><div class=\"vc_column-inner thegem-custom-inner-69f50cc7975a3\"><style>\n.thegem-template-wrapper .wpb_wrapper.thegem-custom-69f50cc7975a23772{display: flex !important;}.thegem-template-wrapper .wpb_wrapper.thegem-custom-69f50cc7975a23772{align-items: center !important;}.thegem-template-wrapper .wpb_wrapper.thegem-custom-69f50cc7975a23772{justify-content: flex-start !important;}.thegem-template-wrapper .wpb_wrapper.thegem-custom-69f50cc7975a23772{flex-direction: row !important;}.thegem-template-wrapper .wpb_wrapper.thegem-custom-69f50cc7975a23772{flex-wrap: wrap !important;}<\/style><div class=\"wpb_wrapper thegem-custom-69f50cc7975a23772\">\r\n\t\r\n\t\t<div class=\"wpb_text_column wpb_content_element  thegem-vc-text thegem-custom-69f50cc7976b73741\"  >\r\n\t\t\t<div class=\"wpb_wrapper\">\r\n\t\t\t\t<h6 style=\"text-align: center;\"><a href=\"https:\/\/www.lojaartico.com.br\/\"><span style=\"color: #000000;\">lojaartico.com.br<\/span><\/a><\/h6>\n\r\n\t\t\t<\/div>\r\n\t\t<\/div>\r\n\t\r\n<div class=\"vc_row wpb_row vc_inner vc_row-fluid custom-inner-column-69f50cc797797\"><div class=\"wpb_column vc_column_container vc_col-sm-12\"><div class=\"vc_column-inner thegem-custom-inner-69f50cc797856\"><div class=\"wpb_wrapper\"><\/div><\/div><\/div><\/div><\/div><\/div><\/div><\/div>","protected":false},"excerpt":{"rendered":"","protected":false},"author":1,"featured_media":0,"parent":0,"menu_order":0,"comment_status":"closed","ping_status":"closed","template":"","meta":[],"yoast_head":"<!-- This site is optimized with the Yoast SEO plugin v18.3 - https:\/\/yoast.com\/wordpress\/plugins\/seo\/ -->\n<title>Freezer Linha Dom\u00e9stica - \u00c1rtico Ind\u00fastria de Refrigera\u00e7\u00e3o<\/title>\n<meta name=\"robots\" content=\"index, follow, max-snippet:-1, max-image-preview:large, max-video-preview:-1\" \/>\n<link rel=\"canonical\" href=\"http:\/\/www.artico.com.br\/en\/freezer-linha-domestica\/\" \/>\n<meta property=\"og:locale\" content=\"en_US\" \/>\n<meta property=\"og:type\" content=\"article\" \/>\n<meta property=\"og:title\" content=\"Freezer Linha Dom\u00e9stica - \u00c1rtico Ind\u00fastria de Refrigera\u00e7\u00e3o\" \/>\n<meta property=\"og:url\" content=\"http:\/\/www.artico.com.br\/en\/freezer-linha-domestica\/\" \/>\n<meta property=\"og:site_name\" content=\"\u00c1rtico Ind\u00fastria de Refrigera\u00e7\u00e3o\" \/>\n<meta property=\"article:publisher\" content=\"https:\/\/pt-br.facebook.com\/articoindustriaderefrigeracao\" \/>\n<meta property=\"article:modified_time\" content=\"2026-03-26T14:19:46+00:00\" \/>\n<meta name=\"twitter:card\" content=\"summary_large_image\" \/>\n<script type=\"application\/ld+json\" class=\"yoast-schema-graph\">{\"@context\":\"https:\/\/schema.org\",\"@graph\":[{\"@type\":\"Organization\",\"@id\":\"https:\/\/www.artico.com.br\/es\/#organization\",\"name\":\"\u00c1rtico Ind\u00fastria de Refrigera\u00e7\u00e3o - A arte de expor e conservar\",\"url\":\"https:\/\/www.artico.com.br\/es\/\",\"sameAs\":[\"https:\/\/pt-br.facebook.com\/articoindustriaderefrigeracao\",\"https:\/\/www.instagram.com\/artico.refrigeracao\",\"https:\/\/br.linkedin.com\/company\/articoindrefrigeracao\"],\"logo\":{\"@type\":\"ImageObject\",\"@id\":\"https:\/\/www.artico.com.br\/es\/#logo\",\"inLanguage\":\"en-US\",\"url\":\"https:\/\/www.artico.com.br\/wp-content\/uploads\/2021\/04\/logo.png\",\"contentUrl\":\"https:\/\/www.artico.com.br\/wp-content\/uploads\/2021\/04\/logo.png\",\"width\":265,\"height\":265,\"caption\":\"\u00c1rtico Ind\u00fastria de Refrigera\u00e7\u00e3o - A arte de expor e conservar\"},\"image\":{\"@id\":\"https:\/\/www.artico.com.br\/es\/#logo\"}},{\"@type\":\"WebSite\",\"@id\":\"https:\/\/www.artico.com.br\/es\/#website\",\"url\":\"https:\/\/www.artico.com.br\/es\/\",\"name\":\"\u00c1rtico Ind\u00fastria de Refrigera\u00e7\u00e3o\",\"description\":\"A arte de expor e conservar\",\"publisher\":{\"@id\":\"https:\/\/www.artico.com.br\/es\/#organization\"},\"potentialAction\":[{\"@type\":\"SearchAction\",\"target\":{\"@type\":\"EntryPoint\",\"urlTemplate\":\"https:\/\/www.artico.com.br\/es\/?s={search_term_string}\"},\"query-input\":\"required name=search_term_string\"}],\"inLanguage\":\"en-US\"},{\"@type\":\"WebPage\",\"@id\":\"https:\/\/www.artico.com.br\/freezer-linha-domestica\/#webpage\",\"url\":\"https:\/\/www.artico.com.br\/freezer-linha-domestica\/\",\"name\":\"Freezer Linha Dom\u00e9stica - \u00c1rtico Ind\u00fastria de Refrigera\u00e7\u00e3o\",\"isPartOf\":{\"@id\":\"https:\/\/www.artico.com.br\/es\/#website\"},\"datePublished\":\"2020-07-15T17:10:25+00:00\",\"dateModified\":\"2026-03-26T14:19:46+00:00\",\"breadcrumb\":{\"@id\":\"https:\/\/www.artico.com.br\/freezer-linha-domestica\/#breadcrumb\"},\"inLanguage\":\"en-US\",\"potentialAction\":[{\"@type\":\"ReadAction\",\"target\":[\"https:\/\/www.artico.com.br\/freezer-linha-domestica\/\"]}]},{\"@type\":\"BreadcrumbList\",\"@id\":\"https:\/\/www.artico.com.br\/freezer-linha-domestica\/#breadcrumb\",\"itemListElement\":[{\"@type\":\"ListItem\",\"position\":1,\"name\":\"In\u00edcio\",\"item\":\"https:\/\/www.artico.com.br\/es\/\"},{\"@type\":\"ListItem\",\"position\":2,\"name\":\"Freezer Linha Dom\u00e9stica\"}]}]}<\/script>\n<!-- \/ Yoast SEO plugin. -->","yoast_head_json":{"title":"Freezer Linha Dom\u00e9stica - \u00c1rtico Ind\u00fastria de Refrigera\u00e7\u00e3o","robots":{"index":"index","follow":"follow","max-snippet":"max-snippet:-1","max-image-preview":"max-image-preview:large","max-video-preview":"max-video-preview:-1"},"canonical":"http:\/\/www.artico.com.br\/en\/freezer-linha-domestica\/","og_locale":"en_US","og_type":"article","og_title":"Freezer Linha Dom\u00e9stica - \u00c1rtico Ind\u00fastria de Refrigera\u00e7\u00e3o","og_url":"http:\/\/www.artico.com.br\/en\/freezer-linha-domestica\/","og_site_name":"\u00c1rtico Ind\u00fastria de Refrigera\u00e7\u00e3o","article_publisher":"https:\/\/pt-br.facebook.com\/articoindustriaderefrigeracao","article_modified_time":"2026-03-26T14:19:46+00:00","twitter_card":"summary_large_image","schema":{"@context":"https:\/\/schema.org","@graph":[{"@type":"Organization","@id":"https:\/\/www.artico.com.br\/es\/#organization","name":"\u00c1rtico Ind\u00fastria de Refrigera\u00e7\u00e3o - A arte de expor e conservar","url":"https:\/\/www.artico.com.br\/es\/","sameAs":["https:\/\/pt-br.facebook.com\/articoindustriaderefrigeracao","https:\/\/www.instagram.com\/artico.refrigeracao","https:\/\/br.linkedin.com\/company\/articoindrefrigeracao"],"logo":{"@type":"ImageObject","@id":"https:\/\/www.artico.com.br\/es\/#logo","inLanguage":"en-US","url":"https:\/\/www.artico.com.br\/wp-content\/uploads\/2021\/04\/logo.png","contentUrl":"https:\/\/www.artico.com.br\/wp-content\/uploads\/2021\/04\/logo.png","width":265,"height":265,"caption":"\u00c1rtico Ind\u00fastria de Refrigera\u00e7\u00e3o - A arte de expor e conservar"},"image":{"@id":"https:\/\/www.artico.com.br\/es\/#logo"}},{"@type":"WebSite","@id":"https:\/\/www.artico.com.br\/es\/#website","url":"https:\/\/www.artico.com.br\/es\/","name":"\u00c1rtico Ind\u00fastria de Refrigera\u00e7\u00e3o","description":"A arte de expor e conservar","publisher":{"@id":"https:\/\/www.artico.com.br\/es\/#organization"},"potentialAction":[{"@type":"SearchAction","target":{"@type":"EntryPoint","urlTemplate":"https:\/\/www.artico.com.br\/es\/?s={search_term_string}"},"query-input":"required name=search_term_string"}],"inLanguage":"en-US"},{"@type":"WebPage","@id":"https:\/\/www.artico.com.br\/freezer-linha-domestica\/#webpage","url":"https:\/\/www.artico.com.br\/freezer-linha-domestica\/","name":"Freezer Linha Dom\u00e9stica - \u00c1rtico Ind\u00fastria de Refrigera\u00e7\u00e3o","isPartOf":{"@id":"https:\/\/www.artico.com.br\/es\/#website"},"datePublished":"2020-07-15T17:10:25+00:00","dateModified":"2026-03-26T14:19:46+00:00","breadcrumb":{"@id":"https:\/\/www.artico.com.br\/freezer-linha-domestica\/#breadcrumb"},"inLanguage":"en-US","potentialAction":[{"@type":"ReadAction","target":["https:\/\/www.artico.com.br\/freezer-linha-domestica\/"]}]},{"@type":"BreadcrumbList","@id":"https:\/\/www.artico.com.br\/freezer-linha-domestica\/#breadcrumb","itemListElement":[{"@type":"ListItem","position":1,"name":"In\u00edcio","item":"https:\/\/www.artico.com.br\/es\/"},{"@type":"ListItem","position":2,"name":"Freezer Linha Dom\u00e9stica"}]}]}},"_links":{"self":[{"href":"http:\/\/www.artico.com.br\/en\/wp-json\/wp\/v2\/pages\/33176"}],"collection":[{"href":"http:\/\/www.artico.com.br\/en\/wp-json\/wp\/v2\/pages"}],"about":[{"href":"http:\/\/www.artico.com.br\/en\/wp-json\/wp\/v2\/types\/page"}],"author":[{"embeddable":true,"href":"http:\/\/www.artico.com.br\/en\/wp-json\/wp\/v2\/users\/1"}],"replies":[{"embeddable":true,"href":"http:\/\/www.artico.com.br\/en\/wp-json\/wp\/v2\/comments?post=33176"}],"version-history":[{"count":10,"href":"http:\/\/www.artico.com.br\/en\/wp-json\/wp\/v2\/pages\/33176\/revisions"}],"predecessor-version":[{"id":35277,"href":"http:\/\/www.artico.com.br\/en\/wp-json\/wp\/v2\/pages\/33176\/revisions\/35277"}],"wp:attachment":[{"href":"http:\/\/www.artico.com.br\/en\/wp-json\/wp\/v2\/media?parent=33176"}],"curies":[{"name":"wp","href":"https:\/\/api.w.org\/{rel}","templated":true}]}}