{"id":33042,"date":"2020-07-09T16:37:33","date_gmt":"2020-07-09T19:37:33","guid":{"rendered":"http:\/\/www.artico.com.br\/?page_id=33042"},"modified":"2025-01-16T14:55:30","modified_gmt":"2025-01-16T17:55:30","slug":"encontre-nos","status":"publish","type":"page","link":"http:\/\/www.artico.com.br\/en\/encontre-nos\/","title":{"rendered":"FIND US"},"content":{"rendered":"<div id=\"vc_row-69f34cb959fc8\" class=\"vc_row wpb_row vc_row-fluid thegem-custom-69f34cb959fbc2325\"><div class=\"wpb_column vc_column_container vc_col-sm-12 thegem-custom-69f34cb95a0d02457\"><div class=\"vc_column-inner thegem-custom-inner-69f34cb95a0d1\"><style>\n.thegem-template-wrapper .wpb_wrapper.thegem-custom-69f34cb95a0d02457{display: flex !important;}.thegem-template-wrapper .wpb_wrapper.thegem-custom-69f34cb95a0d02457{align-items: center !important;}.thegem-template-wrapper .wpb_wrapper.thegem-custom-69f34cb95a0d02457{justify-content: flex-start !important;}.thegem-template-wrapper .wpb_wrapper.thegem-custom-69f34cb95a0d02457{flex-direction: row !important;}.thegem-template-wrapper .wpb_wrapper.thegem-custom-69f34cb95a0d02457{flex-wrap: wrap !important;}<\/style><div class=\"wpb_wrapper thegem-custom-69f34cb95a0d02457\"><div class=\"quickfinder quickfinder-style-default row inline-row quickfinder-icon-position-top quickfinder-alignment-center quickfinder-title-bold\"><div id=\"post-32442\" class=\"quickfinder-item inline-column col-md-3 col-xs-6 quickfinder-item-effect-image-scale icon-size-large post-32442 thegem_qf_item type-thegem_qf_item status-publish has-post-thumbnail\" data-ll-item-delay=\"0\"> <div class=\"quickfinder-item-inner\"> <div class=\"quickfinder-item-image\"> <div class=\"quickfinder-item-image-content\" > <div class=\"quickfinder-item-image-wrapper quickfinder-item-picture quickfinder-item-image-shape-circle\"> <img width=\"300\" height=\"250\" src=\"https:\/\/www.artico.com.br\/wp-content\/uploads\/2020\/06\/logo-magazine.png\" class=\"quickfinder-img-size-large wp-post-image\" alt=\"logo-magazine\" srcset=\"https:\/\/www.artico.com.br\/wp-content\/uploads\/2020\/06\/logo-magazine-thegem-person-160.png 1x, https:\/\/www.artico.com.br\/wp-content\/uploads\/2020\/06\/logo-magazine.png 2x\" sizes=\"100vw\" loading=\"lazy\" \/> <\/div> <\/div> <\/div> <div class=\"quickfinder-item-info-wrapper\"> <div class=\"quickfinder-item-info\" > <div class=\"quickfinder-item-title\" >Magazine Luiza<\/div> <\/div> <\/div> <\/div> <a href=\"https:\/\/www.magazineluiza.com.br\/marcas\/ARTICO\/\" target=\"_self\" class=\"quickfinder-item-link\"><\/a> <\/div> <div id=\"post-32444\" class=\"quickfinder-item inline-column col-md-3 col-xs-6 quickfinder-item-effect-image-scale icon-size-large post-32444 thegem_qf_item type-thegem_qf_item status-publish has-post-thumbnail\" data-ll-item-delay=\"0\"> <div class=\"quickfinder-item-inner\"> <div class=\"quickfinder-item-image\"> <div class=\"quickfinder-item-image-content\" > <div class=\"quickfinder-item-image-wrapper quickfinder-item-picture quickfinder-item-image-shape-circle\"> <img width=\"300\" height=\"200\" src=\"https:\/\/www.artico.com.br\/wp-content\/uploads\/2020\/06\/logo-webcont.png\" class=\"quickfinder-img-size-large wp-post-image\" alt=\"logo-webcont\" srcset=\"https:\/\/www.artico.com.br\/wp-content\/uploads\/2020\/06\/logo-webcont-thegem-person-160.png 1x, https:\/\/www.artico.com.br\/wp-content\/uploads\/2020\/06\/logo-webcont.png 2x\" sizes=\"100vw\" loading=\"lazy\" \/> <\/div> <\/div> <\/div> <div class=\"quickfinder-item-info-wrapper\"> <div class=\"quickfinder-item-info\" > <div class=\"quickfinder-item-title\" >Web Continental<\/div> <\/div> <\/div> <\/div> <a href=\"https:\/\/www.webcontinental.com.br\/searchresults?origin=autocomplete&#038;p=artico&#038;ranking=1&#038;terms=artico&#038;productFormat=complete&#038;resultsPerPage=12&#038;page=1&#038;sortBy=relevance&#038;type=search\" target=\"_self\" class=\"quickfinder-item-link\"><\/a> <\/div> <div id=\"post-32446\" class=\"quickfinder-item inline-column col-md-3 col-xs-6 quickfinder-item-effect-image-scale icon-size-large post-32446 thegem_qf_item type-thegem_qf_item status-publish has-post-thumbnail\" data-ll-item-delay=\"0\"> <div class=\"quickfinder-item-inner\"> <div class=\"quickfinder-item-image\"> <div class=\"quickfinder-item-image-content\" > <div class=\"quickfinder-item-image-wrapper quickfinder-item-picture quickfinder-item-image-shape-circle\"> <img width=\"300\" height=\"250\" src=\"https:\/\/www.artico.com.br\/wp-content\/uploads\/2020\/06\/logo-americanas.png\" class=\"quickfinder-img-size-large wp-post-image\" alt=\"logo-americanas\" srcset=\"https:\/\/www.artico.com.br\/wp-content\/uploads\/2020\/06\/logo-americanas-thegem-person-160.png 1x, https:\/\/www.artico.com.br\/wp-content\/uploads\/2020\/06\/logo-americanas.png 2x\" sizes=\"100vw\" loading=\"lazy\" \/> <\/div> <\/div> <\/div> <div class=\"quickfinder-item-info-wrapper\"> <div class=\"quickfinder-item-info\" > <div class=\"quickfinder-item-title\" >Americanas<\/div> <\/div> <\/div> <\/div> <a href=\"https:\/\/www.americanas.com.br\/busca\/freezer-artico?rc=FREEZER+ARTICO\" target=\"_self\" class=\"quickfinder-item-link\"><\/a> <\/div> <div id=\"post-32448\" class=\"quickfinder-item inline-column col-md-3 col-xs-6 quickfinder-item-effect-image-scale icon-size-large post-32448 thegem_qf_item type-thegem_qf_item status-publish has-post-thumbnail\" data-ll-item-delay=\"0\"> <div class=\"quickfinder-item-inner\"> <div class=\"quickfinder-item-image\"> <div class=\"quickfinder-item-image-content\" > <div class=\"quickfinder-item-image-wrapper quickfinder-item-picture quickfinder-item-image-shape-circle\"> <img width=\"300\" height=\"250\" src=\"https:\/\/www.artico.com.br\/wp-content\/uploads\/2020\/06\/logo-submarino.png\" class=\"quickfinder-img-size-large wp-post-image\" alt=\"logo-submarino\" srcset=\"https:\/\/www.artico.com.br\/wp-content\/uploads\/2020\/06\/logo-submarino-thegem-person-160.png 1x, https:\/\/www.artico.com.br\/wp-content\/uploads\/2020\/06\/logo-submarino.png 2x\" sizes=\"100vw\" loading=\"lazy\" \/> <\/div> <\/div> <\/div> <div class=\"quickfinder-item-info-wrapper\"> <div class=\"quickfinder-item-info\" > <div class=\"quickfinder-item-title\" >Submarino<\/div> <\/div> <\/div> <\/div> <a href=\"https:\/\/www.submarino.com.br\/busca\/freezer-artico\" target=\"_self\" class=\"quickfinder-item-link\"><\/a> <\/div> <div id=\"post-32450\" class=\"quickfinder-item inline-column col-md-3 col-xs-6 quickfinder-item-effect-image-scale icon-size-large post-32450 thegem_qf_item type-thegem_qf_item status-publish has-post-thumbnail\" data-ll-item-delay=\"0\"> <div class=\"quickfinder-item-inner\"> <div class=\"quickfinder-item-image\"> <div class=\"quickfinder-item-image-content\" > <div class=\"quickfinder-item-image-wrapper quickfinder-item-picture quickfinder-item-image-shape-circle\"> <img width=\"300\" height=\"250\" src=\"https:\/\/www.artico.com.br\/wp-content\/uploads\/2020\/06\/logo-shoptime2.png\" class=\"quickfinder-img-size-large wp-post-image\" alt=\"logo-shoptime2\" srcset=\"https:\/\/www.artico.com.br\/wp-content\/uploads\/2020\/06\/logo-shoptime2-thegem-person-160.png 1x, https:\/\/www.artico.com.br\/wp-content\/uploads\/2020\/06\/logo-shoptime2.png 2x\" sizes=\"100vw\" loading=\"lazy\" \/> <\/div> <\/div> <\/div> <div class=\"quickfinder-item-info-wrapper\"> <div class=\"quickfinder-item-info\" > <div class=\"quickfinder-item-title\" >Shoptime<\/div> <\/div> <\/div> <\/div> <a href=\"https:\/\/www.shoptime.com.br\/busca\/freezer-artico\" target=\"_self\" class=\"quickfinder-item-link\"><\/a> <\/div> <div id=\"post-32452\" class=\"quickfinder-item inline-column col-md-3 col-xs-6 quickfinder-item-effect-image-scale icon-size-large post-32452 thegem_qf_item type-thegem_qf_item status-publish has-post-thumbnail\" data-ll-item-delay=\"0\"> <div class=\"quickfinder-item-inner\"> <div class=\"quickfinder-item-image\"> <div class=\"quickfinder-item-image-content\" > <div class=\"quickfinder-item-image-wrapper quickfinder-item-picture quickfinder-item-image-shape-circle\"> <img width=\"300\" height=\"250\" src=\"https:\/\/www.artico.com.br\/wp-content\/uploads\/2020\/06\/logo-mercadolivre.png\" class=\"quickfinder-img-size-large wp-post-image\" alt=\"logo-mercadolivre\" srcset=\"https:\/\/www.artico.com.br\/wp-content\/uploads\/2020\/06\/logo-mercadolivre-thegem-person-160.png 1x, https:\/\/www.artico.com.br\/wp-content\/uploads\/2020\/06\/logo-mercadolivre.png 2x\" sizes=\"100vw\" loading=\"lazy\" \/> <\/div> <\/div> <\/div> <div class=\"quickfinder-item-info-wrapper\"> <div class=\"quickfinder-item-info\" > <div class=\"quickfinder-item-title\" >Mercado Livre<\/div> <\/div> <\/div> <\/div> <a href=\"https:\/\/lista.mercadolivre.com.br\/freezer-artico\" target=\"_self\" class=\"quickfinder-item-link\"><\/a> <\/div> <div id=\"post-33686\" class=\"quickfinder-item inline-column col-md-3 col-xs-6 quickfinder-item-effect-image-scale icon-size-large post-33686 thegem_qf_item type-thegem_qf_item status-publish has-post-thumbnail\" data-ll-item-delay=\"0\"> <div class=\"quickfinder-item-inner\"> <div class=\"quickfinder-item-image\"> <div class=\"quickfinder-item-image-content\" > <div class=\"quickfinder-item-image-wrapper quickfinder-item-picture quickfinder-item-image-shape-circle\"> <img width=\"400\" height=\"400\" src=\"https:\/\/www.artico.com.br\/wp-content\/uploads\/2021\/03\/Amazon-thegem-person.png\" class=\"quickfinder-img-size-large wp-post-image\" alt=\"Amazon\" srcset=\"https:\/\/www.artico.com.br\/wp-content\/uploads\/2021\/03\/Amazon-thegem-person-160.png 1x, https:\/\/www.artico.com.br\/wp-content\/uploads\/2021\/03\/Amazon-thegem-person.png 2x\" sizes=\"100vw\" loading=\"lazy\" \/> <\/div> <\/div> <\/div> <div class=\"quickfinder-item-info-wrapper\"> <div class=\"quickfinder-item-info\" > <div class=\"quickfinder-item-title\" >Amazon<\/div> <\/div> <\/div> <\/div> <a href=\"https:\/\/www.amazon.com.br\/s?k=artico+freezer&#038;i=appliances&#038;__mk_pt_BR=%C3%85M%C3%85%C5%BD%C3%95%C3%91&#038;ref=nb_sb_noss\" target=\"_self\" class=\"quickfinder-item-link\"><\/a> <\/div> <\/div>\r\n\t\r\n\t\t<div class=\"wpb_text_column wpb_content_element  thegem-vc-text thegem-custom-69f34cb978a7c3909\"  >\r\n\t\t\t<div class=\"wpb_wrapper\">\r\n\t\t\t\t<style>.page-title-block{background-color: #FFFFFF!important;padding-top: 30px !important;padding-bottom: 30px !important;}#page-title h1{font-size: 30px !important;color: #000000 !important;}<\/style>\n\r\n\t\t\t<\/div>\r\n\t\t<\/div>\r\n\t\r\n<\/div><\/div><\/div><\/div>","protected":false},"excerpt":{"rendered":"","protected":false},"author":1,"featured_media":0,"parent":0,"menu_order":0,"comment_status":"closed","ping_status":"closed","template":"","meta":[],"yoast_head":"<!-- This site is optimized with the Yoast SEO plugin v18.3 - https:\/\/yoast.com\/wordpress\/plugins\/seo\/ -->\n<title>Encontre-nos - \u00c1rtico Ind\u00fastria de Refrigera\u00e7\u00e3o<\/title>\n<meta name=\"robots\" content=\"index, follow, max-snippet:-1, max-image-preview:large, max-video-preview:-1\" \/>\n<link rel=\"canonical\" href=\"http:\/\/www.artico.com.br\/en\/encontre-nos\/\" \/>\n<meta property=\"og:locale\" content=\"en_US\" \/>\n<meta property=\"og:type\" content=\"article\" \/>\n<meta property=\"og:title\" content=\"Encontre-nos - \u00c1rtico Ind\u00fastria de Refrigera\u00e7\u00e3o\" \/>\n<meta property=\"og:url\" content=\"http:\/\/www.artico.com.br\/en\/encontre-nos\/\" \/>\n<meta property=\"og:site_name\" content=\"\u00c1rtico Ind\u00fastria de Refrigera\u00e7\u00e3o\" \/>\n<meta property=\"article:publisher\" content=\"https:\/\/pt-br.facebook.com\/articoindustriaderefrigeracao\" \/>\n<meta property=\"article:modified_time\" content=\"2025-01-16T17:55:30+00:00\" \/>\n<meta name=\"twitter:card\" content=\"summary_large_image\" \/>\n<script type=\"application\/ld+json\" class=\"yoast-schema-graph\">{\"@context\":\"https:\/\/schema.org\",\"@graph\":[{\"@type\":\"Organization\",\"@id\":\"https:\/\/www.artico.com.br\/es\/#organization\",\"name\":\"\u00c1rtico Ind\u00fastria de Refrigera\u00e7\u00e3o - A arte de expor e conservar\",\"url\":\"https:\/\/www.artico.com.br\/es\/\",\"sameAs\":[\"https:\/\/pt-br.facebook.com\/articoindustriaderefrigeracao\",\"https:\/\/www.instagram.com\/artico.refrigeracao\",\"https:\/\/br.linkedin.com\/company\/articoindrefrigeracao\"],\"logo\":{\"@type\":\"ImageObject\",\"@id\":\"https:\/\/www.artico.com.br\/es\/#logo\",\"inLanguage\":\"en-US\",\"url\":\"https:\/\/www.artico.com.br\/wp-content\/uploads\/2021\/04\/logo.png\",\"contentUrl\":\"https:\/\/www.artico.com.br\/wp-content\/uploads\/2021\/04\/logo.png\",\"width\":265,\"height\":265,\"caption\":\"\u00c1rtico Ind\u00fastria de Refrigera\u00e7\u00e3o - A arte de expor e conservar\"},\"image\":{\"@id\":\"https:\/\/www.artico.com.br\/es\/#logo\"}},{\"@type\":\"WebSite\",\"@id\":\"https:\/\/www.artico.com.br\/es\/#website\",\"url\":\"https:\/\/www.artico.com.br\/es\/\",\"name\":\"\u00c1rtico Ind\u00fastria de Refrigera\u00e7\u00e3o\",\"description\":\"A arte de expor e conservar\",\"publisher\":{\"@id\":\"https:\/\/www.artico.com.br\/es\/#organization\"},\"potentialAction\":[{\"@type\":\"SearchAction\",\"target\":{\"@type\":\"EntryPoint\",\"urlTemplate\":\"https:\/\/www.artico.com.br\/es\/?s={search_term_string}\"},\"query-input\":\"required name=search_term_string\"}],\"inLanguage\":\"en-US\"},{\"@type\":\"WebPage\",\"@id\":\"https:\/\/www.artico.com.br\/encontre-nos\/#webpage\",\"url\":\"https:\/\/www.artico.com.br\/encontre-nos\/\",\"name\":\"Encontre-nos - \u00c1rtico Ind\u00fastria de Refrigera\u00e7\u00e3o\",\"isPartOf\":{\"@id\":\"https:\/\/www.artico.com.br\/es\/#website\"},\"datePublished\":\"2020-07-09T19:37:33+00:00\",\"dateModified\":\"2025-01-16T17:55:30+00:00\",\"breadcrumb\":{\"@id\":\"https:\/\/www.artico.com.br\/encontre-nos\/#breadcrumb\"},\"inLanguage\":\"en-US\",\"potentialAction\":[{\"@type\":\"ReadAction\",\"target\":[\"https:\/\/www.artico.com.br\/encontre-nos\/\"]}]},{\"@type\":\"BreadcrumbList\",\"@id\":\"https:\/\/www.artico.com.br\/encontre-nos\/#breadcrumb\",\"itemListElement\":[{\"@type\":\"ListItem\",\"position\":1,\"name\":\"In\u00edcio\",\"item\":\"https:\/\/www.artico.com.br\/es\/\"},{\"@type\":\"ListItem\",\"position\":2,\"name\":\"Encontre-nos\"}]}]}<\/script>\n<!-- \/ Yoast SEO plugin. -->","yoast_head_json":{"title":"Encontre-nos - \u00c1rtico Ind\u00fastria de Refrigera\u00e7\u00e3o","robots":{"index":"index","follow":"follow","max-snippet":"max-snippet:-1","max-image-preview":"max-image-preview:large","max-video-preview":"max-video-preview:-1"},"canonical":"http:\/\/www.artico.com.br\/en\/encontre-nos\/","og_locale":"en_US","og_type":"article","og_title":"Encontre-nos - \u00c1rtico Ind\u00fastria de Refrigera\u00e7\u00e3o","og_url":"http:\/\/www.artico.com.br\/en\/encontre-nos\/","og_site_name":"\u00c1rtico Ind\u00fastria de Refrigera\u00e7\u00e3o","article_publisher":"https:\/\/pt-br.facebook.com\/articoindustriaderefrigeracao","article_modified_time":"2025-01-16T17:55:30+00:00","twitter_card":"summary_large_image","schema":{"@context":"https:\/\/schema.org","@graph":[{"@type":"Organization","@id":"https:\/\/www.artico.com.br\/es\/#organization","name":"\u00c1rtico Ind\u00fastria de Refrigera\u00e7\u00e3o - A arte de expor e conservar","url":"https:\/\/www.artico.com.br\/es\/","sameAs":["https:\/\/pt-br.facebook.com\/articoindustriaderefrigeracao","https:\/\/www.instagram.com\/artico.refrigeracao","https:\/\/br.linkedin.com\/company\/articoindrefrigeracao"],"logo":{"@type":"ImageObject","@id":"https:\/\/www.artico.com.br\/es\/#logo","inLanguage":"en-US","url":"https:\/\/www.artico.com.br\/wp-content\/uploads\/2021\/04\/logo.png","contentUrl":"https:\/\/www.artico.com.br\/wp-content\/uploads\/2021\/04\/logo.png","width":265,"height":265,"caption":"\u00c1rtico Ind\u00fastria de Refrigera\u00e7\u00e3o - A arte de expor e conservar"},"image":{"@id":"https:\/\/www.artico.com.br\/es\/#logo"}},{"@type":"WebSite","@id":"https:\/\/www.artico.com.br\/es\/#website","url":"https:\/\/www.artico.com.br\/es\/","name":"\u00c1rtico Ind\u00fastria de Refrigera\u00e7\u00e3o","description":"A arte de expor e conservar","publisher":{"@id":"https:\/\/www.artico.com.br\/es\/#organization"},"potentialAction":[{"@type":"SearchAction","target":{"@type":"EntryPoint","urlTemplate":"https:\/\/www.artico.com.br\/es\/?s={search_term_string}"},"query-input":"required name=search_term_string"}],"inLanguage":"en-US"},{"@type":"WebPage","@id":"https:\/\/www.artico.com.br\/encontre-nos\/#webpage","url":"https:\/\/www.artico.com.br\/encontre-nos\/","name":"Encontre-nos - \u00c1rtico Ind\u00fastria de Refrigera\u00e7\u00e3o","isPartOf":{"@id":"https:\/\/www.artico.com.br\/es\/#website"},"datePublished":"2020-07-09T19:37:33+00:00","dateModified":"2025-01-16T17:55:30+00:00","breadcrumb":{"@id":"https:\/\/www.artico.com.br\/encontre-nos\/#breadcrumb"},"inLanguage":"en-US","potentialAction":[{"@type":"ReadAction","target":["https:\/\/www.artico.com.br\/encontre-nos\/"]}]},{"@type":"BreadcrumbList","@id":"https:\/\/www.artico.com.br\/encontre-nos\/#breadcrumb","itemListElement":[{"@type":"ListItem","position":1,"name":"In\u00edcio","item":"https:\/\/www.artico.com.br\/es\/"},{"@type":"ListItem","position":2,"name":"Encontre-nos"}]}]}},"_links":{"self":[{"href":"http:\/\/www.artico.com.br\/en\/wp-json\/wp\/v2\/pages\/33042"}],"collection":[{"href":"http:\/\/www.artico.com.br\/en\/wp-json\/wp\/v2\/pages"}],"about":[{"href":"http:\/\/www.artico.com.br\/en\/wp-json\/wp\/v2\/types\/page"}],"author":[{"embeddable":true,"href":"http:\/\/www.artico.com.br\/en\/wp-json\/wp\/v2\/users\/1"}],"replies":[{"embeddable":true,"href":"http:\/\/www.artico.com.br\/en\/wp-json\/wp\/v2\/comments?post=33042"}],"version-history":[{"count":6,"href":"http:\/\/www.artico.com.br\/en\/wp-json\/wp\/v2\/pages\/33042\/revisions"}],"predecessor-version":[{"id":34840,"href":"http:\/\/www.artico.com.br\/en\/wp-json\/wp\/v2\/pages\/33042\/revisions\/34840"}],"wp:attachment":[{"href":"http:\/\/www.artico.com.br\/en\/wp-json\/wp\/v2\/media?parent=33042"}],"curies":[{"name":"wp","href":"https:\/\/api.w.org\/{rel}","templated":true}]}}